{"id":2188,"date":"2025-10-12T12:22:46","date_gmt":"2025-10-12T12:22:46","guid":{"rendered":"https:\/\/agencechance.com\/?page_id=2188"},"modified":"2025-10-19T14:35:10","modified_gmt":"2025-10-19T14:35:10","slug":"cookies","status":"publish","type":"page","link":"https:\/\/agencechance.com\/en\/cookies\/","title":{"rendered":"Gestion de cookies"},"content":{"rendered":"<div data-elementor-type=\"wp-page\" data-elementor-id=\"2188\" class=\"elementor elementor-2188\">\n\t\t\t\t<div class=\"elementor-element elementor-element-7b808759 twbb_section e-flex e-con-boxed e-con e-parent\" data-id=\"7b808759\" data-element_type=\"container\">\n\t\t\t\t\t<div class=\"e-con-inner\">\n\t\t\t\t<div class=\"elementor-element elementor-element-1643ccfd elementor-widget__width-initial elementor-widget-mobile__width-inherit elementor-widget-tablet__width-initial elementor-invisible elementor-widget elementor-widget-heading\" data-id=\"1643ccfd\" data-element_type=\"widget\" data-settings=\"{&quot;_animation&quot;:&quot;fadeInUp&quot;}\" data-widget_type=\"heading.default\">\n\t\t\t\t<div class=\"elementor-widget-container\">\n\t\t\t\t\t<h1 class=\"elementor-heading-title elementor-size-default\">Gestion de cookies<\/h1>\t\t\t\t<\/div>\n\t\t\t\t<\/div>\n\t\t\t\t<div class=\"elementor-element elementor-element-44e9c370 elementor-widget__width-initial elementor-widget-mobile__width-inherit elementor-widget-tablet__width-initial elementor-invisible elementor-widget elementor-widget-text-editor\" data-id=\"44e9c370\" data-element_type=\"widget\" data-settings=\"{&quot;_animation&quot;:&quot;fadeInUp&quot;}\" data-widget_type=\"text-editor.default\">\n\t\t\t\t<div class=\"elementor-widget-container\">\n\t\t\t\t\t\t\t\t\t<p>Lors de votre connexion \u00e0 notre site Internet, AGENCE CHANCE peut installer diff\u00e9rents cookies sur votre terminal. Certains cookies sont soumis \u00e0 votre consentement pr\u00e9alable et ne seront d\u00e9pos\u00e9s que si vous les avez pr\u00e9alablement accept\u00e9s. Pour assurer, \u00e0 votre \u00e9gard, la transparence des donn\u00e9es personnelles que nous collectons et traitons, nous vous expliquons, \u00e0 travers cette politique relative aux cookies, ce qu\u2019est un cookie, quels types de cookie sont utilis\u00e9s, pour quel but, quels sont les destinataires des donn\u00e9es ainsi collect\u00e9es et quels sont les moyens dont vous disposez pour g\u00e9rer ces cookies.<\/p><h2>D\u00e9finitions<\/h2><p>Un cookie est un petit fichier texte stock\u00e9 sur le disque dur du terminal (ordinateur, tablette, smartphone, console de jeux connect\u00e9e \u00e0 internet, etc.) d\u2019un internaute lors de la consultation d\u2019un site internet, d\u2019une publicit\u00e9, de la lecture d\u2019un email, de l\u2019installation ou de l\u2019utilisation d\u2019un logiciel ou d\u2019une application mobile et ce, quel que soit le type de terminal utilis\u00e9. Lorsque vous vous connectez \u00e0 un site internet ou que vous naviguez sur une application mobile, un cookie peut \u00eatre transmis \u00e0 votre navigateur par le site ou l\u2019application consult\u00e9(e). Votre navigateur web le conservera pendant une certaine dur\u00e9e, et le renverra au serveur web \u00e0 chaque nouvelle connexion.<\/p><h2>1. Nos engagements<\/h2><p>AGENCE CHANCE utilise la m\u00eame solution open source utilis\u00e9e par la CNIL, tarteaucitron.js, pour g\u00e9rer le recueil des consentements ou refus au d\u00e9p\u00f4t ou \u00e0 la lecture des cookies et respecter votre droit au retrait du consentement. Cette solution est h\u00e9berg\u00e9e sur les serveurs de notre H\u00e9bergeur et est r\u00e9guli\u00e8rement mise \u00e0 jour par nos services.<br \/>Soucieux de respecter votre vie priv\u00e9e, AGENCE CHANCE tient \u00e0 vous rassurer : le simple fait de se rendre sur notre site Internet (page d\u2019accueil ou directement sur une autre page du site \u00e0 partir d\u2019un moteur de recherche par exemple) et de poursuivre ou non sa navigation ne vaut pas acceptation et n\u2019entra\u00eene pas l\u2019installation de Cookies soumis \u00e0 votre consentement pr\u00e9alable. Tant que vous ne les avez pas accept\u00e9s, aucun cookie soumis au consentement pr\u00e9alable ne sera d\u00e9pos\u00e9 ou lu sur votre terminal. Le refus de donner votre consentement ou l\u2019absence de choix n\u2019emp\u00eachent pas l\u2019acc\u00e8s \u00e0 notre site Internet.<\/p><h2>2. Quelle est la dur\u00e9e de mon choix (consentement ou refus) ?<\/h2><p>Nous avons conscience que le consentement \u00e0 \u00ab \u00eatre suivi \u00bb peut \u00eatre oubli\u00e9 par les personnes qui l\u2019ont manifest\u00e9 \u00e0 un instant donn\u00e9. Pour cette raison, votre choix \u00e0 l\u2019installation de cookies est valable 6 mois apr\u00e8s le premier d\u00e9p\u00f4t dans votre terminal. A l\u2019expiration de ce d\u00e9lai, votre choix sera \u00e0 nouveau demand\u00e9. Par ailleurs, vous pouvez \u00e0 tout moment revenir sur votre choix en vous rendant sur la page Gestion des cookies pr\u00e9sente en bas de chaque page de notre site Internet.<\/p><h2>3. Quels sont les cookies utilis\u00e9s ?<\/h2><p>Diff\u00e9rents types de cookies sont d\u00e9pos\u00e9s sur le site :<\/p><ul><li><strong>Cookies techniques n\u00e9cessaires au bon fonctionnement du site<\/strong><br \/>Ces cookies sont strictement n\u00e9cessaires au fonctionnement du Site et\/ou \u00e0 la fourniture d\u2019un service express\u00e9ment demand\u00e9 par l\u2019utilisateur. Ils ne sont pas d\u00e9sactivables par d\u00e9faut. Les donn\u00e9es collect\u00e9es par ces cookies sont conserv\u00e9es pour la dur\u00e9e de votre session.<\/li><li><strong>Autres cookies :<\/strong><br \/>La base juridique pour tous les cookies suivants est votre consentement pr\u00e9alable. Lors de votre premi\u00e8re visite sur le Site, un bandeau vous informe de la pr\u00e9sence de ces cookies et vous invite \u00e0 indiquer votre choix. Ils ne sont d\u00e9pos\u00e9s que si vous les acceptez.<\/li><li><strong>Cookies de mesure d\u2019audience<\/strong><br \/>Les cookies de mesure d\u2019audience permettent \u00e0 AGENCE CHANCE de comprendre la fa\u00e7on dont les visiteurs acc\u00e8dent \u00e0 notre site Internet et d\u2019obtenir des statistiques relatives \u00e0 leur parcours de navigation afin d\u2019en optimiser l\u2019ergonomie, le contenu, etc.<\/li><li><strong>Cookies publicitaires<\/strong><br \/>Les cookies publicitaires permettent \u00e0 AGENCE CHANCE d\u2019afficher les publicit\u00e9s les plus pertinentes et les plus adapt\u00e9es \u00e0 vos centres d\u2019int\u00e9r\u00eat en fonction de votre historique de navigation. Les donn\u00e9es collect\u00e9es par ces cookies sont conserv\u00e9es pour la dur\u00e9e de 12 mois.<\/li><li><strong>R\u00e9seaux sociaux et vid\u00e9o<\/strong><br \/>Les cookies qui sont d\u00e9pos\u00e9s via les boutons r\u00e9seaux sociaux ont pour finalit\u00e9 de permettre aux utilisateurs du site de faciliter le partage de contenu et d\u2019am\u00e9liorer la convivialit\u00e9.<br \/>Ces boutons r\u00e9seaux sociaux utilisent des cookies directement d\u00e9pos\u00e9s par les fournisseurs de services tiers pr\u00e9cit\u00e9s afin de tracer la navigation des internautes que vous soyez utilisateurs de ces plateformes ou non et que vous soyez connect\u00e9s ou non au r\u00e9seau social lors de votre navigation. Les donn\u00e9es collect\u00e9es par ces cookies permettent \u00e9galement de cibler les offres publicitaires sur ces plateformes (Voir \u00abCookies publicitaires\u00bb).<br \/>Nous vous informons que AGENCE CHANCE ne collecte aucune donn\u00e9e par l\u2019interm\u00e9diaire de ces cookies mais permet \u00e0 ces tiers, via l\u2019installation de ces fonctionnalit\u00e9s sur son Site, de collecter des donn\u00e9es sur les visiteurs du Site.<\/li><\/ul><h2>4. A qui sont destin\u00e9es les donn\u00e9es collect\u00e9es par les cookies utilis\u00e9s ?<\/h2><p>Seuls ont acc\u00e8s \u00e0 vos donn\u00e9es personnelles, dans la limite de leurs attributions respectives :<\/p><ul><li>Les services habilit\u00e9s de AGENCE CHANCE ;<\/li><li>Les prestataires agissant en qualit\u00e9 de sous-traitant ;<\/li><li>Les partenaires autoris\u00e9s de AGENCE CHANCE ;<\/li><li>Les tiers agissant en qualit\u00e9 de responsables de traitement conjoints : les plateformes et r\u00e9seaux sociaux pr\u00e9cit\u00e9s (Facebook, Twitter, LinkedIn, YouTube, etc.) ont acc\u00e8s \u00e0 votre historique de navigation sur notre Site lorsque vous l\u2019acceptez par le biais de notre bandeau cookie. Nous vous informons que ces responsables de traitement conjoints sont seuls responsables des \u00e9ventuels transferts et traitements de donn\u00e9es r\u00e9alis\u00e9s au sein et\/ou hors de l\u2019Espace Economique Europ\u00e9en par le biais des cookies r\u00e9seaux sociaux. Pour plus d\u2019informations sur les modalit\u00e9s des traitements de donn\u00e9es r\u00e9alis\u00e9s par ces tiers, veuillez-vous reportez-vous \u00e0 leurs Politiques de confidentialit\u00e9.<\/li><\/ul><p>AGENCE CHANCE peut \u00e9galement \u00eatre tenue de partager vos donn\u00e9es personnelles si cela est n\u00e9cessaire \u00e0 la sauvegarde de vos int\u00e9r\u00eats vitaux ou ceux d\u2019une autre personne physique, ou au respect d\u2019une obligation l\u00e9gale \u00e0 laquelle elle est soumise ainsi que pour la constatation, l\u2019exercice ou la d\u00e9fense de droits en justice.<\/p><h2>5. Comment exercer vos droits RGPD ?<\/h2><p>Vous disposez du droit de retirer votre consentement au d\u00e9p\u00f4t et\/ou \u00e0 la lecture des cookies soumis \u00e0 votre consentement pr\u00e9alable \u00e0 tout moment \u00e0 partir de notre outil de gestion des cookies accessible depuis chaque page du Site. Conform\u00e9ment \u00e0, et dans les limites des dispositions l\u00e9gales applicables, vous disposez du droit d\u2019acc\u00e9der aux donn\u00e9es vous concernant ou de demander leur effacement. Vous disposez \u00e9galement d\u2019un droit d\u2019opposition, d\u2019un droit de rectification, d\u2019un droit \u00e0 la limitation du traitement de vos donn\u00e9es, d\u2019un droit \u00e0 la portabilit\u00e9 de vos donn\u00e9es ainsi que du droit de d\u00e9finir des directives relatives au sort de vos donn\u00e9es \u00e0 caract\u00e8re personnel apr\u00e8s votre d\u00e9c\u00e8s (cf. <a href=\"https:\/\/www.cnil.fr\" target=\"_blank\" rel=\"noopener\">www.cnil.fr<\/a> pour plus d\u2019informations sur vos droits).<\/p><p>Pour exercer l\u2019un de vos droits, adressez votre demande \u00e0 :<\/p><ul><li>mail : agence.chance.france@gmail.com<\/li><li>Adresse postale : AGENCE CHANCE 231 rue Saint Honor\u00e9 75001 Paris<\/li><\/ul><p>Toute demande doit pr\u00e9ciser, en objet, le motif de la demande (exercice du droit d\u2019acc\u00e8s, d\u2019opposition, etc.). La demande doit \u00e9galement \u00eatre accompagn\u00e9e d\u2019un justificatif d\u2019identit\u00e9 et pr\u00e9ciser l\u2019adresse \u00e0 laquelle doit parvenir la r\u00e9ponse.<br \/>AGENCE CHANCE vous adressera sa r\u00e9ponse dans un d\u00e9lai maximum d\u2019un (1) mois, \u00e0 compter de la date de r\u00e9ception de votre demande. Ce d\u00e9lai peut toutefois \u00eatre prolong\u00e9 de deux (2) mois en raison de la complexit\u00e9 et du nombre de demandes.<br \/>Si vous estimez, apr\u00e8s avoir contact\u00e9 AGENCE CHANCE, que vos droits Informatique et Libert\u00e9s ne sont pas respect\u00e9s, vous pouvez adresser une r\u00e9clamation \u00e0 la CNIL.<\/p>\t\t\t\t\t\t\t\t<\/div>\n\t\t\t\t<\/div>\n\t\t\t\t\t<\/div>\n\t\t\t\t<\/div>\n\t\t\t\t<\/div>","protected":false},"excerpt":{"rendered":"<p>Gestion de cookies Lors de votre connexion \u00e0 notre site Internet, AGENCE CHANCE peut installer diff\u00e9rents cookies sur votre terminal. Certains cookies sont soumis \u00e0 votre consentement pr\u00e9alable et ne seront d\u00e9pos\u00e9s que si vous les avez pr\u00e9alablement accept\u00e9s. Pour assurer, \u00e0 votre \u00e9gard, la transparence des donn\u00e9es personnelles que nous collectons et traitons, nous [&hellip;]<\/p>\n","protected":false},"author":4,"featured_media":0,"parent":0,"menu_order":0,"comment_status":"closed","ping_status":"closed","template":"","meta":{"footnotes":""},"class_list":["post-2188","page","type-page","status-publish","hentry"],"rttpg_featured_image_url":null,"rttpg_author":{"display_name":"tulumbasov.denis00@mail.ru","author_link":"https:\/\/agencechance.com\/en\/blog\/author\/tulumbasov-denis00mail-ru\/"},"rttpg_comment":0,"rttpg_category":null,"rttpg_excerpt":"Gestion de cookies Lors de votre connexion \u00e0 notre site Internet, AGENCE CHANCE peut installer diff\u00e9rents cookies sur votre terminal. Certains cookies sont soumis \u00e0 votre consentement pr\u00e9alable et ne seront d\u00e9pos\u00e9s que si vous les avez pr\u00e9alablement accept\u00e9s. Pour assurer, \u00e0 votre \u00e9gard, la transparence des donn\u00e9es personnelles que nous collectons et traitons, nous&hellip;","_links":{"self":[{"href":"https:\/\/agencechance.com\/en\/wp-json\/wp\/v2\/pages\/2188","targetHints":{"allow":["GET"]}}],"collection":[{"href":"https:\/\/agencechance.com\/en\/wp-json\/wp\/v2\/pages"}],"about":[{"href":"https:\/\/agencechance.com\/en\/wp-json\/wp\/v2\/types\/page"}],"author":[{"embeddable":true,"href":"https:\/\/agencechance.com\/en\/wp-json\/wp\/v2\/users\/4"}],"replies":[{"embeddable":true,"href":"https:\/\/agencechance.com\/en\/wp-json\/wp\/v2\/comments?post=2188"}],"version-history":[{"count":0,"href":"https:\/\/agencechance.com\/en\/wp-json\/wp\/v2\/pages\/2188\/revisions"}],"wp:attachment":[{"href":"https:\/\/agencechance.com\/en\/wp-json\/wp\/v2\/media?parent=2188"}],"curies":[{"name":"wp","href":"https:\/\/api.w.org\/{rel}","templated":true}]}}