{"id":2195,"date":"2025-10-12T12:29:47","date_gmt":"2025-10-12T12:29:47","guid":{"rendered":"https:\/\/agencechance.com\/?page_id=2195"},"modified":"2025-10-19T14:35:27","modified_gmt":"2025-10-19T14:35:27","slug":"rgpd","status":"publish","type":"page","link":"https:\/\/agencechance.com\/en\/rgpd\/","title":{"rendered":"RGPD"},"content":{"rendered":"<div data-elementor-type=\"wp-page\" data-elementor-id=\"2195\" class=\"elementor elementor-2195\">\n\t\t\t\t<div class=\"elementor-element elementor-element-4357b779 twbb_section e-flex e-con-boxed e-con e-parent\" data-id=\"4357b779\" data-element_type=\"container\">\n\t\t\t\t\t<div class=\"e-con-inner\">\n\t\t\t\t<div class=\"elementor-element elementor-element-1a03b2cf elementor-widget__width-initial elementor-widget-mobile__width-inherit elementor-widget-tablet__width-initial elementor-invisible elementor-widget elementor-widget-heading\" data-id=\"1a03b2cf\" data-element_type=\"widget\" data-settings=\"{&quot;_animation&quot;:&quot;fadeInUp&quot;}\" data-widget_type=\"heading.default\">\n\t\t\t\t<div class=\"elementor-widget-container\">\n\t\t\t\t\t<h1 class=\"elementor-heading-title elementor-size-default\">RGPD<\/h1>\t\t\t\t<\/div>\n\t\t\t\t<\/div>\n\t\t\t\t<div class=\"elementor-element elementor-element-7619612d elementor-widget__width-initial elementor-widget-mobile__width-inherit elementor-widget-tablet__width-initial elementor-invisible elementor-widget elementor-widget-text-editor\" data-id=\"7619612d\" data-element_type=\"widget\" data-settings=\"{&quot;_animation&quot;:&quot;fadeInUp&quot;}\" data-widget_type=\"text-editor.default\">\n\t\t\t\t<div class=\"elementor-widget-container\">\n\t\t\t\t\t\t\t\t\t<h2>D\u00e9finitions<\/h2><p>Client : tout professionnel ou personne physique capable au sens des articles 1123 et suivants du Code civil, ou personne morale, qui visite le Site objet des pr\u00e9sentes conditions g\u00e9n\u00e9rales.<br \/>Prestations et Services : AGENCE CHANCE met \u00e0 disposition des Clients :<br \/>Contenu : Ensemble des \u00e9l\u00e9ments constituants l\u2019information pr\u00e9sente sur le Site, notamment textes \u2013 images \u2013 vid\u00e9os.<br \/>Informations clients : Ci apr\u00e8s d\u00e9nomm\u00e9 \u00ab Information (s) \u00bb qui correspondent \u00e0 l\u2019ensemble des donn\u00e9es personnelles susceptibles d\u2019\u00eatre d\u00e9tenues par AGENCE CHANCE pour la gestion de votre compte, de la gestion de la relation client et \u00e0 des fins d\u2019analyses et de statistiques.<br \/>Utilisateur : Internaute se connectant, utilisant le site susnomm\u00e9.<br \/>Informations personnelles : \u00ab Les informations qui permettent, sous quelque forme que ce soit, directement ou non, l\u2019identification des personnes physiques auxquelles elles s\u2019appliquent \u00bb (article 4 de la loi n\u00b0 78-17 du 6 janvier 1978).<br \/>Les termes \u00ab donn\u00e9es \u00e0 caract\u00e8re personnel \u00bb, \u00ab personne concern\u00e9e \u00bb, \u00ab sous traitant \u00bb et \u00ab donn\u00e9es sensibles \u00bb ont le sens d\u00e9fini par le R\u00e8glement G\u00e9n\u00e9ral sur la Protection des Donn\u00e9es (RGPD : n\u00b0 2016-679)<\/p><h2>1. Pr\u00e9sentation du site internet<\/h2><p>En vertu de l\u2019article 6 de la loi n\u00b0 2004-575 du 21 juin 2004 pour la confiance dans l\u2019\u00e9conomie num\u00e9rique, il est pr\u00e9cis\u00e9 aux utilisateurs du site internetagencechance.com l\u2019identit\u00e9 des diff\u00e9rents intervenants dans le cadre de sa r\u00e9alisation et de son suivi:<br \/>Propri\u00e9taire : AGENCE CHANCE 231 rue Saint Honor\u00e9 75001 Paris<br \/>Responsable publication : AGENCE CHANCE agence.chance.france@gmail.com<br \/>Le responsable publication est une personne physique.<br \/>Web Designer : Denis Tulumbasov. \u2013 tulumbasov.denis00@mail.ru.<br \/>D\u00e9l\u00e9gu\u00e9 \u00e0 la protection des donn\u00e9es : AGENCE CHANCE \u2013 agence.chance.france@gmail.com<\/p><h2>2. Conditions g\u00e9n\u00e9rales d\u2019utilisation du site et des services propos\u00e9s<\/h2><p>Le Site constitue une \u0153uvre de l\u2019esprit prot\u00e9g\u00e9e par les dispositions du Code de la Propri\u00e9t\u00e9 Intellectuelle et des R\u00e9glementations Internationales applicables.<br \/>Le Client ne peut en aucune mani\u00e8re r\u00e9utiliser, c\u00e9der ou exploiter pour son propre compte tout ou partie des \u00e9l\u00e9ments ou travaux du Site.<br \/>L\u2019utilisation du site agencechance.com implique l\u2019acceptation pleine et enti\u00e8re des conditions g\u00e9n\u00e9rales d\u2019utilisation ci-apr\u00e8s d\u00e9crites. Ces conditions d\u2019utilisation sont susceptibles d\u2019\u00eatre modifi\u00e9es ou compl\u00e9t\u00e9es \u00e0 tout moment, les utilisateurs du site agencechance.com sont donc invit\u00e9s \u00e0 les consulter de mani\u00e8re r\u00e9guli\u00e8re.<br \/>Ce site internet est normalement accessible \u00e0 tout moment aux utilisateurs. Une interruption pour raison de maintenance technique peut \u00eatre toutefois d\u00e9cid\u00e9e par AGENCE CHANCE, qui s\u2019efforcera alors de communiquer pr\u00e9alablement aux utilisateurs les dates et heures de l\u2019intervention.<br \/>Le site webagencechance.com est mis \u00e0 jour r\u00e9guli\u00e8rement par AGENCE CHANCE responsable. De la m\u00eame fa\u00e7on, les mentions l\u00e9gales peuvent \u00eatre modifi\u00e9es \u00e0 tout moment : elles s\u2019imposent n\u00e9anmoins \u00e0 l\u2019utilisateur qui est invit\u00e9 \u00e0 s\u2019y r\u00e9f\u00e9rer le plus souvent possible afin d\u2019en prendre connaissance.<\/p><h2>3. Description des services fournis<\/h2><p>Le site internetagencechance.com a pour objet de fournir une information concernant l\u2019ensemble des activit\u00e9s de la soci\u00e9t\u00e9.<br \/>AGENCE CHANCE s\u2019efforce de fournir sur le site agencechance.com des informations aussi pr\u00e9cises que possible. Toutefois, il ne pourra \u00eatre tenu responsable des oublis, des inexactitudes et des carences dans la mise \u00e0 jour, qu\u2019elles soient de son fait ou du fait des tiers partenaires qui lui fournissent ces informations.<br \/>Toutes les informations indiqu\u00e9es sur le site agencechance.com sont donn\u00e9es \u00e0 titre indicatif, et sont susceptibles d\u2019\u00e9voluer. Par ailleurs, les renseignements figurant sur le site agencechance.com ne sont pas exhaustifs. Ils sont donn\u00e9s sous r\u00e9serve de modifications ayant \u00e9t\u00e9 apport\u00e9es depuis leur mise en ligne.<\/p><h2>4. Propri\u00e9t\u00e9 intellectuelle et contrefa\u00e7ons<\/h2><p>AGENCE CHANCE est propri\u00e9taire des droits de propri\u00e9t\u00e9 intellectuelle et d\u00e9tient les droits d\u2019usage sur tous les \u00e9l\u00e9ments accessibles sur le site internet, notamment les textes, images, graphismes, logos, vid\u00e9os, ic\u00f4nes et sons.<br \/>Toute reproduction, repr\u00e9sentation, modification, publication, adaptation de tout ou partie des \u00e9l\u00e9ments du site, quel que soit le moyen ou le proc\u00e9d\u00e9 utilis\u00e9, est interdite, sauf autorisation \u00e9crite pr\u00e9alable de :agencechance.com.<br \/>Les cr\u00e9dits photos proviennent de: AGENCE CHANCE, @xenchik.wed @mila.shoot, @katyaskvortsova, @neiman_wedding @alina.photoshooting_paris, @brv.yana, @bogda_news_france<br \/>Toute exploitation non autoris\u00e9e du site ou de l\u2019un quelconque des \u00e9l\u00e9ments qu\u2019il contient sera consid\u00e9r\u00e9e comme constitutive d\u2019une contrefa\u00e7on et poursuivie conform\u00e9ment aux dispositions des articles L.335-2 et suivants du Code de Propri\u00e9t\u00e9 Intellectuelle.<\/p><h2>5. Limitations de responsabilit\u00e9<\/h2><p>AGENCE CHANCE agit en tant qu\u2019\u00e9diteur du site.agencechance.com est responsable de la qualit\u00e9 et de la v\u00e9racit\u00e9 du contenu qu\u2019il publie.<br \/>AGENCE CHANCE ne pourra \u00eatre tenu responsable des dommages directs et indirects caus\u00e9s au mat\u00e9riel de l\u2019utilisateur, lors de l\u2019acc\u00e8s au site internetagencechance.com, et r\u00e9sultant soit de l\u2019utilisation d\u2019un mat\u00e9riel ne r\u00e9pondant pas aux sp\u00e9cifications indiqu\u00e9es au point 4, soit de l\u2019apparition d\u2019un bug ou d\u2019une incompatibilit\u00e9.<br \/>AGENCE CHANCE ne pourra \u00e9galement \u00eatre tenu responsable des dommages indirects (tels par exemple qu\u2019une perte de march\u00e9 ou perte d\u2019une chance) cons\u00e9cutifs \u00e0 l\u2019utilisation du site .<br \/>Des espaces interactifs (possibilit\u00e9 de poser des questions dans l\u2019espace contact) sont \u00e0 la disposition des utilisateurs.<br \/>AGENCE CHANCE se r\u00e9serve le droit de supprimer, sans mise en demeure pr\u00e9alable, tout contenu d\u00e9pos\u00e9 dans cet espace qui contreviendrait \u00e0 la l\u00e9gislation applicable en France, en particulier aux dispositions relatives \u00e0 la protection des donn\u00e9es. Le cas \u00e9ch\u00e9ant,AGENCE CHANCE se r\u00e9serve \u00e9galement la possibilit\u00e9 de mettre en cause la responsabilit\u00e9 civile et\/ou p\u00e9nale de l\u2019utilisateur, notamment en cas de message \u00e0 caract\u00e8re raciste, injurieux, diffamant, ou pornographique, quel que soit le support utilis\u00e9 (texte, photographie \u2026).<\/p><h2>6. Gestion des donn\u00e9es personnelles<\/h2><p>Le Client est inform\u00e9 des r\u00e9glementations concernant la communication marketing, la loi du 21 Juin 2014 pour la confiance dans l\u2019Economie Num\u00e9rique, la Loi Informatique et Libert\u00e9 du 06 Ao\u00fbt 2004 ainsi que du R\u00e8glement G\u00e9n\u00e9ral sur la Protection des Donn\u00e9es (RGPD : n\u00b0 2016-679).<\/p><h3>7.1 Responsables de la collecte des donnees personnelles<\/h3><p>Pour les Donn\u00e9es Personnelles collect\u00e9es dans le cadre de la cr\u00e9ation du compte personnel de l\u2019Utilisateur et de sa navigation sur le Site, le responsable du traitement des Donn\u00e9es Personnelles est : AGENCE CHANCE agencechance.com est repr\u00e9sent\u00e9 par Mme Tatiana BALDUC sa repr\u00e9sentante l\u00e9gale.<br \/>En tant que responsable du traitement des donn\u00e9es qu\u2019il collecte, AGENCE CHANCE s\u2019engage \u00e0 respecter le cadre des dispositions l\u00e9gales en vigueur. Il lui appartient notamment au Client d\u2019\u00e9tablir les finalit\u00e9s de ses traitements de donn\u00e9es, de fournir \u00e0 ses prospects et clients, \u00e0 partir de la collecte de leurs consentements, une information compl\u00e8te sur le traitement de leurs donn\u00e9es personnelles et de maintenir un registre des traitements conforme \u00e0 la r\u00e9alit\u00e9.<br \/>Chaque fois que AGENCE CHANCE traite des Donn\u00e9es Personnelles, AGENCE CHANCE prend toutes les mesures raisonnables pour s\u2019assurer de l\u2019exactitude et de la pertinence des Donn\u00e9es Personnelles au regard des finalit\u00e9s pour lesquelles AGENCE CHANCE les traite.<\/p><h3>7.2 Finalite des donnees collectees<\/h3><p>AGENCE CHANCE est susceptible de traiter tout ou partie des donn\u00e9es :<\/p><ul><li>pour permettre la navigation sur le Site et la gestion et la tra\u00e7abilit\u00e9 des prestations et services command\u00e9s par l\u2019utilisateur : donn\u00e9es de connexion et d\u2019utilisation du Site, facturation, historique des commandes, etc.<\/li><li>pour pr\u00e9venir et lutter contre la fraude informatique (spamming, hacking\u2026) : mat\u00e9riel informatique utilis\u00e9 pour la navigation, l\u2019adresse IP, le mot de passe (hash\u00e9)<\/li><li>pour am\u00e9liorer la navigation sur le Site : donn\u00e9es de connexion et d\u2019utilisation<\/li><li>pour mener des enqu\u00eates de satisfaction facultatives suragencechance.com : adresse email<\/li><li>pour mener des campagnes de communication (sms, mail) : num\u00e9ro de t\u00e9l\u00e9phone, adresse email<\/li><\/ul><p>AGENCE CHANCE ne commercialise pas vos donn\u00e9es personnelles qui sont donc uniquement utilis\u00e9es par n\u00e9cessit\u00e9 ou \u00e0 des fins statistiques et d\u2019analyses.<\/p><h3>7.3 Droit d'access, de rectification et d'opposition<\/h3><p>Conform\u00e9ment \u00e0 la r\u00e9glementation europ\u00e9enne en vigueur, les Utilisateurs deagencechance.com disposent des droits suivants :<\/p><ul><li>the right of access (article 15 of the RGPD) and rectification (article 16 of the RGPD), mise \u00e0 jour, compl\u00e9tude des donn\u00e9es des Utilisateurs droit de verrouillage ou d'effacement des donn\u00e9es des Utilisateurs \u00e0 caract\u00e8re personnel (article 17 of the RGPD), when they are inexact, incompatible, incomplete, inequivoques, p\u00e9rim\u00e9es, or when collection, utilization, communication or conservation is prohibited.<\/li><li>droit de retirer \u00e0 tout moment un consentement (article 13-2c RGPD)<\/li><li>the right to limit the traitement of Utilisateurs' donations (article 18 RGPD)<\/li><li>droit d'opposition au traitement des donn\u00e9es des Utilisateurs (article 21 RGPD)<\/li><li>right to the portability of donations made by Utilisateurs, if these donations are subject to automated traitements based on their consent or on a contract (Article 20 of the RGPD)<\/li><li>the right to d\u00e9finir the type of the Utilisateurs' donations after their death and to choose to whom AGENCE CHANCE should communicate (or not) its donations to one of the tiers that they are pr\u00e9alable designated.<\/li><\/ul><p>D\u00e8s que AGENCE CHANCE a connaissance du d\u00e9c\u00e8s d'un Utilisateur et \u00e0 d\u00e9faut d'instructions de sa part, AGENCE CHANCE s'engage \u00e0 d\u00e9truire ses donn\u00e9es, sauf si leur conservation s'av\u00e8re n\u00e9cessaire \u00e0 des fins probatoires ou pour r\u00e9pondre \u00e0 une obligation l\u00e9gale.<br \/>If l'Utilisateur wants to know about commentagencechance.com, use its donn\u00e9es personnelles, demander \u00e0 les rectifier ou s'oppose \u00e0 leur traitement, l'Utilisateur peut contacter AGENCE CHANCE par \u00e9crit \u00e0 l'adresse suivante :<br \/>AGENCE CHANCE<br \/>1 square Claude Debussy - 75017 PARIS. Dans ce cas, l'Utilisateur doit indiquer les Donn\u00e9es Personnelles qu'il souhaiterait que AGENCE CHANCE corrige, mette \u00e0 jour ou supprime, en s'identifiant pr\u00e9cis\u00e9ment avec une copie d'une pi\u00e8ce d'identit\u00e9 (carte d'identit\u00e9 ou passeport).<br \/>Les demands de suppression de donn\u00e9es personnelles seront soumises aux obligations qui sont impos\u00e9es \u00e0 AGENCE CHANCE par la loi, notamment en mati\u00e8re de conservation ou d'archivage des documents. Enfin, les Utilisateurs de agencechance.com peuvent d\u00e9poser une r\u00e9clamation aupr\u00e8s des autorit\u00e9s de contr\u00f4le, et notamment de la CNIL (<a href=\"https:\/\/www.cnil.fr\/fr\/plaintes\" target=\"_blank\" rel=\"noopener\">https:\/\/www.cnil.fr\/fr\/plaintes<\/a>).<\/p><h3>7.4 Non-communication des donn\u00e9es personnelles<\/h3><p>AGENCE CHANCE is not permitted to trace, h\u00e9berger or transfer information collected on its Clients in countries located outside the European Union or reconnected as \u00abnon-adverse\u00bb by the European Commission without informing the Client in any way. Pour autant, AGENCE CHANCE remains free to choose its sous-traitants techniques and commercial activities under the condition that it offers guarantees suffisant to the exigencies of the R\u00e9glement G\u00e9n\u00e9ral sur la Protection des Donn\u00e9es (RGPD : n\u00b0 2016-679).<br \/>AGENCE CHANCE is committed to implementing all necessary procedures to ensure the security of the Information and notably that it is not communicated to non-authorized persons. However, if an incident affecting the security or confidentiality of the Client's Information is brought to the attention of AGENCE CHANCE, AGENCE CHANCE will inform the Client in the best possible way and communicate the corrective measures. AGENCE CHANCE does not collect any \u00abdonn\u00e9es sensibles\u00bb.<br \/>Les Donn\u00e9es Personnelles de l'Utilisateur peuvent \u00eatre trait\u00e9es par des filiales de AGENCE CHANCE et des sous-traitants (prestataires de services), exclusively afin de r\u00e9aliser les finalit\u00e9s de la pr\u00e9sente politique.<br \/>Within the limits of their attributions and for the finalit\u00e9s rappel\u00e9es ci-dessus, the principal persons susceptible to acc\u00e8s to the donn\u00e9es of the Utilisateurs deagencechance.com are mainly the agents of our service client.<\/p><h2>8. notification d'incident<\/h2><p>Quels que soient les efforts fournis, aucune m\u00e9thode de transmission sur Internet et aucune m\u00e9thode de stockage \u00e9lectronique n'est compl\u00e8tement s\u00fbre. Nous ne pouvons en cons\u00e9quence pas garantir une s\u00e9curit\u00e9 absolue.<br \/>If we are aware of a security risk, we avert the users' concerns because they are unable to provide appropriate measures. Our incident notification procedures are in line with our legal obligations, as they are located at the national or European level. Nous nous engageons \u00e0 informer pleinement nos clients of all questions relevant to the security of their compte and \u00e0 leur fournir toutes les informations n\u00e9cessaires pour les aider \u00e0 respecter leurs propres obligations r\u00e9glementaires en mati\u00e8re de reporting.<br \/>None of the personal information of the user of the site agencechance.com is published on the user's premises, published, transmitted, transf\u00e9r\u00e9e, c\u00e9d\u00e9e or sold on a support quelconque \u00e0 des tiers. Sele l'hypoth\u00e8se du rachat deagencechance.com et de ses droits permettrait la transmission of these informations to the acquaintance who was on his tour tenu de la m\u00eame obligation de conservation et de modification des donn\u00e9es vis \u00e0 vis de l'utilisateur du site agencechance.com.<\/p><h3>Security<\/h3><p>To ensure the security and confidentiality of the Personnel Donations and the Personnel Donations of Sant\u00e9, agencechance.com uses r\u00e9seaux protected by standards such as pare-feu, pseudonymization, encryption and passe motif.<br \/>Lors du traitement des Donn\u00e9es Personnelles, agencechance.comprend toutes les mesures raisonnables visant \u00e0 les prot\u00e9ger contre toute perte, utilization d\u00e9tourn\u00e9e, acc\u00e8s non autoris\u00e9, divulgation, alt\u00e9ration ou destruction.<\/p><h2>9. Liens hypertextes \u00ab cookies \u00bb et balises (\u201ctags\u201d) internet<\/h2><p>Le site agencechance.com contient un certain nombre de liens hypertextes vers d'autres sites, mis en place avec l'autorization de agencechance.com. Cependant, agencechance.com is not a pas la possibilit\u00e9 de v\u00e9rifier le contenu des sites ainsi visited, et n'assumera en cons\u00e9quence aucune responsabilit\u00e9 de ce fait.<br \/>Sauf si vous d\u00e9cidez de d\u00e9sactiver les cookies, vous acceptez que le site puisse les utilizers. Vous pouvez \u00e0 tout moment d\u00e9sactiver ces cookies et ce gratuit\u00e9ment \u00e0 partir des possibilit\u00e9s de d\u00e9sactivation qui vous sont offertes et rappel\u00e9es ci-apr\u00e8s, sachant que cela peut r\u00e9duire ou emp\u00eacher l'accessibilit\u00e9 \u00e0 tout ou partie des services propos\u00e9s par le site.<\/p><h3>9.1. \u00ab COOKIES \u00bb<\/h3><p>A \u00abcookie\u00bb is a small piece of information stored on the Utilizer's navigator and registered at the terminal of the Utilizer (ex: ordinateur, smartphone), (ci-apr\u00e8s \u00abCookies\u00bb). This fichier comprends des informations telles such as the Utilizer's domain name, the Utilizer's Internet access provider, the Utilizer's exploitation system, ainsi que la date et l'heure d'acc\u00e8s. Les Cookies ne risquent en aucun cas d'endommager le terminal de l'Utilisateur.<br \/>agencechance.com is susceptible to trace information from the Utilizer concerning the Site, telles que les pages consult\u00e9es, les recherches effectu\u00e9es. Ces informations permettent \u00e0agencechance.com d'am\u00e9liorer le contenu du Site, de la navigation de l'Utilisateur.<br \/>The Utilizer may configure his navigator to determine whether he wants to accept or not accept cookies on the basis of the Cookies so that they are enrolled in the terminal or, au contraire, so that they are rejet\u00e9s, soit syst\u00e9matiquement, soit selon leur \u00e9metteur. L'Utilisateur peut \u00e9galement configurer son logiciel de navigation de mani\u00e8re \u00e0 ce que l'acceptation ou le refus des Cookies lui soient propos\u00e9s ponctuellement, avant qu'un Cookie soit susceptible d'\u00eatre enregistr\u00e9 dans son terminal. agencechance.com informe l'Utilisateur that, in this case, il se se peut que les fonctionnalit\u00e9s de son logiciel de navigation ne soient pas toutes disponibles.<br \/>If the Utilizer refuses the enregistration of cookies on his terminal or his navigator, or if the Utilizer suppresses the cookies that have been enregistered, the Utilizer will be informed that his navigation and his exposure to the Site will be limited. This may also be the case whenagencechance.com or one of its predecessors cannot recognize, at the end of the compatibilit\u00e9 technique, the type of navigator used by the terminal, the language and affichage parameters or the countries where the terminal is connected to the Internet.<br \/>In this case, Agencechancechance.com shall declare its full responsibility for the consequences of the Site and the services offered by Paragencechance.com, as a result of (i) the refusal of Cookies by the Utilizer (ii) the impossibility for pouragencechance.com to register or consulter Cookies n\u00e9cessaires for the operation of the Site and the services offered by the Utilizer. The configuration of each navigator is different for the operation of Cookies and the Utilizer settings. It is described in the menu on the navigator's aide menu, which allows you to understand how the Utilizer can modify its wishes in the Cookies mati\u00e8re.<br \/>\u00c0 tout moment, l'Utilisateur peut faire le choix d'exprimer et de modifier ses souhaits en mati\u00e8re de Cookies.agencechance.com pourra en outre faire appel aux services de prestataires externes pour l'aider \u00e0 recueillir et traiter les informations d\u00e9crites dans cette section.<br \/>Enfin, en cliquant sur les ic\u00f4nes d\u00e9di\u00e9es aux r\u00e9seaux sociaux Twitter, Facebook, Linkedin and Google Plus figurant sur le Site deagencechance.com ou dans son application mobile and si l'Utilisateur a acceptant le d\u00e9p\u00f4t de cookies en poursuivant sa navigation sur le Site Internet ou l'application mobile deagencechance.com, Twitter, Facebook, Linkedin and Google Plus peuvent \u00e9galement d\u00e9poser des cookies sur vos terminaux (ordinateur, tablet, mobile phone).<br \/>These types of cookies are not d\u00e9pos\u00e9s on your terminals qu'\u00e0 condition que vous y consentiez, en continuant votre navigation on the Site Internet or on the mobile application deagencechance.com. \u00c0 tout le moment, l'Utilisateur peut n\u00e9anmoins revenir sur son consentement \u00e0 ce que queagencechance.com d\u00e9pose ce type de cookies.<\/p><h3>9.2. BALISES (\u201cTAGS\u201d) INTERNET<\/h3><p>agencechance.com peut employer occasionnellement des balises Internet (\u00e9galement appel\u00e9es \u00ab tags \u00bb, ou balises d'action, GIF \u00e0 un pixel, GIF transparents, GIF invisibles and GIF un to un) and to be employed by an interm\u00e9diaire of a partenaire sp\u00e9cialiste d'analyses Web susceptible to trouver (and donc de stocker les informations correspondantes, y compris l'address IP de l'Utilisateur) in a foreign country.<br \/>These balises are plac\u00e9es \u00e0 la fois in the publicit\u00e9s en ligne permettant aux internautes d'acc\u00e9der au Site, and on les diff\u00e9rentes pages de celui-ci.<br \/>This technology allows \u00e0agencechance.com to evaluate the responses of visitors to the Site and the effectiveness of its actions (for example, the number of times a page is displayed and the information consulted), ainsi que the utilization of the Site by the Utilizer.<br \/>Le prestataire externe pourra \u00e9ventuellement recueillir des informations sur les visiteurs du Site et d'autres sites Internet gr\u00e2ce \u00e0 ces balises, constituer des rapports sur l'activit\u00e9 du Site \u00e0 l'attention deagencechance.com, et fournir d'autres services relatifs \u00e0 l'utilization de celui-ci et d'Internet.<\/p><h2>10. Droit applicable et attribution de juridiction<\/h2><p>Tout litige en relation avec l'utilization du site agencechance.com est soumis au droit fran\u00e7ais.<br \/>En dehors des cas o\u00f9 la loi ne le permet pas, il est fait attribution exclusive de juridiction aux tribunaux comp\u00e9tents de Versailles.<\/p>\t\t\t\t\t\t\t\t<\/div>\n\t\t\t\t<\/div>\n\t\t\t\t\t<\/div>\n\t\t\t\t<\/div>\n\t\t\t\t<\/div>","protected":false},"excerpt":{"rendered":"<p>RGPD D\u00e9finitions Client : tout professionnel ou personne physique capable au sens des articles 1123 et suivants du Code civil, ou personne morale, qui visite le Site objet des pr\u00e9sentes conditions g\u00e9n\u00e9rales.Prestations et Services : AGENCE CHANCE met \u00e0 disposition des Clients :Contenu : Ensemble des \u00e9l\u00e9ments constituants l\u2019information pr\u00e9sente sur le Site, notamment textes [&hellip;]<\/p>\n","protected":false},"author":4,"featured_media":0,"parent":0,"menu_order":0,"comment_status":"closed","ping_status":"closed","template":"","meta":{"footnotes":""},"class_list":["post-2195","page","type-page","status-publish","hentry"],"rttpg_featured_image_url":null,"rttpg_author":{"display_name":"tulumbasov.denis00@mail.ru","author_link":"https:\/\/agencechance.com\/en\/blog\/author\/tulumbasov-denis00mail-ru\/"},"rttpg_comment":0,"rttpg_category":null,"rttpg_excerpt":"RGPD D\u00e9finitions Client : tout professionnel ou personne physique capable au sens des articles 1123 et suivants du Code civil, ou personne morale, qui visite le Site objet des pr\u00e9sentes conditions g\u00e9n\u00e9rales.Prestations et Services : AGENCE CHANCE met \u00e0 disposition des Clients :Contenu : Ensemble des \u00e9l\u00e9ments constituants l\u2019information pr\u00e9sente sur le Site, notamment textes&hellip;","_links":{"self":[{"href":"https:\/\/agencechance.com\/en\/wp-json\/wp\/v2\/pages\/2195","targetHints":{"allow":["GET"]}}],"collection":[{"href":"https:\/\/agencechance.com\/en\/wp-json\/wp\/v2\/pages"}],"about":[{"href":"https:\/\/agencechance.com\/en\/wp-json\/wp\/v2\/types\/page"}],"author":[{"embeddable":true,"href":"https:\/\/agencechance.com\/en\/wp-json\/wp\/v2\/users\/4"}],"replies":[{"embeddable":true,"href":"https:\/\/agencechance.com\/en\/wp-json\/wp\/v2\/comments?post=2195"}],"version-history":[{"count":0,"href":"https:\/\/agencechance.com\/en\/wp-json\/wp\/v2\/pages\/2195\/revisions"}],"wp:attachment":[{"href":"https:\/\/agencechance.com\/en\/wp-json\/wp\/v2\/media?parent=2195"}],"curies":[{"name":"wp","href":"https:\/\/api.w.org\/{rel}","templated":true}]}}