{"id":2109,"date":"2025-10-11T12:15:03","date_gmt":"2025-10-11T12:15:03","guid":{"rendered":"https:\/\/agencechance.com\/?page_id=2109"},"modified":"2026-01-29T08:50:50","modified_gmt":"2026-01-29T08:50:50","slug":"wedding-coordination","status":"publish","type":"page","link":"https:\/\/agencechance.com\/fr\/wedding-coordination\/","title":{"rendered":"Coordination du Jour J"},"content":{"rendered":"<div data-elementor-type=\"wp-page\" data-elementor-id=\"2109\" class=\"elementor elementor-2109\">\n\t\t\t\t<div class=\"elementor-element elementor-element-aefcdc5 e-flex e-con-boxed e-con e-parent\" data-id=\"aefcdc5\" data-element_type=\"container\">\n\t\t\t\t\t<div class=\"e-con-inner\">\n\t\t\t\t<div class=\"elementor-element elementor-element-743843e elementor-widget elementor-widget-html\" data-id=\"743843e\" data-element_type=\"widget\" data-widget_type=\"html.default\">\n\t\t\t\t<div class=\"elementor-widget-container\">\n\t\t\t\t\t<div class=\"bread\" style=\"display:flex;gap: 10px;font-size: 14px;font-weight: 500;font-family: 'Montserrat';\"><a href=\"https:\/\/agencechance.com\/fr\/services\/\" style=\"    font-family: 'Montserrat';\">Services<\/a><span class=\"breadcrumb-separator\" style=\"    width: 7px;\"><svg aria-hidden=\"true\" class=\"e-font-icon-svg e-fa-angle-right\" viewbox=\"0 0 256 512\" xmlns=\"http:\/\/www.w3.org\/2000\/svg\"><path d=\"M224.3 273l-136 136c-9.4 9.4-24.6 9.4-33.9 0l-22.6-22.6c-9.4-9.4-9.4-24.6 0-33.9l96.4-96.4-96.4-96.4c-9.4-9.4-9.4-24.6 0-33.9L54.3 103c9.4-9.4 24.6-9.4 33.9 0l136 136c9.5 9.4 9.5 24.6.1 34z\"><\/path><\/svg><\/span><span>Coordination du Jour J<\/span><\/div>\t\t\t\t<\/div>\n\t\t\t\t<\/div>\n\t\t\t\t\t<\/div>\n\t\t\t\t<\/div>\n\t\t<div class=\"elementor-element elementor-element-4da0dd48 twbb_section twbb_full_h e-flex e-con-boxed e-con e-parent\" data-id=\"4da0dd48\" data-element_type=\"container\">\n\t\t\t\t\t<div class=\"e-con-inner\">\n\t\t<div class=\"elementor-element elementor-element-4c59dd7 e-con-full e-flex e-con e-child\" data-id=\"4c59dd7\" data-element_type=\"container\">\n\t\t\t\t<div class=\"elementor-element elementor-element-357d2ca5 elementor-widget__width-initial elementor-widget-mobile__width-inherit elementor-widget-tablet__width-initial twbb-slider-inner-position-outside twbb-speed-linear-no elementor--h-position-center elementor-widget elementor-widget-twbb_slides\" data-id=\"357d2ca5\" data-element_type=\"widget\" data-settings=\"{&quot;navigation&quot;:&quot;none&quot;,&quot;space_between&quot;:{&quot;unit&quot;:&quot;px&quot;,&quot;size&quot;:0,&quot;sizes&quot;:[]},&quot;slides_per_view&quot;:&quot;3&quot;,&quot;slides_per_view_mobile&quot;:1,&quot;speed_liner&quot;:&quot;no&quot;,&quot;transition&quot;:&quot;slide&quot;,&quot;transition_speed&quot;:500,&quot;space_between_tablet&quot;:{&quot;unit&quot;:&quot;px&quot;,&quot;size&quot;:10,&quot;sizes&quot;:[]},&quot;space_between_mobile&quot;:{&quot;unit&quot;:&quot;px&quot;,&quot;size&quot;:10,&quot;sizes&quot;:[]}}\" data-widget_type=\"twbb_slides.default\">\n\t\t\t\t<div class=\"elementor-widget-container\">\n\t\t\t\t\t\t\t<div class=\"elementor-swiper\">\n\t\t\t<div class=\"twbb_slides-wrapper elementor-main-swiper swiper\" dir=\"ltr\" data-animation=\"\">\n\t\t\t\t<div class=\"swiper-wrapper twbb_slides-widget\">\n                                        <div class=\"elementor-repeater-item-effz3gho swiper-slide\"><div class=\"swiper-slide-bg\"><\/div><div class=\"elementor-background-overlay\"><\/div><div class=\"swiper-slide-inner\" ><div class=\"swiper-slide-contents\"><\/div><\/div><\/div>\t\t\t\t<\/div>\n\t\t\t\t\t\t\t<\/div>\n\t\t<\/div>\n\t\t\t\t\t\t<\/div>\n\t\t\t\t<\/div>\n\t\t\t\t<\/div>\n\t\t<div class=\"elementor-element elementor-element-405a9afc e-flex e-con-boxed e-con e-child\" data-id=\"405a9afc\" data-element_type=\"container\" data-settings=\"{&quot;position&quot;:&quot;absolute&quot;}\">\n\t\t\t\t\t<div class=\"e-con-inner\">\n\t\t\t\t<div class=\"elementor-element elementor-element-3f278c3e elementor-widget__width-initial elementor-widget-mobile__width-inherit elementor-widget-tablet__width-initial elementor-invisible elementor-widget elementor-widget-heading\" data-id=\"3f278c3e\" data-element_type=\"widget\" data-settings=\"{&quot;_animation&quot;:&quot;fadeInUp&quot;}\" data-widget_type=\"heading.default\">\n\t\t\t\t<div class=\"elementor-widget-container\">\n\t\t\t\t\t<h1 class=\"elementor-heading-title elementor-size-default\">Coordination du Jour J<\/h1>\t\t\t\t<\/div>\n\t\t\t\t<\/div>\n\t\t\t\t<div class=\"elementor-element elementor-element-32bce456 elementor-widget__width-initial elementor-widget-mobile__width-inherit elementor-widget-tablet__width-initial elementor-invisible elementor-widget elementor-widget-text-editor\" data-id=\"32bce456\" data-element_type=\"widget\" data-settings=\"{&quot;_animation&quot;:&quot;fadeInUp&quot;}\" data-widget_type=\"text-editor.default\">\n\t\t\t\t<div class=\"elementor-widget-container\">\n\t\t\t\t\t\t\t\t\tVous convient si vous avez choisi vous-m\u00eame toute l'\u00e9quipe et que le d\u00e9fi est de vous lib\u00e9rer du stress de la logistique du jour du mariage.\t\t\t\t\t\t\t\t<\/div>\n\t\t\t\t<\/div>\n\t\t\t\t\t<\/div>\n\t\t\t\t<\/div>\n\t\t\t\t\t<\/div>\n\t\t\t\t<\/div>\n\t\t<div class=\"elementor-element elementor-element-5e14e614 twbb_section e-flex e-con-boxed e-con e-parent\" data-id=\"5e14e614\" data-element_type=\"container\">\n\t\t\t\t\t<div class=\"e-con-inner\">\n\t\t\t\t<div class=\"elementor-element elementor-element-3c0b65cc elementor-widget__width-initial elementor-widget-mobile__width-inherit elementor-widget-tablet__width-initial elementor-invisible elementor-widget elementor-widget-heading\" data-id=\"3c0b65cc\" data-element_type=\"widget\" data-settings=\"{&quot;_animation&quot;:&quot;fadeInUp&quot;}\" data-widget_type=\"heading.default\">\n\t\t\t\t<div class=\"elementor-widget-container\">\n\t\t\t\t\t<h2 class=\"elementor-heading-title elementor-size-default\">Pourquoi coordonner un mariage ?<\/h2>\t\t\t\t<\/div>\n\t\t\t\t<\/div>\n\t\t<div class=\"elementor-element elementor-element-005e4f9 e-con-full e-flex e-con e-child\" data-id=\"005e4f9\" data-element_type=\"container\">\n\t\t<div class=\"elementor-element elementor-element-68bc2334 e-con-full e-flex e-con e-child\" data-id=\"68bc2334\" data-element_type=\"container\">\n\t\t\t\t<div class=\"elementor-element elementor-element-95a82df elementor-widget__width-initial elementor-widget-mobile__width-inherit elementor-widget-tablet__width-initial elementor-invisible elementor-widget elementor-widget-text-editor\" data-id=\"95a82df\" data-element_type=\"widget\" data-settings=\"{&quot;_animation&quot;:&quot;fadeInUp&quot;}\" data-widget_type=\"text-editor.default\">\n\t\t\t\t<div class=\"elementor-widget-container\">\n\t\t\t\t\t\t\t\t\t<p><strong>Un mariage sans coordinateur<\/strong> (organisateur de mariage) sont des dizaines de d\u00e9cisions,<br \/>qu'il faudra accepter : conduire, en robe, dans un environnement passionnant.<br \/><strong>Un mariage avec un coordinateur<\/strong> - est le moment o\u00f9 toutes les d\u00e9cisions ont \u00e9t\u00e9 prises,<br \/>vous vivez la journ\u00e9e et nous veillons \u00e0 ce qu'elle devienne un souvenir parfait.<\/p><p><strong>Ce que nos services comprennent :<\/strong><\/p><ul><li><strong>Planification pr\u00e9alable.<\/strong><br \/>Nous assurons la liaison avec votre \u00e9quipe d'entrepreneurs et nous nous informons de leurs horaires et des sp\u00e9cificit\u00e9s du travail.<br \/>Nous cr\u00e9ons ainsi un bon - un programme de la journ\u00e9e du mariage, dans lequel toutes les \u00e9tapes sont d\u00e9taill\u00e9es \u00e0 la minute pr\u00e8s.<br \/>Chaque contractant re\u00e7oit ce programme afin de mener \u00e0 bien sa t\u00e2che dans les d\u00e9lais impartis.<\/li><li><strong>Inspection technique du site<\/strong> de la c\u00e9l\u00e9bration le jour de l'\u00e9v\u00e9nement ou \u00e0 l'avance<br \/>et l'attribution de l'emplacement de chaque contractant : buffet, disposition des tables, arches de c\u00e9r\u00e9monie,<br \/>fleurs et d\u00e9cor, sc\u00e8ne et artistes, DJ et \u00e9quipement.<\/li><\/ul><p><strong>Pendant l'\u00e9v\u00e9nement :<\/strong><\/p><ul><li>accueillir des invit\u00e9s et soutenir vos proches, surtout s'ils viennent de pays diff\u00e9rents et ne parlent pas fran\u00e7ais ;<\/li><li>la gestion de votre \u00e9quipe de contractants ;<\/li><li>le contr\u00f4le du respect des horaires de service et d'animation des repas ;<\/li><li>le transfert des paiements finaux (si n\u00e9cessaire) ;<\/li><li>pr\u00e9sence sur place avant l'ouverture du bal.<\/li><\/ul><p class=\"translation-block\"><strong>En savoir plus sur <a href=\"https:\/\/agencechance.com\/fr\/blog\/info\/zachem-nuzhen-organizator-svadby\/\" target=\"_self\">l'organisateur et le coordinateur de mariage<\/a><\/strong><\/p>\t\t\t\t\t\t\t\t<\/div>\n\t\t\t\t<\/div>\n\t\t\t\t<\/div>\n\t\t\t\t<div class=\"elementor-element elementor-element-70301cc8 elementor-widget__width-initial elementor-widget-mobile__width-inherit elementor-widget-tablet__width-initial elementor-widget elementor-widget-image\" data-id=\"70301cc8\" data-element_type=\"widget\" data-widget_type=\"image.default\">\n\t\t\t\t<div class=\"elementor-widget-container\">\n\t\t\t\t\t\t\t\t\t\t\t\t\t\t\t<img fetchpriority=\"high\" decoding=\"async\" width=\"1067\" height=\"1600\" src=\"https:\/\/agencechance.com\/wp-content\/uploads\/2025\/10\/NZ7_0004-scaled-e1773405402368.jpg\" class=\"attachment-full size-full wp-image-3199\" alt=\"\u0422\u0430\u0442\u044c\u044f\u043d\u0430 \u0428\u0430\u043d\u0441 \u2014 \u0432\u0435\u0434\u0443\u0449\u0430\u044f \u0438 \u043a\u043e\u043e\u0440\u0434\u0438\u043d\u0430\u0442\u043e\u0440 \u0441\u0432\u0430\u0434\u0435\u0431\u043d\u043e\u0433\u043e \u0434\u043d\u044f \u0432\u043e \u0424\u0440\u0430\u043d\u0446\u0438\u0438 \u0434\u043b\u044f \u0444\u0440\u0430\u043d\u043a\u043e-\u0440\u0443\u0441\u0441\u043a\u0438\u0445 \u0438 \u043c\u0435\u0436\u0434\u0443\u043d\u0430\u0440\u043e\u0434\u043d\u044b\u0445 \u0441\u0432\u0430\u0434\u0435\u0431\" srcset=\"https:\/\/agencechance.com\/wp-content\/uploads\/2025\/10\/NZ7_0004-scaled-e1773405402368.jpg 1067w, https:\/\/agencechance.com\/wp-content\/uploads\/2025\/10\/NZ7_0004-scaled-e1773405402368-200x300.jpg 200w, https:\/\/agencechance.com\/wp-content\/uploads\/2025\/10\/NZ7_0004-scaled-e1773405402368-683x1024.jpg 683w, https:\/\/agencechance.com\/wp-content\/uploads\/2025\/10\/NZ7_0004-scaled-e1773405402368-768x1152.jpg 768w, https:\/\/agencechance.com\/wp-content\/uploads\/2025\/10\/NZ7_0004-scaled-e1773405402368-1024x1536.jpg 1024w, https:\/\/agencechance.com\/wp-content\/uploads\/2025\/10\/NZ7_0004-scaled-e1773405402368-8x12.jpg 8w, https:\/\/agencechance.com\/wp-content\/uploads\/2025\/10\/NZ7_0004-scaled-e1773405402368-400x600.jpg 400w\" sizes=\"(max-width: 1067px) 100vw, 1067px\" title=\"\">\t\t\t\t\t\t\t\t\t\t\t\t\t\t\t<\/div>\n\t\t\t\t<\/div>\n\t\t\t\t<\/div>\n\t\t\t\t<div class=\"elementor-element elementor-element-8b4cda7 elementor-align-left elementor-widget elementor-widget-button\" data-id=\"8b4cda7\" data-element_type=\"widget\" data-widget_type=\"button.default\">\n\t\t\t\t<div class=\"elementor-widget-container\">\n\t\t\t\t\t\t\t\t\t<div class=\"elementor-button-wrapper\">\n\t\t\t\t\t<a class=\"elementor-button elementor-button-link elementor-size-sm\" href=\"\/fr\/contacts\/\">\n\t\t\t\t\t\t<span class=\"elementor-button-content-wrapper\">\n\t\t\t\t\t\t\t\t\t<span class=\"elementor-button-text\">Nous contacter<\/span>\n\t\t\t\t\t<\/span>\n\t\t\t\t\t<\/a>\n\t\t\t\t<\/div>\n\t\t\t\t\t\t\t\t<\/div>\n\t\t\t\t<\/div>\n\t\t\t\t<div class=\"elementor-element elementor-element-35f6720 elementor-widget__width-initial elementor-widget-mobile__width-inherit elementor-widget-tablet__width-initial elementor-invisible elementor-widget elementor-widget-heading\" data-id=\"35f6720\" data-element_type=\"widget\" data-settings=\"{&quot;_animation&quot;:&quot;fadeInUp&quot;}\" data-widget_type=\"heading.default\">\n\t\t\t\t<div class=\"elementor-widget-container\">\n\t\t\t\t\t<h2 class=\"elementor-heading-title elementor-size-default\">Tarifs<\/h2>\t\t\t\t<\/div>\n\t\t\t\t<\/div>\n\t\t<div class=\"elementor-element elementor-element-6f0fefa twbb_section e-con-full e-flex e-con e-child\" data-id=\"6f0fefa\" data-element_type=\"container\">\n\t\t\t\t<div class=\"elementor-element elementor-element-03b4fbf elementor-widget__width-initial elementor-widget-mobile__width-inherit elementor-widget-tablet__width-initial elementor-widget elementor-widget-image\" data-id=\"03b4fbf\" data-element_type=\"widget\" data-widget_type=\"image.default\">\n\t\t\t\t<div class=\"elementor-widget-container\">\n\t\t\t\t\t\t\t\t\t\t\t\t\t\t\t<img decoding=\"async\" width=\"1280\" height=\"1920\" src=\"https:\/\/agencechance.com\/wp-content\/uploads\/2025\/10\/IMG_7803.jpg\" class=\"attachment-full size-full wp-image-2835\" alt=\"\u041a\u043e\u043e\u0440\u0434\u0438\u043d\u0430\u0446\u0438\u044f \u0441\u0432\u0430\u0434\u0435\u0431\u043d\u043e\u0433\u043e \u0434\u043d\u044f \u043e\u0442 Agence Chance\" srcset=\"https:\/\/agencechance.com\/wp-content\/uploads\/2025\/10\/IMG_7803.jpg 1280w, https:\/\/agencechance.com\/wp-content\/uploads\/2025\/10\/IMG_7803-200x300.jpg 200w, https:\/\/agencechance.com\/wp-content\/uploads\/2025\/10\/IMG_7803-683x1024.jpg 683w, https:\/\/agencechance.com\/wp-content\/uploads\/2025\/10\/IMG_7803-768x1152.jpg 768w, https:\/\/agencechance.com\/wp-content\/uploads\/2025\/10\/IMG_7803-1024x1536.jpg 1024w, https:\/\/agencechance.com\/wp-content\/uploads\/2025\/10\/IMG_7803-8x12.jpg 8w, https:\/\/agencechance.com\/wp-content\/uploads\/2025\/10\/IMG_7803-400x600.jpg 400w\" sizes=\"(max-width: 1280px) 100vw, 1280px\" title=\"\">\t\t\t\t\t\t\t\t\t\t\t\t\t\t\t<\/div>\n\t\t\t\t<\/div>\n\t\t<div class=\"elementor-element elementor-element-33c7eab e-con-full e-flex e-con e-child\" data-id=\"33c7eab\" data-element_type=\"container\">\n\t\t\t\t<div class=\"elementor-element elementor-element-18c24e3 elementor-widget__width-initial elementor-widget-mobile__width-inherit elementor-widget-tablet__width-initial elementor-invisible elementor-widget elementor-widget-text-editor\" data-id=\"18c24e3\" data-element_type=\"widget\" data-settings=\"{&quot;_animation&quot;:&quot;fadeInUp&quot;}\" data-widget_type=\"text-editor.default\">\n\t\t\t\t<div class=\"elementor-widget-container\">\n\t\t\t\t\t\t\t\t\t<p><strong>Tarif\u00a0<\/strong>\u00e0 partir de 1500 \u20ac (mariage jusqu'\u00e0 100 invit\u00e9s)<\/p><p>Chaque mariage est unique. Nous pourrons vous indiquer le tarif exact apr\u00e8s une consultation individuelle en fonction du lieu, du nombre d'invit\u00e9s, du nombre de mouvements et d'autres param\u00e8tres.\u00a0<\/p><p><strong>Co\u00fbts suppl\u00e9mentaires \u00e9ventuels<\/strong><\/p>\t\t\t\t\t\t\t\t<\/div>\n\t\t\t\t<\/div>\n\t\t\t\t<div class=\"elementor-element elementor-element-b03ca73 elementor-widget__width-initial elementor-widget-mobile__width-inherit elementor-widget-tablet__width-initial elementor-align-left elementor-list-item-link-full_width elementor-widget elementor-widget-icon-list\" data-id=\"b03ca73\" data-element_type=\"widget\" data-widget_type=\"icon-list.default\">\n\t\t\t\t<div class=\"elementor-widget-container\">\n\t\t\t\t\t\t\t<ul class=\"elementor-icon-list-items\">\n\t\t\t\t\t\t\t<li class=\"elementor-icon-list-item\">\n\t\t\t\t\t\t\t\t\t\t\t<span class=\"elementor-icon-list-icon\">\n\t\t\t\t\t\t\t<svg aria-hidden=\"true\" class=\"e-font-icon-svg e-fas-circle\" viewbox=\"0 0 512 512\" xmlns=\"http:\/\/www.w3.org\/2000\/svg\"><path d=\"M256 8C119 8 8 119 8 256s111 248 248 248 248-111 248-248S393 8 256 8z\"><\/path><\/svg>\t\t\t\t\t\t<\/span>\n\t\t\t\t\t\t\t\t\t\t<span class=\"elementor-icon-list-text\">coordinateur suppl\u00e9mentaire (si plus d'un lieu): 200\u20ac jusqu'\u00e0 4 heures ;<\/span>\n\t\t\t\t\t\t\t\t\t<\/li>\n\t\t\t\t\t\t\t\t<li class=\"elementor-icon-list-item\">\n\t\t\t\t\t\t\t\t\t\t\t<span class=\"elementor-icon-list-icon\">\n\t\t\t\t\t\t\t<svg aria-hidden=\"true\" class=\"e-font-icon-svg e-fas-circle\" viewbox=\"0 0 512 512\" xmlns=\"http:\/\/www.w3.org\/2000\/svg\"><path d=\"M256 8C119 8 8 119 8 256s111 248 248 248 248-111 248-248S393 8 256 8z\"><\/path><\/svg>\t\t\t\t\t\t<\/span>\n\t\t\t\t\t\t\t\t\t\t<span class=\"elementor-icon-list-text\">les frais de r\u00e9installation ;<\/span>\n\t\t\t\t\t\t\t\t\t<\/li>\n\t\t\t\t\t\t\t\t<li class=\"elementor-icon-list-item\">\n\t\t\t\t\t\t\t\t\t\t\t<span class=\"elementor-icon-list-icon\">\n\t\t\t\t\t\t\t<svg aria-hidden=\"true\" class=\"e-font-icon-svg e-fas-circle\" viewbox=\"0 0 512 512\" xmlns=\"http:\/\/www.w3.org\/2000\/svg\"><path d=\"M256 8C119 8 8 119 8 256s111 248 248 248 248-111 248-248S393 8 256 8z\"><\/path><\/svg>\t\t\t\t\t\t<\/span>\n\t\t\t\t\t\t\t\t\t\t<span class=\"elementor-icon-list-text\">les frais d'h\u00e9bergement (si le lieu est situ\u00e9 \u00e0 plus d'une heure de l'organisateur);<\/span>\n\t\t\t\t\t\t\t\t\t<\/li>\n\t\t\t\t\t\t\t\t<li class=\"elementor-icon-list-item\">\n\t\t\t\t\t\t\t\t\t\t\t<span class=\"elementor-icon-list-icon\">\n\t\t\t\t\t\t\t<svg aria-hidden=\"true\" class=\"e-font-icon-svg e-fas-circle\" viewbox=\"0 0 512 512\" xmlns=\"http:\/\/www.w3.org\/2000\/svg\"><path d=\"M256 8C119 8 8 119 8 256s111 248 248 248 248-111 248-248S393 8 256 8z\"><\/path><\/svg>\t\t\t\t\t\t<\/span>\n\t\t\t\t\t\t\t\t\t\t<span class=\"elementor-icon-list-text\">les repas pendant la journ\u00e9e du mariage pour l'organisateur et\/ou le coordinateur ;<\/span>\n\t\t\t\t\t\t\t\t\t<\/li>\n\t\t\t\t\t\t\t\t<li class=\"elementor-icon-list-item\">\n\t\t\t\t\t\t\t\t\t\t\t<span class=\"elementor-icon-list-icon\">\n\t\t\t\t\t\t\t<svg aria-hidden=\"true\" class=\"e-font-icon-svg e-fas-circle\" viewbox=\"0 0 512 512\" xmlns=\"http:\/\/www.w3.org\/2000\/svg\"><path d=\"M256 8C119 8 8 119 8 256s111 248 248 248 248-111 248-248S393 8 256 8z\"><\/path><\/svg>\t\t\t\t\t\t<\/span>\n\t\t\t\t\t\t\t\t\t\t<span class=\"elementor-icon-list-text\">Coordination de l'arriv\u00e9e des invit\u00e9s la veille : (organisation des transferts, de l'h\u00e9bergement, du d\u00eener de bienvenue) : 1 000 \u20ac.<\/span>\n\t\t\t\t\t\t\t\t\t<\/li>\n\t\t\t\t\t\t<\/ul>\n\t\t\t\t\t\t<\/div>\n\t\t\t\t<\/div>\n\t\t\t\t<div class=\"elementor-element elementor-element-e354e49 elementor-widget elementor-widget-button\" data-id=\"e354e49\" data-element_type=\"widget\" data-widget_type=\"button.default\">\n\t\t\t\t<div class=\"elementor-widget-container\">\n\t\t\t\t\t\t\t\t\t<div class=\"elementor-button-wrapper\">\n\t\t\t\t\t<a class=\"elementor-button elementor-button-link elementor-size-sm\" href=\"https:\/\/agencechance.com\/fr\/contacts\/\">\n\t\t\t\t\t\t<span class=\"elementor-button-content-wrapper\">\n\t\t\t\t\t\t\t\t\t<span class=\"elementor-button-text\">R\u00e9server une consultation gratuite<\/span>\n\t\t\t\t\t<\/span>\n\t\t\t\t\t<\/a>\n\t\t\t\t<\/div>\n\t\t\t\t\t\t\t\t<\/div>\n\t\t\t\t<\/div>\n\t\t\t\t<\/div>\n\t\t\t\t<\/div>\n\t\t\t\t\t<\/div>\n\t\t\t\t<\/div>\n\t\t<div class=\"elementor-element elementor-element-7cdb897b e-flex e-con-boxed e-con e-parent\" data-id=\"7cdb897b\" data-element_type=\"container\">\n\t\t\t\t\t<div class=\"e-con-inner\">\n\t\t\t\t<div class=\"elementor-element elementor-element-740dcbaa elementor-widget elementor-widget-button\" data-id=\"740dcbaa\" data-element_type=\"widget\" data-widget_type=\"button.default\">\n\t\t\t\t<div class=\"elementor-widget-container\">\n\t\t\t\t\t\t\t\t\t<div class=\"elementor-button-wrapper\">\n\t\t\t\t\t<a class=\"elementor-button elementor-button-link elementor-size-sm\" href=\"https:\/\/agencechance.com\/fr\/services\/\">\n\t\t\t\t\t\t<span class=\"elementor-button-content-wrapper\">\n\t\t\t\t\t\t\t\t\t<span class=\"elementor-button-text\">Retour aux services<\/span>\n\t\t\t\t\t<\/span>\n\t\t\t\t\t<\/a>\n\t\t\t\t<\/div>\n\t\t\t\t\t\t\t\t<\/div>\n\t\t\t\t<\/div>\n\t\t\t\t\t<\/div>\n\t\t\t\t<\/div>\n\t\t\t\t<\/div>","protected":false},"excerpt":{"rendered":"<p>\u0423\u0441\u043b\u0443\u0433\u0438\u041a\u043e\u043e\u0440\u0434\u0438\u043d\u0430\u0446\u0438\u044f \u0441\u0432\u0430\u0434\u0435\u0431\u043d\u043e\u0433\u043e \u0434\u043d\u044f \u041a\u043e\u043e\u0440\u0434\u0438\u043d\u0430\u0446\u0438\u044f \u0441\u0432\u0430\u0434\u0435\u0431\u043d\u043e\u0433\u043e \u0434\u043d\u044f \u041f\u043e\u0434\u0445\u043e\u0434\u0438\u0442 \u0432\u0430\u043c, \u0435\u0441\u043b\u0438 \u0432\u044b \u0432\u044b \u0441\u0430\u043c\u0438 \u043f\u043e\u0434\u043e\u0431\u0440\u0430\u043b\u0438 \u0432\u0441\u044e \u043a\u043e\u043c\u0430\u043d\u0434\u0443 \u0438 \u0441\u0442\u043e\u0438\u0442 \u0437\u0430\u0434\u0430\u0447\u0430 \u043e\u0441\u0432\u043e\u0431\u043e\u0434\u0438\u0442\u044c \u0432\u0430\u0441 \u043e\u0442 \u0441\u0442\u0440\u0435\u0441\u0441\u0430 \u043b\u043e\u0433\u0438\u0441\u0442\u0438\u043a\u0438 \u0432 \u0441\u0432\u0430\u0434\u0435\u0431\u043d\u044b\u0439 \u0434\u0435\u043d\u044c \u0417\u0430\u0447\u0435\u043c \u043d\u0443\u0436\u043d\u0430 \u043a\u043e\u043e\u0440\u0434\u0438\u043d\u0430\u0446\u0438\u044f \u0441\u0432\u0430\u0434\u044c\u0431\u044b \u0421\u0432\u0430\u0434\u044c\u0431\u0430 \u0431\u0435\u0437 \u043a\u043e\u043e\u0440\u0434\u0438\u043d\u0430\u0442\u043e\u0440\u0430 (\u0441\u0432\u0430\u0434\u0435\u0431\u043d\u043e\u0433\u043e \u0440\u0430\u0441\u043f\u043e\u0440\u044f\u0434\u0438\u0442\u0435\u043b\u044f) \u2014 \u044d\u0442\u043e \u0434\u0435\u0441\u044f\u0442\u043a\u0438 \u0440\u0435\u0448\u0435\u043d\u0438\u0439,\u043a\u043e\u0442\u043e\u0440\u044b\u0435 \u043f\u0440\u0438\u0434\u0451\u0442\u0441\u044f \u043f\u0440\u0438\u043d\u0438\u043c\u0430\u0442\u044c \u0432\u0430\u043c: \u0437\u0430 \u0440\u0443\u043b\u0451\u043c, \u0432 \u043f\u043b\u0430\u0442\u044c\u0435, \u0432 \u0432\u043e\u043b\u043d\u0438\u0442\u0435\u043b\u044c\u043d\u043e\u0439 \u043e\u0431\u0441\u0442\u0430\u043d\u043e\u0432\u043a\u0435.\u0421\u0432\u0430\u0434\u044c\u0431\u0430 \u0441 \u043a\u043e\u043e\u0440\u0434\u0438\u043d\u0430\u0442\u043e\u0440\u043e\u043c \u2014 \u044d\u0442\u043e \u043a\u043e\u0433\u0434\u0430 \u0432\u0441\u0435 [&hellip;]<\/p>\n","protected":false},"author":4,"featured_media":0,"parent":0,"menu_order":0,"comment_status":"closed","ping_status":"closed","template":"","meta":{"footnotes":""},"class_list":["post-2109","page","type-page","status-publish","hentry"],"rttpg_featured_image_url":null,"rttpg_author":{"display_name":"tulumbasov.denis00@mail.ru","author_link":"https:\/\/agencechance.com\/fr\/blog\/author\/tulumbasov-denis00mail-ru\/"},"rttpg_comment":0,"rttpg_category":null,"rttpg_excerpt":"\u0423\u0441\u043b\u0443\u0433\u0438\u041a\u043e\u043e\u0440\u0434\u0438\u043d\u0430\u0446\u0438\u044f \u0441\u0432\u0430\u0434\u0435\u0431\u043d\u043e\u0433\u043e \u0434\u043d\u044f \u041a\u043e\u043e\u0440\u0434\u0438\u043d\u0430\u0446\u0438\u044f \u0441\u0432\u0430\u0434\u0435\u0431\u043d\u043e\u0433\u043e \u0434\u043d\u044f \u041f\u043e\u0434\u0445\u043e\u0434\u0438\u0442 \u0432\u0430\u043c, \u0435\u0441\u043b\u0438 \u0432\u044b \u0432\u044b \u0441\u0430\u043c\u0438 \u043f\u043e\u0434\u043e\u0431\u0440\u0430\u043b\u0438 \u0432\u0441\u044e \u043a\u043e\u043c\u0430\u043d\u0434\u0443 \u0438 \u0441\u0442\u043e\u0438\u0442 \u0437\u0430\u0434\u0430\u0447\u0430 \u043e\u0441\u0432\u043e\u0431\u043e\u0434\u0438\u0442\u044c \u0432\u0430\u0441 \u043e\u0442 \u0441\u0442\u0440\u0435\u0441\u0441\u0430 \u043b\u043e\u0433\u0438\u0441\u0442\u0438\u043a\u0438 \u0432 \u0441\u0432\u0430\u0434\u0435\u0431\u043d\u044b\u0439 \u0434\u0435\u043d\u044c \u0417\u0430\u0447\u0435\u043c \u043d\u0443\u0436\u043d\u0430 \u043a\u043e\u043e\u0440\u0434\u0438\u043d\u0430\u0446\u0438\u044f \u0441\u0432\u0430\u0434\u044c\u0431\u044b \u0421\u0432\u0430\u0434\u044c\u0431\u0430 \u0431\u0435\u0437 \u043a\u043e\u043e\u0440\u0434\u0438\u043d\u0430\u0442\u043e\u0440\u0430 (\u0441\u0432\u0430\u0434\u0435\u0431\u043d\u043e\u0433\u043e \u0440\u0430\u0441\u043f\u043e\u0440\u044f\u0434\u0438\u0442\u0435\u043b\u044f) \u2014 \u044d\u0442\u043e \u0434\u0435\u0441\u044f\u0442\u043a\u0438 \u0440\u0435\u0448\u0435\u043d\u0438\u0439,\u043a\u043e\u0442\u043e\u0440\u044b\u0435 \u043f\u0440\u0438\u0434\u0451\u0442\u0441\u044f \u043f\u0440\u0438\u043d\u0438\u043c\u0430\u0442\u044c \u0432\u0430\u043c: \u0437\u0430 \u0440\u0443\u043b\u0451\u043c, \u0432 \u043f\u043b\u0430\u0442\u044c\u0435, \u0432 \u0432\u043e\u043b\u043d\u0438\u0442\u0435\u043b\u044c\u043d\u043e\u0439 \u043e\u0431\u0441\u0442\u0430\u043d\u043e\u0432\u043a\u0435.\u0421\u0432\u0430\u0434\u044c\u0431\u0430 \u0441 \u043a\u043e\u043e\u0440\u0434\u0438\u043d\u0430\u0442\u043e\u0440\u043e\u043c \u2014 \u044d\u0442\u043e \u043a\u043e\u0433\u0434\u0430 \u0432\u0441\u0435\u2026","_links":{"self":[{"href":"https:\/\/agencechance.com\/fr\/wp-json\/wp\/v2\/pages\/2109","targetHints":{"allow":["GET"]}}],"collection":[{"href":"https:\/\/agencechance.com\/fr\/wp-json\/wp\/v2\/pages"}],"about":[{"href":"https:\/\/agencechance.com\/fr\/wp-json\/wp\/v2\/types\/page"}],"author":[{"embeddable":true,"href":"https:\/\/agencechance.com\/fr\/wp-json\/wp\/v2\/users\/4"}],"replies":[{"embeddable":true,"href":"https:\/\/agencechance.com\/fr\/wp-json\/wp\/v2\/comments?post=2109"}],"version-history":[{"count":0,"href":"https:\/\/agencechance.com\/fr\/wp-json\/wp\/v2\/pages\/2109\/revisions"}],"wp:attachment":[{"href":"https:\/\/agencechance.com\/fr\/wp-json\/wp\/v2\/media?parent=2109"}],"curies":[{"name":"wp","href":"https:\/\/api.w.org\/{rel}","templated":true}]}}