{"id":2195,"date":"2025-10-12T12:29:47","date_gmt":"2025-10-12T12:29:47","guid":{"rendered":"https:\/\/agencechance.com\/?page_id=2195"},"modified":"2025-10-19T14:35:27","modified_gmt":"2025-10-19T14:35:27","slug":"rgpd","status":"publish","type":"page","link":"https:\/\/agencechance.com\/fr\/rgpd\/","title":{"rendered":"RGPD"},"content":{"rendered":"<div data-elementor-type=\"wp-page\" data-elementor-id=\"2195\" class=\"elementor elementor-2195\">\n\t\t\t\t<div class=\"elementor-element elementor-element-4357b779 twbb_section e-flex e-con-boxed e-con e-parent\" data-id=\"4357b779\" data-element_type=\"container\">\n\t\t\t\t\t<div class=\"e-con-inner\">\n\t\t\t\t<div class=\"elementor-element elementor-element-1a03b2cf elementor-widget__width-initial elementor-widget-mobile__width-inherit elementor-widget-tablet__width-initial elementor-invisible elementor-widget elementor-widget-heading\" data-id=\"1a03b2cf\" data-element_type=\"widget\" data-settings=\"{&quot;_animation&quot;:&quot;fadeInUp&quot;}\" data-widget_type=\"heading.default\">\n\t\t\t\t<div class=\"elementor-widget-container\">\n\t\t\t\t\t<h1 class=\"elementor-heading-title elementor-size-default\">RGPD<\/h1>\t\t\t\t<\/div>\n\t\t\t\t<\/div>\n\t\t\t\t<div class=\"elementor-element elementor-element-7619612d elementor-widget__width-initial elementor-widget-mobile__width-inherit elementor-widget-tablet__width-initial elementor-invisible elementor-widget elementor-widget-text-editor\" data-id=\"7619612d\" data-element_type=\"widget\" data-settings=\"{&quot;_animation&quot;:&quot;fadeInUp&quot;}\" data-widget_type=\"text-editor.default\">\n\t\t\t\t<div class=\"elementor-widget-container\">\n\t\t\t\t\t\t\t\t\t<h2>D\u00e9finitions<\/h2><p>Client : tout professionnel ou personne physique capable au sensu des articles 1123 et suivants du Code civil, ou personne morale, qui visite le site objet des pr\u00e9sentes conditions g\u00e9n\u00e9rales.<br \/>Prestations et Services : AGENCE CHANCE met \u00e0 disposition des clients :<br \/>Contenu : Ensemble des \u00e9l\u00e9ments constituents l'information pr\u00e9sente sur le Site, notamment textes - images - vid\u00e9os.<br \/>Client Information : Ci apr\u00e8s d\u00e9nomm\u00e9 \u00ab Information(s) \u00bb correspondent \u00e0 l'ensemble des donn\u00e9es personnelles susceptibles d'\u00eatre d\u00e9tenues par AGENCE CHANCE pour la gestion de votre compte, de la gestion de la relation client et \u00e0 des fins d'analyses et de statistiques.<br \/>Utilisateur : Internaute se connectant, utilisant le site susnomm\u00e9.<br \/>Informations personnelles : \u00ab Les informations qui permettent, sous quelque forme que ce soit, directement ou non, l'identification des personnes physiques auxquelles elles s'appliquent \u00bb (article 4 de la loi n\u00b0 78-17 du 6 janvier 1978).<br \/>Les termes \u00ab donn\u00e9es \u00e0 caract\u00e8re personnel \u00bb, \u00ab person of concern \u00bb, \u00ab sous traitant \u00bb et \u00ab donn\u00e9es sensibles \u00bb sont d\u00e9finis dans le R\u00e8glement G\u00e9n\u00e9ral sur la Protection des Donn\u00e9es (RGPD : n\u00b0 2016-679).<\/p><h2>1. pr\u00e9sentation du site internet<\/h2><p>En vertu de l'article 6 de la loi n\u00b0 2004-575 du 21 juin 2004 pour la confession dans l'\u00e9conomie num\u00e9rique, il est pr\u00e9cis\u00e9 aux utilisateurs du site internetagencechance.com l'identit\u00e9 des diff\u00e9rents intervenants dans le cadre de sa r\u00e9alisation et de son suivi :<br \/>Propri\u00e9taire : AGENCE CHANCE 231 rue Saint Honor\u00e9 75001 Paris<br \/>Publication responsable : AGENCE CHANCE agence.chance.france@gmail.com<br \/>Le responsable publication est une personne physique.<br \/>Web Designer : Denis Tulumbasov. - tulumbasov.denis00@mail.ru.<br \/>D\u00e9l\u00e9gu\u00e9 \u00e0 la protection des donn\u00e9es : AGENCE CHANCE - agence.chance.france@gmail.com<\/p><h2>2. Conditions g\u00e9n\u00e9rales d'utilisation du site et des services offerts<\/h2><p>Le Site constitue une \u0153uvre d'art prot\u00e9g\u00e9e par les dispositions du Code de la propri\u00e9t\u00e9 intellectuelle et des r\u00e8glements internationaux qui lui sont applicables.<br \/>Le Client ne peut en aucune mani\u00e8re r\u00e9utiliser, c\u00e9der ou exploiter pour son propre compte tout ou partie des \u00e9l\u00e9ments ou travaux du Site.<br \/>L'utilisation du site agencechance.com implique une pleine et enti\u00e8re acceptation des conditions g\u00e9n\u00e9rales d'utilisation ci-apr\u00e8s d\u00e9crites. Ces conditions d'utilisation sont susceptibles d'\u00eatre modifi\u00e9es ou compl\u00e9t\u00e9es \u00e0 tout moment, et les utilisateurs du site agencechance.com sont donc invit\u00e9s \u00e0 vous informer de la mani\u00e8re dont ils doivent proc\u00e9der.<br \/>Ce site internet est normalement accessible \u00e0 tout moment aux utilisateurs. Une interruption pour cause de maintenance technique peut toutefois \u00eatre d\u00e9cid\u00e9e par AGENCE CHANCE, qui s'efforcera alors de communiquer pr\u00e9alablement aux utilisateurs les dates et heures de l'intervention.<br \/>Le site webagencechance.com est mis \u00e0 jour r\u00e9guli\u00e8rement par AGENCE CHANCE responsable. De la m\u00eame fa\u00e7on, les mentions l\u00e9gales peuvent \u00eatre modifi\u00e9es \u00e0 tout moment : elles s'imposent n\u00e9anmoins \u00e0 l'utilisateur qui est invit\u00e9 \u00e0 s'y r\u00e9f\u00e9rer le plus souvent possible afin d'en prendre connaissance.<\/p><h2>3) Description des services fournis<\/h2><p>Le site internetagencechance.com a pour objet de fournir une information concernant l'ensemble des activit\u00e9s de la soci\u00e9t\u00e9.<br \/>AGENCE CHANCE s'efforce de fournir sur le site agencechance.com des informations aussi pr\u00e9cises que possible. Toutefois, il ne pourra \u00eatre tenu responsable des oublis, des inexactitudes et des carences dans la mise \u00e0 jour, qu'elles soient de son fait ou du fait des tiers partenaires qui lui fournissent ces informations.<br \/>Toutes les informations indiqu\u00e9es sur le site agencechance.com sont donn\u00e9es \u00e0 titre indicatif, et sont susceptibles d'\u00e9voluer. Par ailleurs, les renseignements figurant sur le site agencechance.com ne sont pas exhaustifs. Ils sont donn\u00e9s sous r\u00e9serve de modifications ayant \u00e9t\u00e9 apport\u00e9es depuis leur mise en ligne.<\/p><h2>4. Propri\u00e9t\u00e9 intellectuelle et contrefa\u00e7ons<\/h2><p>AGENCE CHANCE est titulaire des droits de propri\u00e9t\u00e9 intellectuelle et d\u00e9tienes les droits d'usage sur tous les \u00e9l\u00e9ments accessibles sur le site internet, notamment les textes, images, graphismes, logos, vid\u00e9os, ic\u00f4nes et sons.<br \/>Toute reproduction, repr\u00e9sentation, modification, publication, adaptation de tout ou partie des \u00e9l\u00e9ments du site, quel que soit le moyen ou le proc\u00e9d\u00e9 utilis\u00e9, est interdite, sauf autorisation \u00e9crite pr\u00e9alable de :agencechance.com.<br \/>Les cr\u00e9dits photos proviennent de : AGENCE CHANCE, @xenchik.wed @mila.shoot, @katyaskvortsova, @neiman_wedding @alina.photoshooting_paris, @brv.yana, @bogda_news_france<br \/>Toute exploitation non autoris\u00e9e du site ou de l'un quelconque des \u00e9l\u00e9ments qu'il contient est constitutive d'une contrefa\u00e7on et soumise aux dispositions des articles L.335-2 et suivants du Code de la propri\u00e9t\u00e9 intellectuelle.<\/p><h2>5. Limitations de responsabilit\u00e9<\/h2><p>AGENCE CHANCE agit en tant qu'\u00e9diteur du site.agencechance.com est responsable de la qualit\u00e9 et de la v\u00e9racit\u00e9 du contenu qu'il publie.<br \/>AGENCE CHANCE ne pourra \u00eatre tenu responsable des dommages directs et indirects caus\u00e9s au mat\u00e9riel de l'utilisateur, lors de l'acc\u00e8s au site internetagencechance.com, et r\u00e9sultant soit de l'utilisation d'un mat\u00e9riel ne r\u00e9pondant pas aux sp\u00e9cifications indiqu\u00e9es au point 4, soit de l'apparition d'un bug ou d'une incompatibilit\u00e9.<br \/>AGENCE CHANCE ne pourra \u00eatre tenu pour responsable des dommages indirects (tels par exemple qu'un dommage de marche ou de chance) li\u00e9s \u00e0 l'utilisation du site. .<br \/>Des espaces interactifs (possibilit\u00e9 de poser des questions dans l'espace contact) sont \u00e0 la disposition des utilisateurs.<br \/>AGENCE CHANCE se r\u00e9serve le droit de supprimer, sans mise en demeure pr\u00e9alable, tout contenu d\u00e9pos\u00e9 dans cet environnement qui contreviendrait \u00e0 la l\u00e9gislation applicable en France, en particulier aux dispositions relatives \u00e0 la protection des dons. Le cas \u00e9ch\u00e9ant, AGENCE CHANCE se r\u00e9serve la possibilit\u00e9 de mettre en cause la responsabilit\u00e9 civile et\/ou p\u00e9nale de l'utilisateur, notamment en cas de message \u00e0 caract\u00e8re raciste, injurieux, diffamant, ou pornographique, tel que celui du support utilis\u00e9 (texte, photographie...).<\/p><h2>6. Gestion des donn\u00e9es personnelles<\/h2><p>Le Client est inform\u00e9 de la r\u00e9glementation relative \u00e0 la communication marketing, de la Loi du 21 Juin 2014 pour la confiance dans l'\u00e9conomie num\u00e9rique, de la Loi Informatique et Libert\u00e9 du 06 Ao\u00fbt 2004 ainsi que du R\u00e8glement G\u00e9n\u00e9ral sur la Protection des Donn\u00e9es (RGPD : n\u00b0 2016-679).<\/p><h3>7.1 Responsables de la collecte des donn\u00e9es personnelles<\/h3><p>Pour les Donn\u00e9es Personnelles collect\u00e9es dans le cadre de la cr\u00e9ation du personnel de l'Utilisateur et de la navigation sur le Site, le responsable traitement des Donn\u00e9es Personnelles est : AGENCE CHANCE agencechance.com est repr\u00e9sent\u00e9 par Mme Tatiana BALDUC sa repr\u00e9sentante l\u00e9gale.<br \/>Dans la mesure o\u00f9 elle est responsable du traitement des dons qu'elle collecte, AGENCE CHANCE s'engage \u00e0 respecter les dispositions l\u00e9gales de mani\u00e8re vigilante. Elle est notamment au Client d'\u00e9tablir les finalit\u00e9s de ses trajectoires de dons, de fournir \u00e0 ses prospects et clients, dans le cadre du recueil de leurs consentements, une information compl\u00e8te sur la trajectoire de leurs dons et de maintenir un registre des trajectoires conforme \u00e0 la r\u00e9alit\u00e9.<br \/>Chaque fois qu'AGENCE CHANCE traite des Donn\u00e9es Personnelles, AGENCE CHANCE CHANCE prend toutes les mesures raisonnables pour s'assurer de l'exactitude et de la pertinence des Donn\u00e9es Personnelles au regard des finalit\u00e9s pour lesquelles AGENCE CHANCE les traite.<\/p><h3>7.2 Finalite des donnees collectees<\/h3><p>AGENCE CHANCE est susceptible de traiter tout ou partie des donn\u00e9es :<\/p><ul><li>permettre la navigation sur le Site et la gestion et la tra\u00e7abilit\u00e9 des prestations et services command\u00e9s par l'utilisateur : donn\u00e9es de connexion et d'utilisation du Site, facturation, historique des commandes, etc.<\/li><li>pr\u00e9venir et lutter contre la fraude informatique (spamming, hacking...) : mat\u00e9riel informatique utilis\u00e9 pour la navigation, l'adresse IP, le mot de passe (hash\u00e9)<\/li><li>pour am\u00e9liorer la navigation sur le Site : donn\u00e9es de connexion et d'utilisation<\/li><li>pour mener des enqu\u00eates de satisfaction facultatives suragencechance.com : adresse email<\/li><li>pour mener des campagnes de communication (sms, mail) : num\u00e9ro de t\u00e9l\u00e9phone, adresse e-mail<\/li><\/ul><p>AGENCE CHANCE ne commercialise pas vos donn\u00e9es personnelles qui sont donc uniquement utilis\u00e9es par n\u00e9cessit\u00e9 ou \u00e0 des fins statistiques et d'analyses.<\/p><h3>7.3 Droit d'acc\u00e8s, de rectification et d'opposition<\/h3><p>Conform\u00e9ment \u00e0 la r\u00e9glementation europ\u00e9enne en vigueur, les Utilisateurs deagencechance.com disposent des droits suivants :<\/p><ul><li>le droit d'acc\u00e8s (article 15 du RGPD) et de rectification (article 16 du RGPD), mise \u00e0 jour, compl\u00e9tude des donn\u00e9es des Utilisateurs droit de verrouillage ou d'effacement des donn\u00e9es des Utilisateurs \u00e0 caract\u00e8re personnel (article 17 du RGPD), lorsqu'elles sont inexactes, incompatibles, incompl\u00e8tes, in\u00e9quivoques, p\u00e9rim\u00e9es, ou lorsque leur collecte, leur utilisation, leur communication ou leur conservation est interdite.<\/li><li>droit de retirer \u00e0 tout moment un consentement (article 13-2c RGPD)<\/li><li>Le droit de restreindre le traitement des donn\u00e9es des Utilisateurs (article 18 du RGPD)<\/li><li>droit d'opposition au traitement des donn\u00e9es des Utilisateurs (article 21 RGPD)<\/li><li>un droit \u00e0 la portabilit\u00e9 des dons que les Utilisateurs auront fournis, si ces dons font l'objet de traitements automatis\u00e9s fond\u00e9s sur leur consentement ou sur un contrat (article 20 du RGPD)<\/li><li>le droit de d\u00e9finir la nature des donations des Utilisateurs apr\u00e8s leur d\u00e9c\u00e8s et de choisir \u00e0 qui AGENCE CHANCE doit communiquer (ou non) ses donations \u00e0 l'un des tiers auxquels elles sont pr\u00e9alablement d\u00e9sign\u00e9es<\/li><\/ul><p>D\u00e8s qu'AGENCE CHANCE a connaissance du d\u00e9c\u00e8s d'un Utilisateur et \u00e0 d\u00e9faut d'instructions de sa part, AGENCE CHANCE s'engage \u00e0 d\u00e9truire ses donn\u00e9es, sauf si leur conservation s'av\u00e8re n\u00e9cessaire \u00e0 des fins probatoires ou pour r\u00e9pondre \u00e0 une obligation l\u00e9gale.<br \/>Si l'Utilisateur veut en savoir plus sur commentagencechance.com, utiliser ses donn\u00e9es personnelles, demander \u00e0 les rectifier ou s'opposer \u00e0 leur traitement, l'Utilisateur peut contacter AGENCE CHANCE par \u00e9crit \u00e0 l'adresse suivante :<br \/>AGENCE CHANCE<br \/>1 square Claude Debussy - 75017 PARIS. Dans ce cas, l'Utilisateur doit indiquer les Donn\u00e9es Personnelles qu'il souhaiterait que AGENCE CHANCE corrige, mette \u00e0 jour ou supprime, en s'identifiant pr\u00e9cis\u00e9ment avec une copie d'une pi\u00e8ce d'identit\u00e9 (carte d'identit\u00e9 ou passeport).<br \/>Les demandes de suppression de donn\u00e9es personnelles seront soumises aux obligations qui sont impos\u00e9es \u00e0 AGENCE CHANCE par la loi, notamment en mati\u00e8re de conservation ou d'archivage des documents. Enfin, les Utilisateurs de agencechance.com peuvent d\u00e9poser une r\u00e9clamation aupr\u00e8s des autorit\u00e9s de contr\u00f4le, et notamment de la CNIL (<a href=\"https:\/\/www.cnil.fr\/fr\/plaintes\" target=\"_blank\" rel=\"noopener\">https:\/\/www.cnil.fr\/fr\/plaintes<\/a>).<\/p><h3>7.4 Non-communication des donn\u00e9es personnelles<\/h3><p>AGENCE CHANCE n'est pas autoris\u00e9e \u00e0 tracer, h\u00e9berger ou transf\u00e9rer les informations collect\u00e9es sur ses Clients dans des pays situ\u00e9s en dehors de l'Union europ\u00e9enne ou reconnect\u00e9s comme \u00ab non adverses \u00bb par la Commission europ\u00e9enne sans en informer le Client de quelque mani\u00e8re que ce soit. Pour autant, AGENCE CHANCE reste libre du choix de ses sous-traitants techniques et de ses activit\u00e9s commerciales sous r\u00e9serve d'offrir des garanties suffisantes aux exigences du R\u00e8glement G\u00e9n\u00e9ral sur la Protection des Donn\u00e9es (RGPD : n\u00b0 2016-679).<br \/>AGENCE CHANCE s'efforcera de mettre en \u0153uvre toutes les proc\u00e9dures n\u00e9cessaires pour assurer la s\u00e9curit\u00e9 des Informations et notamment qu'elles ne soient pas communiqu\u00e9es \u00e0 des personnes non autoris\u00e9es. Cependant, si un incident impactant la s\u00e9curit\u00e9 ou la confidentialit\u00e9 des Informations du Client est port\u00e9e \u00e0 la connaissance d'AGENCE CHANCE, celle-ci devra dans les meilleurs d\u00e9lais informer le Client et lui communiquer les mesures de corrections n\u00e9cessaires. AGENCE CHANCE ne collecte aucune donn\u00e9e sensible.<br \/>Les Donn\u00e9es Personnelles de l'Utilisateur peuvent \u00eatre trait\u00e9es par des filiales de AGENCE CHANCE et des sous-traitants (prestataires de services), exclusivement afin de r\u00e9aliser les finalit\u00e9s de la pr\u00e9sente politique.<br \/>Dans la limite de leurs attributions et pour les finalit\u00e9s rappel\u00e9es ci-dessus, les principales personnes susceptibles d'acc\u00e9der aux donn\u00e9es des Utilisateurs deagencechance.com sont principalement les agents de notre service client.<\/p><h2>8. notification d'incident<\/h2><p>Quels que soient les efforts fournis, aucune m\u00e9thode de transmission sur Internet et aucune m\u00e9thode de stockage \u00e9lectronique n'est compl\u00e8tement s\u00fbre. Nous ne pouvons en cons\u00e9quence pas garantir une s\u00e9curit\u00e9 absolue.<br \/>Si nous avons connaissance d'un risque de s\u00e9curit\u00e9, nous \u00e9vitons que les utilisateurs s'inqui\u00e8tent parce qu'ils ne sont pas en mesure de mettre en \u0153uvre les mesures appropri\u00e9es. Nos proc\u00e9dures de notification des incidents sont conformes \u00e0 nos obligations l\u00e9gales, qu'elles se situent au niveau national ou europ\u00e9en. Nous nous engageons \u00e0 informer pleinement nos clients sur toutes les questions relatives \u00e0 la s\u00e9curit\u00e9 de leur entreprise et \u00e0 leur fournir toutes les informations n\u00e9cessaires pour les aider \u00e0 respecter leurs propres obligations r\u00e9glementaires en mati\u00e8re de reporting.<br \/>Aucune information personnelle de l'utilisateur du site agencechance.com n'est publi\u00e9e sur le site de l'utilisateur, publi\u00e9e, transmise, transf\u00e9r\u00e9e, c\u00e9d\u00e9e ou vendue sur un support quelconque \u00e0 des tiers. Seule l'hypoth\u00e8se du rachat deagencechance.com et de ses droits permettrait la transmission des dites informations \u00e0 l'\u00e9ventuel acqu\u00e9reur qui serait sur sa tourn\u00e9e tenu de la m\u00eame obligation de conservation et de modification des donn\u00e9es vis \u00e0 vis de l'utilisateur du site agencechance.com.<\/p><h3>S\u00e9curit\u00e9<\/h3><p>Afin d'assurer la s\u00e9curit\u00e9 et la confidentialit\u00e9 des Dons du Personnel et des Dons du Personnel de Sant\u00e9, agencechance.com utilise des r\u00e9seaux prot\u00e9g\u00e9s par des normes telles que le pare-feu, la pseudonymisation, le cryptage et les passe motifs.<br \/>Lors du traitement des Donn\u00e9es Personnelles, agencechance.comprend toutes les mesures raisonnables visant \u00e0 les prot\u00e9ger contre toute perte, utilisation d\u00e9tourn\u00e9e, acc\u00e8s non autoris\u00e9, divulgation, alt\u00e9ration ou destruction.<\/p><h2>9. Liens hypertextes \u00ab cookies \u00bb et balises (\u201ctags\u201d) internet<\/h2><p>Le site agencechance.com contient un certain nombre de liens hypertextes vers d'autres sites, mis en place avec l'autorisation de agencechance.com. Cependant, agencechance.com n'a pas la possibilit\u00e9 de v\u00e9rifier le contenu des sites ainsi visit\u00e9s, et n'assume aucune responsabilit\u00e9 de ce fait.<br \/>Sauf si vous d\u00e9cidez de d\u00e9sactiver les cookies, vous acceptez que le site puisse les utiliser. Vous pouvez \u00e0 tout moment d\u00e9sactiver ces cookies et ce gratuitement \u00e0 partir des possibilit\u00e9s de d\u00e9sactivation qui vous sont offertes et rappel\u00e9es ci-apr\u00e8s, sachant que cela peut r\u00e9duire ou emp\u00eacher l'accessibilit\u00e9 \u00e0 tout ou partie des services propos\u00e9s par le site.<\/p><h3>9.1. \u00ab COOKIES \u00bb<\/h3><p>Un \u00abcookie\u00bb est un petit fichier d'informations stock\u00e9 sur le navigateur de l'Utilisateur et enregistr\u00e9 sur le terminal de l'Utilisateur (ex : ordinateur, smartphone), (ci-apr\u00e8s \u00abCookies\u00bb). Ce fichier comprend des informations telles que le nom de domaine de l'Utilisateur, le fournisseur d'acc\u00e8s \u00e0 Internet de l'Utilisateur, le syst\u00e8me d'exploitation de l'Utilisateur, la date et l'heure d'acc\u00e8s. Les Cookies ne risquent en aucun cas d'endommager le terminal de l'Utilisateur.<br \/>agencechance.com est susceptible de tracer des informations de l'Utilisateur concernant le Site, telles que les pages consult\u00e9es, les recherches effectu\u00e9es. Ces informations permettent \u00e0agencechance.com d'am\u00e9liorer le contenu du Site, de la navigation de l'Utilisateur.<br \/>L'Utilisateur peut configurer son logiciel de navigation de mani\u00e8re \u00e0 ce que l'acceptation ou le refus des Cookies soient propos\u00e9s ponctuellement, avant qu'ils ne soient enregistr\u00e9s dans le terminal ou, au contraire, qu'ils soient rejet\u00e9s, soit syst\u00e9matiquement, soit selon leur \u00e9metteur. L'Utilisateur peut \u00e9galement configurer son logiciel de navigation de mani\u00e8re \u00e0 ce que l'acceptation ou le refus des Cookiesui soient propos\u00e9s ponctuellement, avant qu'un Cookie soit susceptible d'\u00eatre enregistr\u00e9 dans son terminal. agencechance.com informe l'Utilisateur que, dans ce cas, il se peut que les fonctionnalit\u00e9s de son logiciel de navigation ne soient pas toutes disponibles.<br \/>Si l'Utilisateur refuse l'enregistrement de cookies sur son terminal ou son navigateur, ou si l'Utilisateur supprime les cookies qui ont \u00e9t\u00e9 enregistr\u00e9s, l'Utilisateur sera inform\u00e9 que sa navigation et son exposition au Site seront limit\u00e9es. Cela pourrait \u00e9galement \u00eatre le cas lorsqueagencechance.com ou l'un de ses pr\u00e9d\u00e9cesseurs ne reconna\u00eet pas, au stade de la compatibilit\u00e9 technique, le type de navigateur utilis\u00e9 par le terminal, les param\u00e8tres de langue et d'affichage ou les pays dans lesquels le terminal est connect\u00e9 \u00e0 Internet.<br \/>Dans ce cas, Agencechancechance.com se d\u00e9clare pleinement responsable des cons\u00e9quences sur le Site et les services propos\u00e9s par Paragencechance.com, du fait (i) du refus de Cookies par l'Utilisateur (ii) de l'impossibilit\u00e9 pour pouragencechance.com d'enregistrer ou de consulter les Cookies n\u00e9cessaires au fonctionnement du Site et des services propos\u00e9s par l'Utilisateur. La configuration de chaque navigateur est diff\u00e9rente pour le fonctionnement des Cookies et de l'Utilisateur. Elle est d\u00e9crite dans le menu d'aide du navigateur, qui vous permet de comprendre comment l'Utilisateur peut modifier ses souhaits en mati\u00e8re de Cookies.<br \/>\u00c0 tout moment, l'Utilisateur peut faire le choix d'exprimer et de modifier ses souhaits en mati\u00e8re de Cookies.agencechance.com pourra en outre faire appel aux services de prestataires externes pour l'aider \u00e0 recueillir et traiter les informations d\u00e9crites dans cette section.<br \/>Enfin, en cliquant sur les ic\u00f4nes d\u00e9di\u00e9es aux r\u00e9seaux sociaux Twitter, Facebook, Linkedin et Google Plus figurant sur le Site deagencechance.com ou dans son application mobile et si l'Utilisateur a accept\u00e9 le d\u00e9p\u00f4t de cookies en poursuivant sa navigation sur le Site Internet ou l'application mobile deagencechance.com, Twitter, Facebook, Linkedin et Google Plus peuvent \u00e9galement d\u00e9poser des cookies sur vos terminaux (ordinateur, tablette, t\u00e9l\u00e9phone mobile).<br \/>Ces types de cookies ne sont plac\u00e9s sur vos terminaux qu'\u00e0 condition que vous y consentiez, en continuant votre navigation sur le Site Internet ou sur l'application mobile deagencechance.com. \u00c0 tout le moment, l'Utilisateur peut n\u00e9anmoins revenir sur son consentement \u00e0 ce que queagencechance.com d\u00e9pose ce type de cookies.<\/p><h3>9.2. BALISES INTERNET<\/h3><p>agencechance.com peut employer occasionnellement des balises Internet (\u00e9galement appel\u00e9es \u00ab tags \u00bb, ou balises d'action, GIF \u00e0 un pixel, GIF transparents, GIF invisibles et GIF un to un) et \u00eatre employ\u00e9 par un interm\u00e9diaire d'un partenaire sp\u00e9cialiste d'analyses Web susceptible de trouver (et donc de stocker les informations correspondantes, y compris l'adresse IP de l'Utilisateur) dans un pays \u00e9tranger.<br \/>Ces balises sont plac\u00e9es \u00e0 la fois dans les publicit\u00e9s en ligne permettant aux internautes d'acc\u00e9der au Site, et sur les diff\u00e9rentes pages de celui-ci.<br \/>Cette technologie permet \u00e0agencechance.com d'\u00e9valuer les r\u00e9ponses des visiteurs du Site et l'efficacit\u00e9 de ses actions (par exemple, le nombre de fois o\u00f9 une page est visit\u00e9e et les informations consult\u00e9es), ainsi que l'utilisation du Site par l'Utilisateur.<br \/>Le prestataire externe pourra \u00e9ventuellement recueillir des informations sur les visiteurs du Site et d'autres sites Internet gr\u00e2ce \u00e0 ces balises, constituer des rapports sur l'activit\u00e9 du Site \u00e0 l'attention deagencechance.com, et fournir d'autres services relatifs \u00e0 l'utilisation de celui-ci et d'Internet.<\/p><h2>10. Droit applicable et attribution de juridiction<\/h2><p>Tout litige en relation avec l'utilisation du site agencechance.com est soumis au droit fran\u00e7ais.<br \/>En dehors des cas o\u00f9 la loi ne le permet pas, il est fait attribution exclusive de juridiction aux tribunaux comp\u00e9tents de Versailles.<\/p>\t\t\t\t\t\t\t\t<\/div>\n\t\t\t\t<\/div>\n\t\t\t\t\t<\/div>\n\t\t\t\t<\/div>\n\t\t\t\t<\/div>","protected":false},"excerpt":{"rendered":"<p>RGPD D\u00e9finitions Client : tout professionnel ou personne physique capable au sens des articles 1123 et suivants du Code civil, ou personne morale, qui visite le Site objet des pr\u00e9sentes conditions g\u00e9n\u00e9rales.Prestations et Services : AGENCE CHANCE met \u00e0 disposition des Clients :Contenu : Ensemble des \u00e9l\u00e9ments constituants l\u2019information pr\u00e9sente sur le Site, notamment textes [&hellip;]<\/p>\n","protected":false},"author":4,"featured_media":0,"parent":0,"menu_order":0,"comment_status":"closed","ping_status":"closed","template":"","meta":{"footnotes":""},"class_list":["post-2195","page","type-page","status-publish","hentry"],"rttpg_featured_image_url":null,"rttpg_author":{"display_name":"tulumbasov.denis00@mail.ru","author_link":"https:\/\/agencechance.com\/fr\/blog\/author\/tulumbasov-denis00mail-ru\/"},"rttpg_comment":0,"rttpg_category":null,"rttpg_excerpt":"RGPD D\u00e9finitions Client : tout professionnel ou personne physique capable au sens des articles 1123 et suivants du Code civil, ou personne morale, qui visite le Site objet des pr\u00e9sentes conditions g\u00e9n\u00e9rales.Prestations et Services : AGENCE CHANCE met \u00e0 disposition des Clients :Contenu : Ensemble des \u00e9l\u00e9ments constituants l\u2019information pr\u00e9sente sur le Site, notamment textes\u2026","_links":{"self":[{"href":"https:\/\/agencechance.com\/fr\/wp-json\/wp\/v2\/pages\/2195","targetHints":{"allow":["GET"]}}],"collection":[{"href":"https:\/\/agencechance.com\/fr\/wp-json\/wp\/v2\/pages"}],"about":[{"href":"https:\/\/agencechance.com\/fr\/wp-json\/wp\/v2\/types\/page"}],"author":[{"embeddable":true,"href":"https:\/\/agencechance.com\/fr\/wp-json\/wp\/v2\/users\/4"}],"replies":[{"embeddable":true,"href":"https:\/\/agencechance.com\/fr\/wp-json\/wp\/v2\/comments?post=2195"}],"version-history":[{"count":0,"href":"https:\/\/agencechance.com\/fr\/wp-json\/wp\/v2\/pages\/2195\/revisions"}],"wp:attachment":[{"href":"https:\/\/agencechance.com\/fr\/wp-json\/wp\/v2\/media?parent=2195"}],"curies":[{"name":"wp","href":"https:\/\/api.w.org\/{rel}","templated":true}]}}