{"id":2234,"date":"2025-10-15T17:07:46","date_gmt":"2025-10-15T17:07:46","guid":{"rendered":"https:\/\/agencechance.com\/?page_id=2234"},"modified":"2026-01-29T08:52:21","modified_gmt":"2026-01-29T08:52:21","slug":"proposal-in-paris","status":"publish","type":"page","link":"https:\/\/agencechance.com\/fr\/proposal-in-paris\/","title":{"rendered":"Demande en mariage"},"content":{"rendered":"<div data-elementor-type=\"wp-page\" data-elementor-id=\"2234\" class=\"elementor elementor-2234\">\n\t\t\t\t<div class=\"elementor-element elementor-element-9979812 e-flex e-con-boxed e-con e-parent\" data-id=\"9979812\" data-element_type=\"container\">\n\t\t\t\t\t<div class=\"e-con-inner\">\n\t\t\t\t<div class=\"elementor-element elementor-element-4357cd5 elementor-widget elementor-widget-html\" data-id=\"4357cd5\" data-element_type=\"widget\" data-widget_type=\"html.default\">\n\t\t\t\t<div class=\"elementor-widget-container\">\n\t\t\t\t\t<div class=\"bread\" style=\"display:flex;gap: 10px;font-size: 14px;font-weight: 500;font-family: 'Montserrat';\"><a href=\"https:\/\/agencechance.com\/fr\/services\/\" style=\"    font-family: 'Montserrat';\">Services<\/a><span class=\"breadcrumb-separator\" style=\"    width: 7px;\"><svg aria-hidden=\"true\" class=\"e-font-icon-svg e-fa-angle-right\" viewbox=\"0 0 256 512\" xmlns=\"http:\/\/www.w3.org\/2000\/svg\"><path d=\"M224.3 273l-136 136c-9.4 9.4-24.6 9.4-33.9 0l-22.6-22.6c-9.4-9.4-9.4-24.6 0-33.9l96.4-96.4-96.4-96.4c-9.4-9.4-9.4-24.6 0-33.9L54.3 103c9.4-9.4 24.6-9.4 33.9 0l136 136c9.5 9.4 9.5 24.6.1 34z\"><\/path><\/svg><\/span><span>Demande en mariage<\/span><\/div>\t\t\t\t<\/div>\n\t\t\t\t<\/div>\n\t\t\t\t\t<\/div>\n\t\t\t\t<\/div>\n\t\t<div class=\"elementor-element elementor-element-7fa6271d twbb_section twbb_full_h e-flex e-con-boxed e-con e-parent\" data-id=\"7fa6271d\" data-element_type=\"container\">\n\t\t\t\t\t<div class=\"e-con-inner\">\n\t\t<div class=\"elementor-element elementor-element-1e8de5eb e-con-full e-flex e-con e-child\" data-id=\"1e8de5eb\" data-element_type=\"container\">\n\t\t\t\t<div class=\"elementor-element elementor-element-56706a2f elementor-widget__width-initial elementor-widget-mobile__width-inherit elementor-widget-tablet__width-initial twbb-slider-inner-position-outside twbb-speed-linear-no elementor--h-position-center elementor-widget elementor-widget-twbb_slides\" data-id=\"56706a2f\" data-element_type=\"widget\" data-settings=\"{&quot;navigation&quot;:&quot;none&quot;,&quot;space_between&quot;:{&quot;unit&quot;:&quot;px&quot;,&quot;size&quot;:0,&quot;sizes&quot;:[]},&quot;slides_per_view&quot;:&quot;3&quot;,&quot;slides_per_view_mobile&quot;:1,&quot;speed_liner&quot;:&quot;no&quot;,&quot;transition&quot;:&quot;slide&quot;,&quot;transition_speed&quot;:500,&quot;space_between_tablet&quot;:{&quot;unit&quot;:&quot;px&quot;,&quot;size&quot;:10,&quot;sizes&quot;:[]},&quot;space_between_mobile&quot;:{&quot;unit&quot;:&quot;px&quot;,&quot;size&quot;:10,&quot;sizes&quot;:[]}}\" data-widget_type=\"twbb_slides.default\">\n\t\t\t\t<div class=\"elementor-widget-container\">\n\t\t\t\t\t\t\t<div class=\"elementor-swiper\">\n\t\t\t<div class=\"twbb_slides-wrapper elementor-main-swiper swiper\" dir=\"ltr\" data-animation=\"\">\n\t\t\t\t<div class=\"swiper-wrapper twbb_slides-widget\">\n                                        <div class=\"elementor-repeater-item-effz3gho swiper-slide\"><div class=\"swiper-slide-bg\"><\/div><div class=\"elementor-background-overlay\"><\/div><div class=\"swiper-slide-inner\" ><div class=\"swiper-slide-contents\"><\/div><\/div><\/div>\t\t\t\t<\/div>\n\t\t\t\t\t\t\t<\/div>\n\t\t<\/div>\n\t\t\t\t\t\t<\/div>\n\t\t\t\t<\/div>\n\t\t\t\t<div class=\"elementor-element elementor-element-4125c514 elementor-absolute elementor-widget elementor-widget-image\" data-id=\"4125c514\" data-element_type=\"widget\" data-settings=\"{&quot;_position&quot;:&quot;absolute&quot;}\" data-widget_type=\"image.default\">\n\t\t\t\t<div class=\"elementor-widget-container\">\n\t\t\t\t\t\t\t\t\t\t\t\t\t\t\t<img fetchpriority=\"high\" decoding=\"async\" width=\"300\" height=\"300\" src=\"https:\/\/agencechance.com\/wp-content\/uploads\/2025\/10\/Group-11-300x300.png\" class=\"attachment-medium size-medium wp-image-2264\" alt=\"\u041b\u043e\u0433\u043e\u0442\u0438\u043f Agence Chance\" srcset=\"https:\/\/agencechance.com\/wp-content\/uploads\/2025\/10\/Group-11-300x300.png 300w, https:\/\/agencechance.com\/wp-content\/uploads\/2025\/10\/Group-11-150x150.png 150w, https:\/\/agencechance.com\/wp-content\/uploads\/2025\/10\/Group-11-12x12.png 12w, https:\/\/agencechance.com\/wp-content\/uploads\/2025\/10\/Group-11.png 400w\" sizes=\"(max-width: 300px) 100vw, 300px\" title=\"\">\t\t\t\t\t\t\t\t\t\t\t\t\t\t\t<\/div>\n\t\t\t\t<\/div>\n\t\t\t\t<\/div>\n\t\t<div class=\"elementor-element elementor-element-76fe1ff2 e-flex e-con-boxed e-con e-child\" data-id=\"76fe1ff2\" data-element_type=\"container\" data-settings=\"{&quot;position&quot;:&quot;absolute&quot;}\">\n\t\t\t\t\t<div class=\"e-con-inner\">\n\t\t\t\t<div class=\"elementor-element elementor-element-7617fdfd elementor-widget__width-initial elementor-widget-mobile__width-inherit elementor-widget-tablet__width-initial elementor-invisible elementor-widget elementor-widget-heading\" data-id=\"7617fdfd\" data-element_type=\"widget\" data-settings=\"{&quot;_animation&quot;:&quot;fadeInUp&quot;}\" data-widget_type=\"heading.default\">\n\t\t\t\t<div class=\"elementor-widget-container\">\n\t\t\t\t\t<h1 class=\"elementor-heading-title elementor-size-default\">Demande en mariage \u00e0 Paris<\/h1>\t\t\t\t<\/div>\n\t\t\t\t<\/div>\n\t\t\t\t<div class=\"elementor-element elementor-element-45947d64 elementor-widget__width-initial elementor-widget-mobile__width-inherit elementor-widget-tablet__width-initial elementor-invisible elementor-widget elementor-widget-text-editor\" data-id=\"45947d64\" data-element_type=\"widget\" data-settings=\"{&quot;_animation&quot;:&quot;fadeInUp&quot;}\" data-widget_type=\"text-editor.default\">\n\t\t\t\t<div class=\"elementor-widget-container\">\n\t\t\t\t\t\t\t\t\t<p>Ce forfait est parfait pour vous si vous souhaitez faire une demande en mariage inoubliable, afin qu'elle dise d\u00e9finitivement \u00aboui\u00bb - et que ces moments restent \u00e0 jamais grav\u00e9s dans votre m\u00e9moire.<\/p>\t\t\t\t\t\t\t\t<\/div>\n\t\t\t\t<\/div>\n\t\t\t\t\t<\/div>\n\t\t\t\t<\/div>\n\t\t\t\t\t<\/div>\n\t\t\t\t<\/div>\n\t\t<div class=\"elementor-element elementor-element-a9a1212 twbb_section e-flex e-con-boxed e-con e-parent\" data-id=\"a9a1212\" data-element_type=\"container\">\n\t\t\t\t\t<div class=\"e-con-inner\">\n\t\t\t\t<div class=\"elementor-element elementor-element-7e26c655 elementor-widget__width-initial elementor-widget-mobile__width-inherit elementor-widget-tablet__width-initial elementor-invisible elementor-widget elementor-widget-heading\" data-id=\"7e26c655\" data-element_type=\"widget\" data-settings=\"{&quot;_animation&quot;:&quot;fadeInUp&quot;}\" data-widget_type=\"heading.default\">\n\t\t\t\t<div class=\"elementor-widget-container\">\n\t\t\t\t\t<h2 class=\"elementor-heading-title elementor-size-default\">Comment cela fonctionne-t-il ?<\/h2>\t\t\t\t<\/div>\n\t\t\t\t<\/div>\n\t\t<div class=\"elementor-element elementor-element-6bb81963 e-con-full e-flex e-con e-child\" data-id=\"6bb81963\" data-element_type=\"container\">\n\t\t\t\t<div class=\"elementor-element elementor-element-4c0a8861 elementor-widget__width-initial elementor-widget-mobile__width-inherit elementor-widget-tablet__width-initial elementor-widget elementor-widget-image\" data-id=\"4c0a8861\" data-element_type=\"widget\" data-widget_type=\"image.default\">\n\t\t\t\t<div class=\"elementor-widget-container\">\n\t\t\t\t\t\t\t\t\t\t\t\t\t\t\t<img decoding=\"async\" width=\"1333\" height=\"2000\" src=\"https:\/\/agencechance.com\/wp-content\/uploads\/2025\/10\/DM9A6853.jpg\" class=\"attachment-full size-full wp-image-2686\" alt=\"\u041f\u0440\u0435\u0434\u043b\u043e\u0436\u0435\u043d\u0438\u0435 \u0440\u0443\u043a\u0438 \u0438 \u0441\u0435\u0440\u0434\u0446\u0430 \u0432 \u041f\u0430\u0440\u0438\u0436\u0435 \u043e\u0442 Agence Chance\" srcset=\"https:\/\/agencechance.com\/wp-content\/uploads\/2025\/10\/DM9A6853.jpg 1333w, https:\/\/agencechance.com\/wp-content\/uploads\/2025\/10\/DM9A6853-200x300.jpg 200w, https:\/\/agencechance.com\/wp-content\/uploads\/2025\/10\/DM9A6853-682x1024.jpg 682w, https:\/\/agencechance.com\/wp-content\/uploads\/2025\/10\/DM9A6853-768x1152.jpg 768w, https:\/\/agencechance.com\/wp-content\/uploads\/2025\/10\/DM9A6853-1024x1536.jpg 1024w, https:\/\/agencechance.com\/wp-content\/uploads\/2025\/10\/DM9A6853-8x12.jpg 8w, https:\/\/agencechance.com\/wp-content\/uploads\/2025\/10\/DM9A6853-400x600.jpg 400w\" sizes=\"(max-width: 1333px) 100vw, 1333px\" title=\"\">\t\t\t\t\t\t\t\t\t\t\t\t\t\t\t<\/div>\n\t\t\t\t<\/div>\n\t\t<div class=\"elementor-element elementor-element-1227d1c4 e-con-full e-flex e-con e-child\" data-id=\"1227d1c4\" data-element_type=\"container\">\n\t\t\t\t<div class=\"elementor-element elementor-element-50c28c7c elementor-widget__width-initial elementor-widget-mobile__width-inherit elementor-widget-tablet__width-initial elementor-invisible elementor-widget elementor-widget-text-editor\" data-id=\"50c28c7c\" data-element_type=\"widget\" data-settings=\"{&quot;_animation&quot;:&quot;fadeInUp&quot;}\" data-widget_type=\"text-editor.default\">\n\t\t\t\t<div class=\"elementor-widget-container\">\n\t\t\t\t\t\t\t\t\t<p>Nous organiserons pour vous une promenade photo romantique \u00ab Love Story \u00bb \u00e0 Paris, de sorte que votre partenaire ne se doute de rien.<\/p><p>Au moment opportun, le photographe vous emm\u00e8nera \u00e0 un endroit convenu \u00e0 l'avance, o\u00f9 une violoniste vous attendra d\u00e9j\u00e0, d\u00e9guis\u00e9e en musicienne de rue.<br \/>Elle joue un air de votre choix - et c'est \u00e0 ce moment-l\u00e0 que vous faites votre demande.<br \/>Le photographe capture les \u00e9motions, tandis que le cr\u00e9ateur de reels, se faisant passer pour un passant, filme la sc\u00e8ne en vid\u00e9o.<br \/>Ensuite, le violoniste vous offre un bouquet de fleurs que vous pr\u00e9sentez \u00e0 la personne que vous avez choisie.<\/p><p>Dans le r\u00e9sultat, vous obtenez :<\/p><ul><li>Votre \u00aboui\u00bb et vos \u00e9motions uniques.<\/li><li>Photos professionnelles de \u201cSay OUI in Paris\u201d (Dites OUI \u00e0 Paris)\u201d<\/li><li>Vid\u00e9os pr\u00eates pour les r\u00e9seaux sociaux<\/li><\/ul>\t\t\t\t\t\t\t\t<\/div>\n\t\t\t\t<\/div>\n\t\t\t\t<div class=\"elementor-element elementor-element-77f2d2c7 elementor-widget elementor-widget-button\" data-id=\"77f2d2c7\" data-element_type=\"widget\" data-widget_type=\"button.default\">\n\t\t\t\t<div class=\"elementor-widget-container\">\n\t\t\t\t\t\t\t\t\t<div class=\"elementor-button-wrapper\">\n\t\t\t\t\t<a class=\"elementor-button elementor-button-link elementor-size-sm\" href=\"\/fr\/contacts\/\">\n\t\t\t\t\t\t<span class=\"elementor-button-content-wrapper\">\n\t\t\t\t\t\t\t\t\t<span class=\"elementor-button-text\">Consultation personnalis\u00e9e<\/span>\n\t\t\t\t\t<\/span>\n\t\t\t\t\t<\/a>\n\t\t\t\t<\/div>\n\t\t\t\t\t\t\t\t<\/div>\n\t\t\t\t<\/div>\n\t\t\t\t<\/div>\n\t\t\t\t<\/div>\n\t\t\t\t\t<\/div>\n\t\t\t\t<\/div>\n\t\t<div class=\"elementor-element elementor-element-2552686d twbb_section e-flex e-con-boxed e-con e-parent\" data-id=\"2552686d\" data-element_type=\"container\">\n\t\t\t\t\t<div class=\"e-con-inner\">\n\t\t\t\t<div class=\"elementor-element elementor-element-119012a4 elementor-widget__width-initial elementor-widget-mobile__width-inherit elementor-widget-tablet__width-initial elementor-invisible elementor-widget elementor-widget-heading\" data-id=\"119012a4\" data-element_type=\"widget\" data-settings=\"{&quot;_animation&quot;:&quot;fadeInUp&quot;}\" data-widget_type=\"heading.default\">\n\t\t\t\t<div class=\"elementor-widget-container\">\n\t\t\t\t\t<h2 class=\"elementor-heading-title elementor-size-default\">Tarif<\/h2>\t\t\t\t<\/div>\n\t\t\t\t<\/div>\n\t\t<div class=\"elementor-element elementor-element-064b661 e-con-full e-flex e-con e-child\" data-id=\"064b661\" data-element_type=\"container\">\n\t\t<div class=\"elementor-element elementor-element-35dd45c5 e-con-full e-flex e-con e-child\" data-id=\"35dd45c5\" data-element_type=\"container\">\n\t\t\t\t<div class=\"elementor-element elementor-element-48e970e elementor-widget__width-initial elementor-widget-mobile__width-inherit elementor-widget-tablet__width-initial elementor-invisible elementor-widget elementor-widget-text-editor\" data-id=\"48e970e\" data-element_type=\"widget\" data-settings=\"{&quot;_animation&quot;:&quot;fadeInUp&quot;}\" data-widget_type=\"text-editor.default\">\n\t\t\t\t<div class=\"elementor-widget-container\">\n\t\t\t\t\t\t\t\t\t<p><strong>\u00a0<\/strong>\u00e0 partir de 1000 euros<\/p><p><strong>Ce que le package comprend :<\/strong><\/p><ul><li>Correspondance illimit\u00e9e pour l'organisation sur WhatsApp<\/li><li>Shooting photo \"Love Story\" - 2 heures et 100 photos fournies dans le mois<\/li><li>Shooting  photo \u201cShe Said Oui in Paris\u201d - 15 minutes, 20 photos fournies en 2 jours<\/li><li>Violon (15 minutes)<\/li><li>Un reels et les stories dans les 2 jours<\/li><\/ul><p><strong>Extras :<\/strong><\/p><ul><li>Bouquet de fleurs avec livraison - 120\u20ac<\/li><li>Coiffure et maquillage de la mari\u00e9e avec d\u00e9part \u00e0 l'h\u00f4tel - 350\u20ac.<\/li><li>Voiture de collection avec chauffeur pour 3 heures - 700\u20ac<\/li><\/ul><p>Comme notre agence propose une gamme compl\u00e8te de services pour les mariages, nous pouvons enrichir ce forfait de toute option suppl\u00e9mentaire :<\/p><ul><li>D\u00e9jeuner ou d\u00eener dans un restaurant<\/li><li>Votre transport et votre h\u00e9bergement<\/li><li>Services de guides et autres aides touristiques<\/li><li>Organiser son mariage dans l'apr\u00e8s-coup :)<\/li><\/ul>\t\t\t\t\t\t\t\t<\/div>\n\t\t\t\t<\/div>\n\t\t\t\t<\/div>\n\t\t\t\t<div class=\"elementor-element elementor-element-6ec717af elementor-widget__width-initial elementor-widget-mobile__width-inherit elementor-widget-tablet__width-initial elementor-widget elementor-widget-image\" data-id=\"6ec717af\" data-element_type=\"widget\" data-widget_type=\"image.default\">\n\t\t\t\t<div class=\"elementor-widget-container\">\n\t\t\t\t\t\t\t\t\t\t\t\t\t\t\t<img decoding=\"async\" width=\"1333\" height=\"2000\" src=\"https:\/\/agencechance.com\/wp-content\/uploads\/2025\/10\/DM9A7074.jpg\" class=\"attachment-full size-full wp-image-2687\" alt=\"\u041f\u0440\u0435\u0434\u043b\u043e\u0436\u0435\u043d\u0438\u0435 \u0440\u0443\u043a\u0438 \u0438 \u0441\u0435\u0440\u0434\u0446\u0430 \u0432 \u041f\u0430\u0440\u0438\u0436\u0435 \u043e\u0442 Agence Chance\" srcset=\"https:\/\/agencechance.com\/wp-content\/uploads\/2025\/10\/DM9A7074.jpg 1333w, https:\/\/agencechance.com\/wp-content\/uploads\/2025\/10\/DM9A7074-200x300.jpg 200w, https:\/\/agencechance.com\/wp-content\/uploads\/2025\/10\/DM9A7074-682x1024.jpg 682w, https:\/\/agencechance.com\/wp-content\/uploads\/2025\/10\/DM9A7074-768x1152.jpg 768w, https:\/\/agencechance.com\/wp-content\/uploads\/2025\/10\/DM9A7074-1024x1536.jpg 1024w, https:\/\/agencechance.com\/wp-content\/uploads\/2025\/10\/DM9A7074-8x12.jpg 8w, https:\/\/agencechance.com\/wp-content\/uploads\/2025\/10\/DM9A7074-400x600.jpg 400w\" sizes=\"(max-width: 1333px) 100vw, 1333px\" title=\"\">\t\t\t\t\t\t\t\t\t\t\t\t\t\t\t<\/div>\n\t\t\t\t<\/div>\n\t\t\t\t<\/div>\n\t\t\t\t\t<\/div>\n\t\t\t\t<\/div>\n\t\t<div class=\"elementor-element elementor-element-20e3d5f6 e-flex e-con-boxed e-con e-parent\" data-id=\"20e3d5f6\" data-element_type=\"container\">\n\t\t\t\t\t<div class=\"e-con-inner\">\n\t\t\t\t<div class=\"elementor-element elementor-element-370278e3 elementor-widget elementor-widget-button\" data-id=\"370278e3\" data-element_type=\"widget\" data-widget_type=\"button.default\">\n\t\t\t\t<div class=\"elementor-widget-container\">\n\t\t\t\t\t\t\t\t\t<div class=\"elementor-button-wrapper\">\n\t\t\t\t\t<a class=\"elementor-button elementor-button-link elementor-size-sm\" href=\"https:\/\/agencechance.com\/fr\/services\/\">\n\t\t\t\t\t\t<span class=\"elementor-button-content-wrapper\">\n\t\t\t\t\t\t\t\t\t<span class=\"elementor-button-text\">Retour aux services<\/span>\n\t\t\t\t\t<\/span>\n\t\t\t\t\t<\/a>\n\t\t\t\t<\/div>\n\t\t\t\t\t\t\t\t<\/div>\n\t\t\t\t<\/div>\n\t\t\t\t\t<\/div>\n\t\t\t\t<\/div>\n\t\t\t\t<\/div>","protected":false},"excerpt":{"rendered":"<p>\u0423\u0441\u043b\u0443\u0433\u0438\u041f\u0440\u0435\u0434\u043b\u043e\u0436\u0435\u043d\u0438\u0435 \u0432 \u041f\u0430\u0440\u0438\u0436\u0435 \u041f\u0440\u0435\u0434\u043b\u043e\u0436\u0435\u043d\u0438\u0435 \u0440\u0443\u043a\u0438 \u0438 \u0441\u0435\u0440\u0434\u0446\u0430 \u0432 \u041f\u0430\u0440\u0438\u0436\u0435 \u041f\u0430\u043a\u0435\u0442 \u0438\u0434\u0435\u0430\u043b\u044c\u043d\u043e \u043f\u043e\u0434\u043e\u0439\u0434\u0451\u0442 \u0432\u0430\u043c, \u0435\u0441\u043b\u0438 \u0432\u044b \u0445\u043e\u0442\u0438\u0442\u0435 \u0441\u0434\u0435\u043b\u0430\u0442\u044c \u043d\u0435\u0437\u0430\u0431\u044b\u0432\u0430\u0435\u043c\u043e\u0435 \u043f\u0440\u0435\u0434\u043b\u043e\u0436\u0435\u043d\u0438\u0435 \u0440\u0443\u043a\u0438 \u0438 \u0441\u0435\u0440\u0434\u0446\u0430, \u0447\u0442\u043e\u0431\u044b \u043e\u043d\u0430 \u0442\u043e\u0447\u043d\u043e \u0441\u043a\u0430\u0437\u0430\u043b\u0430 \u00ab\u0414\u0430\u00bb \u2014 \u0438 \u044d\u0442\u0438 \u043c\u0433\u043d\u043e\u0432\u0435\u043d\u0438\u044f \u043e\u0441\u0442\u0430\u043b\u0438\u0441\u044c \u0441 \u0432\u0430\u043c\u0438 \u043d\u0430\u0432\u0441\u0435\u0433\u0434\u0430. \u041a\u0430\u043a \u044d\u0442\u043e \u0440\u0430\u0431\u043e\u0442\u0430\u0435\u0442 \u041c\u044b \u043e\u0440\u0433\u0430\u043d\u0438\u0437\u0443\u0435\u043c \u0434\u043b\u044f \u0432\u0430\u0441 \u0440\u043e\u043c\u0430\u043d\u0442\u0438\u0447\u0435\u0441\u043a\u0443\u044e \u0444\u043e\u0442\u043e\u043f\u0440\u043e\u0433\u0443\u043b\u043a\u0443 Love Story \u043f\u043e \u041f\u0430\u0440\u0438\u0436\u0443, \u0447\u0442\u043e\u0431\u044b \u0432\u0430\u0448\u0430 \u0438\u0437\u0431\u0440\u0430\u043d\u043d\u0438\u0446\u0430 \u043d\u0438\u0447\u0435\u0433\u043e \u043d\u0435 \u0437\u0430\u043f\u043e\u0434\u043e\u0437\u0440\u0438\u043b\u0430. \u0412 [&hellip;]<\/p>\n","protected":false},"author":4,"featured_media":0,"parent":0,"menu_order":0,"comment_status":"closed","ping_status":"closed","template":"","meta":{"footnotes":""},"class_list":["post-2234","page","type-page","status-publish","hentry"],"rttpg_featured_image_url":null,"rttpg_author":{"display_name":"tulumbasov.denis00@mail.ru","author_link":"https:\/\/agencechance.com\/fr\/blog\/author\/tulumbasov-denis00mail-ru\/"},"rttpg_comment":0,"rttpg_category":null,"rttpg_excerpt":"\u0423\u0441\u043b\u0443\u0433\u0438\u041f\u0440\u0435\u0434\u043b\u043e\u0436\u0435\u043d\u0438\u0435 \u0432 \u041f\u0430\u0440\u0438\u0436\u0435 \u041f\u0440\u0435\u0434\u043b\u043e\u0436\u0435\u043d\u0438\u0435 \u0440\u0443\u043a\u0438 \u0438 \u0441\u0435\u0440\u0434\u0446\u0430 \u0432 \u041f\u0430\u0440\u0438\u0436\u0435 \u041f\u0430\u043a\u0435\u0442 \u0438\u0434\u0435\u0430\u043b\u044c\u043d\u043e \u043f\u043e\u0434\u043e\u0439\u0434\u0451\u0442 \u0432\u0430\u043c, \u0435\u0441\u043b\u0438 \u0432\u044b \u0445\u043e\u0442\u0438\u0442\u0435 \u0441\u0434\u0435\u043b\u0430\u0442\u044c \u043d\u0435\u0437\u0430\u0431\u044b\u0432\u0430\u0435\u043c\u043e\u0435 \u043f\u0440\u0435\u0434\u043b\u043e\u0436\u0435\u043d\u0438\u0435 \u0440\u0443\u043a\u0438 \u0438 \u0441\u0435\u0440\u0434\u0446\u0430, \u0447\u0442\u043e\u0431\u044b \u043e\u043d\u0430 \u0442\u043e\u0447\u043d\u043e \u0441\u043a\u0430\u0437\u0430\u043b\u0430 \u00ab\u0414\u0430\u00bb \u2014 \u0438 \u044d\u0442\u0438 \u043c\u0433\u043d\u043e\u0432\u0435\u043d\u0438\u044f \u043e\u0441\u0442\u0430\u043b\u0438\u0441\u044c \u0441 \u0432\u0430\u043c\u0438 \u043d\u0430\u0432\u0441\u0435\u0433\u0434\u0430. \u041a\u0430\u043a \u044d\u0442\u043e \u0440\u0430\u0431\u043e\u0442\u0430\u0435\u0442 \u041c\u044b \u043e\u0440\u0433\u0430\u043d\u0438\u0437\u0443\u0435\u043c \u0434\u043b\u044f \u0432\u0430\u0441 \u0440\u043e\u043c\u0430\u043d\u0442\u0438\u0447\u0435\u0441\u043a\u0443\u044e \u0444\u043e\u0442\u043e\u043f\u0440\u043e\u0433\u0443\u043b\u043a\u0443 Love Story \u043f\u043e \u041f\u0430\u0440\u0438\u0436\u0443, \u0447\u0442\u043e\u0431\u044b \u0432\u0430\u0448\u0430 \u0438\u0437\u0431\u0440\u0430\u043d\u043d\u0438\u0446\u0430 \u043d\u0438\u0447\u0435\u0433\u043e \u043d\u0435 \u0437\u0430\u043f\u043e\u0434\u043e\u0437\u0440\u0438\u043b\u0430. \u0412\u2026","_links":{"self":[{"href":"https:\/\/agencechance.com\/fr\/wp-json\/wp\/v2\/pages\/2234","targetHints":{"allow":["GET"]}}],"collection":[{"href":"https:\/\/agencechance.com\/fr\/wp-json\/wp\/v2\/pages"}],"about":[{"href":"https:\/\/agencechance.com\/fr\/wp-json\/wp\/v2\/types\/page"}],"author":[{"embeddable":true,"href":"https:\/\/agencechance.com\/fr\/wp-json\/wp\/v2\/users\/4"}],"replies":[{"embeddable":true,"href":"https:\/\/agencechance.com\/fr\/wp-json\/wp\/v2\/comments?post=2234"}],"version-history":[{"count":0,"href":"https:\/\/agencechance.com\/fr\/wp-json\/wp\/v2\/pages\/2234\/revisions"}],"wp:attachment":[{"href":"https:\/\/agencechance.com\/fr\/wp-json\/wp\/v2\/media?parent=2234"}],"curies":[{"name":"wp","href":"https:\/\/api.w.org\/{rel}","templated":true}]}}