{"id":2292,"date":"2025-10-15T18:15:54","date_gmt":"2025-10-15T18:15:54","guid":{"rendered":"https:\/\/agencechance.com\/?page_id=2292"},"modified":"2026-01-29T08:54:25","modified_gmt":"2026-01-29T08:54:25","slug":"wedding-for-two","status":"publish","type":"page","link":"https:\/\/agencechance.com\/fr\/wedding-for-two\/","title":{"rendered":"Mariage pour deux"},"content":{"rendered":"<div data-elementor-type=\"wp-page\" data-elementor-id=\"2292\" class=\"elementor elementor-2292\">\n\t\t\t\t<div class=\"elementor-element elementor-element-561a6ec1 e-flex e-con-boxed e-con e-parent\" data-id=\"561a6ec1\" data-element_type=\"container\">\n\t\t\t\t\t<div class=\"e-con-inner\">\n\t\t\t\t<div class=\"elementor-element elementor-element-6df0556f elementor-widget elementor-widget-html\" data-id=\"6df0556f\" data-element_type=\"widget\" data-widget_type=\"html.default\">\n\t\t\t\t<div class=\"elementor-widget-container\">\n\t\t\t\t\t<div class=\"bread\" style=\"display:flex;gap: 10px;font-size: 14px;font-weight: 500;font-family: 'Montserrat';\"><a href=\"https:\/\/agencechance.com\/fr\/services\/\" style=\"    font-family: 'Montserrat';\">Services<\/a><span class=\"breadcrumb-separator\" style=\"    width: 7px;\"><svg aria-hidden=\"true\" class=\"e-font-icon-svg e-fa-angle-right\" viewbox=\"0 0 256 512\" xmlns=\"http:\/\/www.w3.org\/2000\/svg\"><path d=\"M224.3 273l-136 136c-9.4 9.4-24.6 9.4-33.9 0l-22.6-22.6c-9.4-9.4-9.4-24.6 0-33.9l96.4-96.4-96.4-96.4c-9.4-9.4-9.4-24.6 0-33.9L54.3 103c9.4-9.4 24.6-9.4 33.9 0l136 136c9.5 9.4 9.5 24.6.1 34z\"><\/path><\/svg><\/span><span>Mariage pour deux<\/span><\/div>\t\t\t\t<\/div>\n\t\t\t\t<\/div>\n\t\t\t\t\t<\/div>\n\t\t\t\t<\/div>\n\t\t<div class=\"elementor-element elementor-element-661b53e1 twbb_section twbb_full_h e-flex e-con-boxed e-con e-parent\" data-id=\"661b53e1\" data-element_type=\"container\">\n\t\t\t\t\t<div class=\"e-con-inner\">\n\t\t<div class=\"elementor-element elementor-element-71fc8f03 e-con-full e-flex e-con e-child\" data-id=\"71fc8f03\" data-element_type=\"container\">\n\t\t\t\t<div class=\"elementor-element elementor-element-79612c9f elementor-widget__width-initial elementor-widget-mobile__width-inherit elementor-widget-tablet__width-initial twbb-slider-inner-position-outside twbb-speed-linear-no elementor--h-position-center elementor-widget elementor-widget-twbb_slides\" data-id=\"79612c9f\" data-element_type=\"widget\" data-settings=\"{&quot;navigation&quot;:&quot;none&quot;,&quot;space_between&quot;:{&quot;unit&quot;:&quot;px&quot;,&quot;size&quot;:0,&quot;sizes&quot;:[]},&quot;slides_per_view&quot;:&quot;3&quot;,&quot;slides_per_view_mobile&quot;:1,&quot;speed_liner&quot;:&quot;no&quot;,&quot;transition&quot;:&quot;slide&quot;,&quot;transition_speed&quot;:500,&quot;space_between_tablet&quot;:{&quot;unit&quot;:&quot;px&quot;,&quot;size&quot;:10,&quot;sizes&quot;:[]},&quot;space_between_mobile&quot;:{&quot;unit&quot;:&quot;px&quot;,&quot;size&quot;:10,&quot;sizes&quot;:[]}}\" data-widget_type=\"twbb_slides.default\">\n\t\t\t\t<div class=\"elementor-widget-container\">\n\t\t\t\t\t\t\t<div class=\"elementor-swiper\">\n\t\t\t<div class=\"twbb_slides-wrapper elementor-main-swiper swiper\" dir=\"ltr\" data-animation=\"\">\n\t\t\t\t<div class=\"swiper-wrapper twbb_slides-widget\">\n                                        <div class=\"elementor-repeater-item-effz3gho swiper-slide\"><div class=\"swiper-slide-bg\"><\/div><div class=\"elementor-background-overlay\"><\/div><div class=\"swiper-slide-inner\" ><div class=\"swiper-slide-contents\"><\/div><\/div><\/div>\t\t\t\t<\/div>\n\t\t\t\t\t\t\t<\/div>\n\t\t<\/div>\n\t\t\t\t\t\t<\/div>\n\t\t\t\t<\/div>\n\t\t\t\t<div class=\"elementor-element elementor-element-7daefa79 elementor-absolute elementor-widget elementor-widget-image\" data-id=\"7daefa79\" data-element_type=\"widget\" data-settings=\"{&quot;_position&quot;:&quot;absolute&quot;}\" data-widget_type=\"image.default\">\n\t\t\t\t<div class=\"elementor-widget-container\">\n\t\t\t\t\t\t\t\t\t\t\t\t\t\t\t<img fetchpriority=\"high\" decoding=\"async\" width=\"300\" height=\"300\" src=\"https:\/\/agencechance.com\/wp-content\/uploads\/2025\/10\/Group-11-300x300.png\" class=\"attachment-medium size-medium wp-image-2264\" alt=\"\u041b\u043e\u0433\u043e\u0442\u0438\u043f Agence Chance\" srcset=\"https:\/\/agencechance.com\/wp-content\/uploads\/2025\/10\/Group-11-300x300.png 300w, https:\/\/agencechance.com\/wp-content\/uploads\/2025\/10\/Group-11-150x150.png 150w, https:\/\/agencechance.com\/wp-content\/uploads\/2025\/10\/Group-11-12x12.png 12w, https:\/\/agencechance.com\/wp-content\/uploads\/2025\/10\/Group-11.png 400w\" sizes=\"(max-width: 300px) 100vw, 300px\" title=\"\">\t\t\t\t\t\t\t\t\t\t\t\t\t\t\t<\/div>\n\t\t\t\t<\/div>\n\t\t\t\t<\/div>\n\t\t<div class=\"elementor-element elementor-element-605b37db e-flex e-con-boxed e-con e-child\" data-id=\"605b37db\" data-element_type=\"container\" data-settings=\"{&quot;position&quot;:&quot;absolute&quot;}\">\n\t\t\t\t\t<div class=\"e-con-inner\">\n\t\t\t\t<div class=\"elementor-element elementor-element-669d68e9 elementor-widget__width-initial elementor-widget-mobile__width-inherit elementor-widget-tablet__width-initial elementor-invisible elementor-widget elementor-widget-heading\" data-id=\"669d68e9\" data-element_type=\"widget\" data-settings=\"{&quot;_animation&quot;:&quot;fadeInUp&quot;}\" data-widget_type=\"heading.default\">\n\t\t\t\t<div class=\"elementor-widget-container\">\n\t\t\t\t\t<h1 class=\"elementor-heading-title elementor-size-default\">Un mariage pour deux \u00e0 Paris<\/h1>\t\t\t\t<\/div>\n\t\t\t\t<\/div>\n\t\t\t\t<div class=\"elementor-element elementor-element-5634c20d elementor-widget__width-initial elementor-widget-mobile__width-inherit elementor-widget-tablet__width-initial elementor-invisible elementor-widget elementor-widget-text-editor\" data-id=\"5634c20d\" data-element_type=\"widget\" data-settings=\"{&quot;_animation&quot;:&quot;fadeInUp&quot;}\" data-widget_type=\"text-editor.default\">\n\t\t\t\t<div class=\"elementor-widget-container\">\n\t\t\t\t\t\t\t\t\t<p>Le beau mariage \u00e0 Paris sans les tracas et les nombreux invit\u00e9s.\u00a0<\/p>\t\t\t\t\t\t\t\t<\/div>\n\t\t\t\t<\/div>\n\t\t\t\t\t<\/div>\n\t\t\t\t<\/div>\n\t\t\t\t\t<\/div>\n\t\t\t\t<\/div>\n\t\t<div class=\"elementor-element elementor-element-fc58913 twbb_section e-flex e-con-boxed e-con e-parent\" data-id=\"fc58913\" data-element_type=\"container\">\n\t\t\t\t\t<div class=\"e-con-inner\">\n\t\t\t\t<div class=\"elementor-element elementor-element-4b95a7c elementor-widget__width-initial elementor-widget-mobile__width-inherit elementor-widget-tablet__width-initial elementor-invisible elementor-widget elementor-widget-heading\" data-id=\"4b95a7c\" data-element_type=\"widget\" data-settings=\"{&quot;_animation&quot;:&quot;fadeInUp&quot;}\" data-widget_type=\"heading.default\">\n\t\t\t\t<div class=\"elementor-widget-container\">\n\t\t\t\t\t<h2 class=\"elementor-heading-title elementor-size-default\">Comment cela fonctionne-t-il ?<\/h2>\t\t\t\t<\/div>\n\t\t\t\t<\/div>\n\t\t<div class=\"elementor-element elementor-element-7c8d58b e-con-full e-flex e-con e-child\" data-id=\"7c8d58b\" data-element_type=\"container\">\n\t\t<div class=\"elementor-element elementor-element-4d1e6b9a e-con-full e-flex e-con e-child\" data-id=\"4d1e6b9a\" data-element_type=\"container\">\n\t\t\t\t<div class=\"elementor-element elementor-element-5d37eb1f elementor-widget__width-initial elementor-widget-mobile__width-inherit elementor-widget-tablet__width-initial elementor-invisible elementor-widget elementor-widget-text-editor\" data-id=\"5d37eb1f\" data-element_type=\"widget\" data-settings=\"{&quot;_animation&quot;:&quot;fadeInUp&quot;}\" data-widget_type=\"text-editor.default\">\n\t\t\t\t<div class=\"elementor-widget-container\">\n\t\t\t\t\t\t\t\t\t<p>Le matin du Jour J, notre maquilleuse et coiffeuse se rendent \u00e0 votre h\u00f4tel pour pr\u00e9parer la mari\u00e9e \u00e0 la c\u00e9r\u00e9monie. Cela prend environ trois heures.<\/p><p>\u00c0 la fin de la pr\u00e9paration, le photographe se joint \u00e0 la mari\u00e9e pour immortaliser les moments les plus tendres de la mise en beaut\u00e9 : le maquillage, la robe, l'attente et les \u00e9motions avant la rencontre avec le mari\u00e9.<\/p><p>Vient ensuite le moment \u00e9mouvant du \u00ab First Look \u00bb (premi\u00e8res retrouvailles) du mari\u00e9 d\u00e9couvrant sa future \u00e9pouse. Le photographe capture cet instant rempli de joie et d'amour.<\/p><p>Apr\u00e8s cela, le couple monte \u00e0 bord d'une voiture de collection pr\u00e9par\u00e9e et se dirige vers un lieu ext\u00e9rieur pour y tenir la c\u00e9r\u00e9monie symbolique.<\/p><p>Sur place, vous \u00eates accueillis par le Maitre de C\u00e9r\u00e9monie, un violoniste et un cr\u00e9ateur de reels (vid\u00e9os courtes).<br \/>Le maitre de c\u00e9r\u00e9monie pr\u00e9pare \u00e0 l'avance un discours personnalis\u00e9 qui retrace votre histoire d'amour, apr\u00e8s quoi vous \u00e9changez vos v\u0153ux en musique live.<\/p><p>Le photographe et le vid\u00e9aste saisissent chaque instant, de l'\u00e9motion au d\u00e9tail, pour cr\u00e9er des images touchantes et une courte vid\u00e9o.<\/p><p>La c\u00e9r\u00e9monie dure environ 15 minutes, apr\u00e8s quoi vous continuez la s\u00e9ance photo avec Paris en toile de fond, pr\u00e9servant les souvenirs de cette journ\u00e9e pour les ann\u00e9es \u00e0 venir.<\/p><p>\u00c0 la fin, notre voiture de collection vous ram\u00e8ne \u00e0 votre h\u00f4tel.<\/p>\t\t\t\t\t\t\t\t<\/div>\n\t\t\t\t<\/div>\n\t\t\t\t<\/div>\n\t\t\t\t<div class=\"elementor-element elementor-element-188ce132 elementor-widget__width-initial elementor-widget-mobile__width-inherit elementor-widget-tablet__width-initial elementor-widget elementor-widget-image\" data-id=\"188ce132\" data-element_type=\"widget\" data-widget_type=\"image.default\">\n\t\t\t\t<div class=\"elementor-widget-container\">\n\t\t\t\t\t\t\t\t\t\t\t\t\t\t\t<img decoding=\"async\" width=\"1707\" height=\"2560\" src=\"https:\/\/agencechance.com\/wp-content\/uploads\/2025\/10\/1H2A5475-scaled.jpg\" class=\"attachment-full size-full wp-image-3325\" alt=\"\u0421\u0432\u0430\u0434\u044c\u0431\u0430 \u043d\u0430 \u0434\u0432\u043e\u0438\u0445 \u0432 \u041f\u0430\u0440\u0438\u0436\u0435 \u043e\u0442 Agence Chance\" srcset=\"https:\/\/agencechance.com\/wp-content\/uploads\/2025\/10\/1H2A5475-scaled.jpg 1707w, https:\/\/agencechance.com\/wp-content\/uploads\/2025\/10\/1H2A5475-200x300.jpg 200w, https:\/\/agencechance.com\/wp-content\/uploads\/2025\/10\/1H2A5475-683x1024.jpg 683w, https:\/\/agencechance.com\/wp-content\/uploads\/2025\/10\/1H2A5475-768x1151.jpg 768w, https:\/\/agencechance.com\/wp-content\/uploads\/2025\/10\/1H2A5475-1024x1536.jpg 1024w, https:\/\/agencechance.com\/wp-content\/uploads\/2025\/10\/1H2A5475-1366x2048.jpg 1366w, https:\/\/agencechance.com\/wp-content\/uploads\/2025\/10\/1H2A5475-8x12.jpg 8w, https:\/\/agencechance.com\/wp-content\/uploads\/2025\/10\/1H2A5475-400x600.jpg 400w\" sizes=\"(max-width: 1707px) 100vw, 1707px\" title=\"\">\t\t\t\t\t\t\t\t\t\t\t\t\t\t\t<\/div>\n\t\t\t\t<\/div>\n\t\t\t\t<\/div>\n\t\t\t\t<div class=\"elementor-element elementor-element-04fe379 elementor-widget elementor-widget-button\" data-id=\"04fe379\" data-element_type=\"widget\" data-widget_type=\"button.default\">\n\t\t\t\t<div class=\"elementor-widget-container\">\n\t\t\t\t\t\t\t\t\t<div class=\"elementor-button-wrapper\">\n\t\t\t\t\t<a class=\"elementor-button elementor-button-link elementor-size-sm\" href=\"\/fr\/contacts\/\">\n\t\t\t\t\t\t<span class=\"elementor-button-content-wrapper\">\n\t\t\t\t\t\t\t\t\t<span class=\"elementor-button-text\">Consultation personnalis\u00e9e<\/span>\n\t\t\t\t\t<\/span>\n\t\t\t\t\t<\/a>\n\t\t\t\t<\/div>\n\t\t\t\t\t\t\t\t<\/div>\n\t\t\t\t<\/div>\n\t\t\t\t\t<\/div>\n\t\t\t\t<\/div>\n\t\t<div class=\"elementor-element elementor-element-2c15b9ab twbb_section e-flex e-con-boxed e-con e-parent\" data-id=\"2c15b9ab\" data-element_type=\"container\">\n\t\t\t\t\t<div class=\"e-con-inner\">\n\t\t\t\t<div class=\"elementor-element elementor-element-41b2346e elementor-widget__width-initial elementor-widget-mobile__width-inherit elementor-widget-tablet__width-initial elementor-invisible elementor-widget elementor-widget-heading\" data-id=\"41b2346e\" data-element_type=\"widget\" data-settings=\"{&quot;_animation&quot;:&quot;fadeInUp&quot;}\" data-widget_type=\"heading.default\">\n\t\t\t\t<div class=\"elementor-widget-container\">\n\t\t\t\t\t<h2 class=\"elementor-heading-title elementor-size-default\">Tarif<\/h2>\t\t\t\t<\/div>\n\t\t\t\t<\/div>\n\t\t<div class=\"elementor-element elementor-element-a5c12e7 e-con-full e-flex e-con e-child\" data-id=\"a5c12e7\" data-element_type=\"container\">\n\t\t\t\t<div class=\"elementor-element elementor-element-7d6bd2d6 elementor-widget__width-initial elementor-widget-mobile__width-inherit elementor-widget-tablet__width-initial elementor-widget elementor-widget-image\" data-id=\"7d6bd2d6\" data-element_type=\"widget\" data-widget_type=\"image.default\">\n\t\t\t\t<div class=\"elementor-widget-container\">\n\t\t\t\t\t\t\t\t\t\t\t\t\t\t\t<img decoding=\"async\" width=\"1667\" height=\"2500\" src=\"https:\/\/agencechance.com\/wp-content\/uploads\/2025\/10\/001412.jpg\" class=\"attachment-full size-full wp-image-3353\" alt=\"\u0421\u0432\u0430\u0434\u0435\u0431\u043d\u044b\u0435 \u043f\u043e\u0434\u0440\u044f\u0434\u0447\u0438\u043a\u0438 Agence Chance\" srcset=\"https:\/\/agencechance.com\/wp-content\/uploads\/2025\/10\/001412.jpg 1667w, https:\/\/agencechance.com\/wp-content\/uploads\/2025\/10\/001412-200x300.jpg 200w, https:\/\/agencechance.com\/wp-content\/uploads\/2025\/10\/001412-683x1024.jpg 683w, https:\/\/agencechance.com\/wp-content\/uploads\/2025\/10\/001412-768x1152.jpg 768w, https:\/\/agencechance.com\/wp-content\/uploads\/2025\/10\/001412-1024x1536.jpg 1024w, https:\/\/agencechance.com\/wp-content\/uploads\/2025\/10\/001412-1366x2048.jpg 1366w, https:\/\/agencechance.com\/wp-content\/uploads\/2025\/10\/001412-8x12.jpg 8w, https:\/\/agencechance.com\/wp-content\/uploads\/2025\/10\/001412-400x600.jpg 400w\" sizes=\"(max-width: 1667px) 100vw, 1667px\" title=\"\">\t\t\t\t\t\t\t\t\t\t\t\t\t\t\t<\/div>\n\t\t\t\t<\/div>\n\t\t<div class=\"elementor-element elementor-element-31e440fb e-con-full e-flex e-con e-child\" data-id=\"31e440fb\" data-element_type=\"container\">\n\t\t\t\t<div class=\"elementor-element elementor-element-3651eada elementor-widget__width-initial elementor-widget-mobile__width-inherit elementor-widget-tablet__width-initial elementor-invisible elementor-widget elementor-widget-text-editor\" data-id=\"3651eada\" data-element_type=\"widget\" data-settings=\"{&quot;_animation&quot;:&quot;fadeInUp&quot;}\" data-widget_type=\"text-editor.default\">\n\t\t\t\t<div class=\"elementor-widget-container\">\n\t\t\t\t\t\t\t\t\t<p><strong>\u00a0<\/strong>\u00e0 partir de 3 500 euros<\/p><p>Le format convient \u00e0 un mariage pour 2 + jusqu'\u00e0 10 invit\u00e9s dans un lieu ext\u00e9rieur \u00e0 Paris.<\/p><p><strong>Ce que le package comprend :<\/strong><\/p><ul><li>Nous travaillons avec vous ind\u00e9finiment sur WhatsApp pour pr\u00e9parer votre mariage et environ 5-6 heures le jour m\u00eame.<\/li><li>Coiffure et maquillage de la mari\u00e9e avec le d\u00e9placement  du sp\u00e9cialiste \u00e0 l'h\u00f4tel (2-3 heures)<\/li><li>Bouquet de la mari\u00e9e et boutonni\u00e8re du mari\u00e9 (livraison \u00e0 l'h\u00f4tel)<\/li><li>Photographe professionnel - 3 heures (pr\u00e9paratifs de la mari\u00e9e, c\u00e9r\u00e9monie, s\u00e9rie de photos du couple) et 100 photos trait\u00e9es dans un d\u00e9lai d'une semaine.<\/li><li>Voiture pour le transfert de l'h\u00f4tel au lieu de la c\u00e9r\u00e9monie, \u00e0 la s\u00e9ance photo et au retour \u00e0 l'h\u00f4tel (2 heures)<\/li><li>Ma\u00eetre de c\u00e9r\u00e9monie (15 minutes)<\/li><li>Violon (accompagnement en direct de la c\u00e9r\u00e9monie) - 15 minutes<\/li><li>Pr\u00e9sence du reels-maker \u00e0 la c\u00e9r\u00e9monie et au shooting photo (30 minutes), il  livre le reels (courte vid\u00e9o finale) et des rushes pour les stories dans la semaine.<\/li><\/ul><p><strong>Services compl\u00e9mentaires<\/strong><\/p><p>Comme notre agence propose une gamme compl\u00e8te de services pour les mariages, nous pouvons enrichir ce forfait de toute option suppl\u00e9mentaire :<\/p><ul><li>D\u00e9jeuner ou d\u00eener dans un restaurant<\/li><li>Transport et h\u00e9bergement des invit\u00e9s<\/li><li>Programme de divertissement<\/li><li>Organisation d'un banquet complet pour un nombre illimit\u00e9 d'invit\u00e9s<\/li><\/ul>\t\t\t\t\t\t\t\t<\/div>\n\t\t\t\t<\/div>\n\t\t\t\t<\/div>\n\t\t\t\t<\/div>\n\t\t\t\t\t<\/div>\n\t\t\t\t<\/div>\n\t\t<div class=\"elementor-element elementor-element-595faa37 e-flex e-con-boxed e-con e-parent\" data-id=\"595faa37\" data-element_type=\"container\">\n\t\t\t\t\t<div class=\"e-con-inner\">\n\t\t\t\t<div class=\"elementor-element elementor-element-2d74f974 elementor-widget elementor-widget-button\" data-id=\"2d74f974\" data-element_type=\"widget\" data-widget_type=\"button.default\">\n\t\t\t\t<div class=\"elementor-widget-container\">\n\t\t\t\t\t\t\t\t\t<div class=\"elementor-button-wrapper\">\n\t\t\t\t\t<a class=\"elementor-button elementor-button-link elementor-size-sm\" href=\"https:\/\/agencechance.com\/fr\/services\/\">\n\t\t\t\t\t\t<span class=\"elementor-button-content-wrapper\">\n\t\t\t\t\t\t\t\t\t<span class=\"elementor-button-text\">Retour aux services<\/span>\n\t\t\t\t\t<\/span>\n\t\t\t\t\t<\/a>\n\t\t\t\t<\/div>\n\t\t\t\t\t\t\t\t<\/div>\n\t\t\t\t<\/div>\n\t\t\t\t\t<\/div>\n\t\t\t\t<\/div>\n\t\t\t\t<\/div>","protected":false},"excerpt":{"rendered":"<p>\u0423\u0441\u043b\u0443\u0433\u0438\u0421\u0432\u0430\u0434\u044c\u0431\u0430 \u043d\u0430 \u0434\u0432\u043e\u0438\u0445 \u0421\u0432\u0430\u0434\u044c\u0431\u0430 \u043d\u0430 \u0434\u0432\u043e\u0438\u0445 \u0432 \u041f\u0430\u0440\u0438\u0436\u0435 \u041a\u0440\u0430\u0441\u0438\u0432\u044b\u0439 \u043f\u0440\u0430\u0437\u0434\u043d\u0438\u043a \u0432 \u041f\u0430\u0440\u0438\u0436\u0435 \u0431\u0435\u0437 \u0445\u043b\u043e\u043f\u043e\u0442 \u0438 \u043c\u043d\u043e\u0433\u043e\u0447\u0438\u0441\u043b\u0435\u043d\u043d\u044b\u0445 \u0433\u043e\u0441\u0442\u0435\u0439.\u00a0 \u041a\u0430\u043a \u044d\u0442\u043e \u0440\u0430\u0431\u043e\u0442\u0430\u0435\u0442 \u0412 \u0434\u0435\u043d\u044c \u0441\u0432\u0430\u0434\u044c\u0431\u044b \u0443\u0442\u0440\u043e\u043c \u043a \u0432\u0430\u043c \u0432 \u043e\u0442\u0435\u043b\u044c \u043f\u0440\u0438\u0435\u0437\u0436\u0430\u0435\u0442 \u043d\u0430\u0448 \u0432\u0438\u0437\u0430\u0436\u0438\u0441\u0442 \u0438 \u043f\u0430\u0440\u0438\u043a\u043c\u0430\u0445\u0435\u0440, \u0447\u0442\u043e\u0431\u044b \u043f\u043e\u0434\u0433\u043e\u0442\u043e\u0432\u0438\u0442\u044c \u043d\u0435\u0432\u0435\u0441\u0442\u0443 \u043a \u0442\u043e\u0440\u0436\u0435\u0441\u0442\u0432\u0443. \u041d\u0430 \u044d\u0442\u043e \u0443\u0445\u043e\u0434\u0438\u0442 \u043e\u043a\u043e\u043b\u043e \u0442\u0440\u0451\u0445 \u0447\u0430\u0441\u043e\u0432. \u041a \u043a\u043e\u043d\u0446\u0443 \u043f\u043e\u0434\u0433\u043e\u0442\u043e\u0432\u043a\u0438 \u043a \u043d\u0435\u0432\u0435\u0441\u0442\u0435 \u043f\u0440\u0438\u0441\u043e\u0435\u0434\u0438\u043d\u044f\u0435\u0442\u0441\u044f \u0444\u043e\u0442\u043e\u0433\u0440\u0430\u0444, \u043a\u043e\u0442\u043e\u0440\u044b\u0439 \u0437\u0430\u043f\u0435\u0447\u0430\u0442\u043b\u0435\u0432\u0430\u0435\u0442 \u0441\u0430\u043c\u044b\u0435 \u043d\u0435\u0436\u043d\u044b\u0435 [&hellip;]<\/p>\n","protected":false},"author":4,"featured_media":0,"parent":0,"menu_order":0,"comment_status":"closed","ping_status":"closed","template":"","meta":{"footnotes":""},"class_list":["post-2292","page","type-page","status-publish","hentry"],"rttpg_featured_image_url":null,"rttpg_author":{"display_name":"tulumbasov.denis00@mail.ru","author_link":"https:\/\/agencechance.com\/fr\/blog\/author\/tulumbasov-denis00mail-ru\/"},"rttpg_comment":0,"rttpg_category":null,"rttpg_excerpt":"\u0423\u0441\u043b\u0443\u0433\u0438\u0421\u0432\u0430\u0434\u044c\u0431\u0430 \u043d\u0430 \u0434\u0432\u043e\u0438\u0445 \u0421\u0432\u0430\u0434\u044c\u0431\u0430 \u043d\u0430 \u0434\u0432\u043e\u0438\u0445 \u0432 \u041f\u0430\u0440\u0438\u0436\u0435 \u041a\u0440\u0430\u0441\u0438\u0432\u044b\u0439 \u043f\u0440\u0430\u0437\u0434\u043d\u0438\u043a \u0432 \u041f\u0430\u0440\u0438\u0436\u0435 \u0431\u0435\u0437 \u0445\u043b\u043e\u043f\u043e\u0442 \u0438 \u043c\u043d\u043e\u0433\u043e\u0447\u0438\u0441\u043b\u0435\u043d\u043d\u044b\u0445 \u0433\u043e\u0441\u0442\u0435\u0439.\u00a0 \u041a\u0430\u043a \u044d\u0442\u043e \u0440\u0430\u0431\u043e\u0442\u0430\u0435\u0442 \u0412 \u0434\u0435\u043d\u044c \u0441\u0432\u0430\u0434\u044c\u0431\u044b \u0443\u0442\u0440\u043e\u043c \u043a \u0432\u0430\u043c \u0432 \u043e\u0442\u0435\u043b\u044c \u043f\u0440\u0438\u0435\u0437\u0436\u0430\u0435\u0442 \u043d\u0430\u0448 \u0432\u0438\u0437\u0430\u0436\u0438\u0441\u0442 \u0438 \u043f\u0430\u0440\u0438\u043a\u043c\u0430\u0445\u0435\u0440, \u0447\u0442\u043e\u0431\u044b \u043f\u043e\u0434\u0433\u043e\u0442\u043e\u0432\u0438\u0442\u044c \u043d\u0435\u0432\u0435\u0441\u0442\u0443 \u043a \u0442\u043e\u0440\u0436\u0435\u0441\u0442\u0432\u0443. \u041d\u0430 \u044d\u0442\u043e \u0443\u0445\u043e\u0434\u0438\u0442 \u043e\u043a\u043e\u043b\u043e \u0442\u0440\u0451\u0445 \u0447\u0430\u0441\u043e\u0432. \u041a \u043a\u043e\u043d\u0446\u0443 \u043f\u043e\u0434\u0433\u043e\u0442\u043e\u0432\u043a\u0438 \u043a \u043d\u0435\u0432\u0435\u0441\u0442\u0435 \u043f\u0440\u0438\u0441\u043e\u0435\u0434\u0438\u043d\u044f\u0435\u0442\u0441\u044f \u0444\u043e\u0442\u043e\u0433\u0440\u0430\u0444, \u043a\u043e\u0442\u043e\u0440\u044b\u0439 \u0437\u0430\u043f\u0435\u0447\u0430\u0442\u043b\u0435\u0432\u0430\u0435\u0442 \u0441\u0430\u043c\u044b\u0435 \u043d\u0435\u0436\u043d\u044b\u0435\u2026","_links":{"self":[{"href":"https:\/\/agencechance.com\/fr\/wp-json\/wp\/v2\/pages\/2292","targetHints":{"allow":["GET"]}}],"collection":[{"href":"https:\/\/agencechance.com\/fr\/wp-json\/wp\/v2\/pages"}],"about":[{"href":"https:\/\/agencechance.com\/fr\/wp-json\/wp\/v2\/types\/page"}],"author":[{"embeddable":true,"href":"https:\/\/agencechance.com\/fr\/wp-json\/wp\/v2\/users\/4"}],"replies":[{"embeddable":true,"href":"https:\/\/agencechance.com\/fr\/wp-json\/wp\/v2\/comments?post=2292"}],"version-history":[{"count":0,"href":"https:\/\/agencechance.com\/fr\/wp-json\/wp\/v2\/pages\/2292\/revisions"}],"wp:attachment":[{"href":"https:\/\/agencechance.com\/fr\/wp-json\/wp\/v2\/media?parent=2292"}],"curies":[{"name":"wp","href":"https:\/\/api.w.org\/{rel}","templated":true}]}}