{"id":2310,"date":"2025-10-15T18:58:44","date_gmt":"2025-10-15T18:58:44","guid":{"rendered":"https:\/\/agencechance.com\/?page_id=2310"},"modified":"2026-01-29T08:47:59","modified_gmt":"2026-01-29T08:47:59","slug":"wedding-anniversary","status":"publish","type":"page","link":"https:\/\/agencechance.com\/fr\/wedding-anniversary\/","title":{"rendered":"Anniversaire de mariage"},"content":{"rendered":"<div data-elementor-type=\"wp-page\" data-elementor-id=\"2310\" class=\"elementor elementor-2310\">\n\t\t\t\t<div class=\"elementor-element elementor-element-25e0db80 e-flex e-con-boxed e-con e-parent\" data-id=\"25e0db80\" data-element_type=\"container\">\n\t\t\t\t\t<div class=\"e-con-inner\">\n\t\t\t\t<div class=\"elementor-element elementor-element-32d5606d elementor-widget elementor-widget-html\" data-id=\"32d5606d\" data-element_type=\"widget\" data-widget_type=\"html.default\">\n\t\t\t\t<div class=\"elementor-widget-container\">\n\t\t\t\t\t<div class=\"bread\" style=\"display:flex;gap: 10px;font-size: 14px;font-weight: 500;font-family: 'Montserrat';\"><a href=\"https:\/\/agencechance.com\/fr\/services\/\" style=\"    font-family: 'Montserrat';\">Services<\/a><span class=\"breadcrumb-separator\" style=\"    width: 7px;\"><svg aria-hidden=\"true\" class=\"e-font-icon-svg e-fa-angle-right\" viewbox=\"0 0 256 512\" xmlns=\"http:\/\/www.w3.org\/2000\/svg\"><path d=\"M224.3 273l-136 136c-9.4 9.4-24.6 9.4-33.9 0l-22.6-22.6c-9.4-9.4-9.4-24.6 0-33.9l96.4-96.4-96.4-96.4c-9.4-9.4-9.4-24.6 0-33.9L54.3 103c9.4-9.4 24.6-9.4 33.9 0l136 136c9.5 9.4 9.5 24.6.1 34z\"><\/path><\/svg><\/span><span>Anniversaire de mariage<\/span><\/div>\t\t\t\t<\/div>\n\t\t\t\t<\/div>\n\t\t\t\t\t<\/div>\n\t\t\t\t<\/div>\n\t\t<div class=\"elementor-element elementor-element-6ec59f65 twbb_section twbb_full_h e-flex e-con-boxed e-con e-parent\" data-id=\"6ec59f65\" data-element_type=\"container\">\n\t\t\t\t\t<div class=\"e-con-inner\">\n\t\t<div class=\"elementor-element elementor-element-3eb463bd e-con-full e-flex e-con e-child\" data-id=\"3eb463bd\" data-element_type=\"container\">\n\t\t\t\t<div class=\"elementor-element elementor-element-43dcf05f elementor-widget__width-initial elementor-widget-mobile__width-inherit elementor-widget-tablet__width-initial twbb-slider-inner-position-outside twbb-speed-linear-no elementor--h-position-center elementor-widget elementor-widget-twbb_slides\" data-id=\"43dcf05f\" data-element_type=\"widget\" data-settings=\"{&quot;navigation&quot;:&quot;none&quot;,&quot;space_between&quot;:{&quot;unit&quot;:&quot;px&quot;,&quot;size&quot;:0,&quot;sizes&quot;:[]},&quot;slides_per_view&quot;:&quot;3&quot;,&quot;slides_per_view_mobile&quot;:1,&quot;speed_liner&quot;:&quot;no&quot;,&quot;transition&quot;:&quot;slide&quot;,&quot;transition_speed&quot;:500,&quot;space_between_tablet&quot;:{&quot;unit&quot;:&quot;px&quot;,&quot;size&quot;:10,&quot;sizes&quot;:[]},&quot;space_between_mobile&quot;:{&quot;unit&quot;:&quot;px&quot;,&quot;size&quot;:10,&quot;sizes&quot;:[]}}\" data-widget_type=\"twbb_slides.default\">\n\t\t\t\t<div class=\"elementor-widget-container\">\n\t\t\t\t\t\t\t<div class=\"elementor-swiper\">\n\t\t\t<div class=\"twbb_slides-wrapper elementor-main-swiper swiper\" dir=\"ltr\" data-animation=\"\">\n\t\t\t\t<div class=\"swiper-wrapper twbb_slides-widget\">\n                                        <div class=\"elementor-repeater-item-effz3gho swiper-slide\"><div class=\"swiper-slide-bg\"><\/div><div class=\"elementor-background-overlay\"><\/div><div class=\"swiper-slide-inner\" ><div class=\"swiper-slide-contents\"><\/div><\/div><\/div>\t\t\t\t<\/div>\n\t\t\t\t\t\t\t<\/div>\n\t\t<\/div>\n\t\t\t\t\t\t<\/div>\n\t\t\t\t<\/div>\n\t\t\t\t<div class=\"elementor-element elementor-element-37fb03c7 elementor-absolute elementor-widget elementor-widget-image\" data-id=\"37fb03c7\" data-element_type=\"widget\" data-settings=\"{&quot;_position&quot;:&quot;absolute&quot;}\" data-widget_type=\"image.default\">\n\t\t\t\t<div class=\"elementor-widget-container\">\n\t\t\t\t\t\t\t\t\t\t\t\t\t\t\t<img fetchpriority=\"high\" decoding=\"async\" width=\"300\" height=\"300\" src=\"https:\/\/agencechance.com\/wp-content\/uploads\/2025\/10\/Group-11-300x300.png\" class=\"attachment-medium size-medium wp-image-2264\" alt=\"\u041b\u043e\u0433\u043e\u0442\u0438\u043f Agence Chance\" srcset=\"https:\/\/agencechance.com\/wp-content\/uploads\/2025\/10\/Group-11-300x300.png 300w, https:\/\/agencechance.com\/wp-content\/uploads\/2025\/10\/Group-11-150x150.png 150w, https:\/\/agencechance.com\/wp-content\/uploads\/2025\/10\/Group-11-12x12.png 12w, https:\/\/agencechance.com\/wp-content\/uploads\/2025\/10\/Group-11.png 400w\" sizes=\"(max-width: 300px) 100vw, 300px\" title=\"\">\t\t\t\t\t\t\t\t\t\t\t\t\t\t\t<\/div>\n\t\t\t\t<\/div>\n\t\t\t\t<\/div>\n\t\t<div class=\"elementor-element elementor-element-4a851ea e-flex e-con-boxed e-con e-child\" data-id=\"4a851ea\" data-element_type=\"container\" data-settings=\"{&quot;position&quot;:&quot;absolute&quot;}\">\n\t\t\t\t\t<div class=\"e-con-inner\">\n\t\t\t\t<div class=\"elementor-element elementor-element-4a61484 elementor-widget__width-initial elementor-widget-mobile__width-inherit elementor-widget-tablet__width-initial elementor-invisible elementor-widget elementor-widget-heading\" data-id=\"4a61484\" data-element_type=\"widget\" data-settings=\"{&quot;_animation&quot;:&quot;fadeInUp&quot;}\" data-widget_type=\"heading.default\">\n\t\t\t\t<div class=\"elementor-widget-container\">\n\t\t\t\t\t<h1 class=\"elementor-heading-title elementor-size-default\">Anniversaire de mariage<\/h1>\t\t\t\t<\/div>\n\t\t\t\t<\/div>\n\t\t\t\t<div class=\"elementor-element elementor-element-3fff655e elementor-widget__width-initial elementor-widget-mobile__width-inherit elementor-widget-tablet__width-initial elementor-invisible elementor-widget elementor-widget-text-editor\" data-id=\"3fff655e\" data-element_type=\"widget\" data-settings=\"{&quot;_animation&quot;:&quot;fadeInUp&quot;}\" data-widget_type=\"text-editor.default\">\n\t\t\t\t<div class=\"elementor-widget-container\">\n\t\t\t\t\t\t\t\t\t<p>Un an, cinq ans ou vingt-cinq ans, l'amour est toujours le m\u00eame. Un forfait cr\u00e9\u00e9 pour ceux qui veulent revivre leur grand jour et se dire un \u00ab Oui \u00bb r\u00e9alis\u00e9 au c\u0153ur de Paris.<\/p>\t\t\t\t\t\t\t\t<\/div>\n\t\t\t\t<\/div>\n\t\t\t\t\t<\/div>\n\t\t\t\t<\/div>\n\t\t\t\t\t<\/div>\n\t\t\t\t<\/div>\n\t\t<div class=\"elementor-element elementor-element-44fc1333 twbb_section e-flex e-con-boxed e-con e-parent\" data-id=\"44fc1333\" data-element_type=\"container\">\n\t\t\t\t\t<div class=\"e-con-inner\">\n\t\t\t\t<div class=\"elementor-element elementor-element-5d51662a elementor-widget__width-initial elementor-widget-mobile__width-inherit elementor-widget-tablet__width-initial elementor-invisible elementor-widget elementor-widget-heading\" data-id=\"5d51662a\" data-element_type=\"widget\" data-settings=\"{&quot;_animation&quot;:&quot;fadeInUp&quot;}\" data-widget_type=\"heading.default\">\n\t\t\t\t<div class=\"elementor-widget-container\">\n\t\t\t\t\t<h2 class=\"elementor-heading-title elementor-size-default\">Comment cela fonctionne-t-il ?<\/h2>\t\t\t\t<\/div>\n\t\t\t\t<\/div>\n\t\t<div class=\"elementor-element elementor-element-7c100e1d e-con-full e-flex e-con e-child\" data-id=\"7c100e1d\" data-element_type=\"container\">\n\t\t\t\t<div class=\"elementor-element elementor-element-12f17a13 elementor-widget__width-initial elementor-widget-mobile__width-inherit elementor-widget-tablet__width-initial elementor-widget elementor-widget-image\" data-id=\"12f17a13\" data-element_type=\"widget\" data-widget_type=\"image.default\">\n\t\t\t\t<div class=\"elementor-widget-container\">\n\t\t\t\t\t\t\t\t\t\t\t\t\t\t\t<img decoding=\"async\" width=\"934\" height=\"1400\" src=\"https:\/\/agencechance.com\/wp-content\/uploads\/2025\/10\/IMG_7822.jpg\" class=\"attachment-full size-full wp-image-2666\" alt=\"\u042e\u0431\u0438\u043b\u0435\u0439 \u0441\u0432\u0430\u0434\u044c\u0431\u044b \u043e\u0442 Agence Chance\" srcset=\"https:\/\/agencechance.com\/wp-content\/uploads\/2025\/10\/IMG_7822.jpg 934w, https:\/\/agencechance.com\/wp-content\/uploads\/2025\/10\/IMG_7822-200x300.jpg 200w, https:\/\/agencechance.com\/wp-content\/uploads\/2025\/10\/IMG_7822-683x1024.jpg 683w, https:\/\/agencechance.com\/wp-content\/uploads\/2025\/10\/IMG_7822-768x1151.jpg 768w, https:\/\/agencechance.com\/wp-content\/uploads\/2025\/10\/IMG_7822-8x12.jpg 8w, https:\/\/agencechance.com\/wp-content\/uploads\/2025\/10\/IMG_7822-400x600.jpg 400w\" sizes=\"(max-width: 934px) 100vw, 934px\" title=\"\">\t\t\t\t\t\t\t\t\t\t\t\t\t\t\t<\/div>\n\t\t\t\t<\/div>\n\t\t<div class=\"elementor-element elementor-element-4ad666f9 e-con-full e-flex e-con e-child\" data-id=\"4ad666f9\" data-element_type=\"container\">\n\t\t\t\t<div class=\"elementor-element elementor-element-7f7127f1 elementor-widget__width-initial elementor-widget-mobile__width-inherit elementor-widget-tablet__width-initial elementor-invisible elementor-widget elementor-widget-text-editor\" data-id=\"7f7127f1\" data-element_type=\"widget\" data-settings=\"{&quot;_animation&quot;:&quot;fadeInUp&quot;}\" data-widget_type=\"text-editor.default\">\n\t\t\t\t<div class=\"elementor-widget-container\">\n\t\t\t\t\t\t\t\t\t<p>La journ\u00e9e commence \u00e0 votre h\u00f4tel. Notre maquilleur et coiffeur se rendent aupr\u00e8s de la mari\u00e9e pour cr\u00e9er un look \u00e9l\u00e9gant, inspir\u00e9 par l'esth\u00e9tique nuptiale. Tout se d\u00e9roule dans le calme, au sein d'une atmosph\u00e8re confortable empreinte de l'attente de la f\u00eate.<\/p><p>Vers la fin des pr\u00e9paratifs, le photographe se joint \u00e0 vous. Il immortalise les moments \u00e9mouvants : le sourire, l'\u00e9clat des yeux, les d\u00e9tails de la robe et cette l\u00e9g\u00e8re mais famili\u00e8re \u00e9motion que conna\u00eet chaque mari\u00e9e.<\/p><p>Vient ensuite le moment de la premi\u00e8re rencontre (le First Look) \u2014 le mari\u00e9 d\u00e9couvre pour la premi\u00e8re fois sa fianc\u00e9e dans sa tenue de mari\u00e9e. Le photographe capture ces \u00e9motions sinc\u00e8res, les rires et les embrassades.<\/p><p>Apr\u00e8s cela, une voiture avec chauffeur vient chercher le couple pour vous conduire vers un lieu parisien ext\u00e9rieur pr\u00e9s\u00e9lectionn\u00e9 pour votre c\u00e9r\u00e9monie symbolique.<\/p><p>Sur place, vous \u00eates accueillis par le maitre de c\u00e9r\u00e9monie et une violoniste, cr\u00e9ant une atmosph\u00e8re unique. Vous \u00e9changez \u00e0 nouveau vos v\u0153ux, confirmant ainsi vos sentiments.<\/p><p>Le photographe et le cr\u00e9ateur de reels travaillent c\u00f4te \u00e0 c\u00f4te, capturant tous les d\u00e9tails \u2014 des regards aux baisers. Apr\u00e8s la courte c\u00e9r\u00e9monie, vous continuez une s\u00e9ance photo romantique \u00e0 travers Paris, profitant de ce moment privil\u00e9gi\u00e9 en t\u00eate-\u00e0-t\u00eate.<\/p><p>La journ\u00e9e s'ach\u00e8ve par un d\u00eener dans un restaurant parisien avec vue sur la Tour Eiffel \u2014 une coupe de champagne, les lumi\u00e8res douces de la ville et le sentiment chaleureux d'un bonheur inoubliable.<\/p><p class=\"translation-block\">D\u00e9couvrez en d\u00e9tail <a href=\"https:\/\/agencechance.com\/fr\/blog\/info\/godovschiny-svadeb\/\" target=\"_self\">ce que symbolisent les anniversaires de mariage<\/a>.<\/p>\t\t\t\t\t\t\t\t<\/div>\n\t\t\t\t<\/div>\n\t\t\t\t<\/div>\n\t\t\t\t<\/div>\n\t\t\t\t<div class=\"elementor-element elementor-element-3383df80 elementor-widget elementor-widget-button\" data-id=\"3383df80\" data-element_type=\"widget\" data-widget_type=\"button.default\">\n\t\t\t\t<div class=\"elementor-widget-container\">\n\t\t\t\t\t\t\t\t\t<div class=\"elementor-button-wrapper\">\n\t\t\t\t\t<a class=\"elementor-button elementor-button-link elementor-size-sm\" href=\"\/fr\/contacts\/\">\n\t\t\t\t\t\t<span class=\"elementor-button-content-wrapper\">\n\t\t\t\t\t\t\t\t\t<span class=\"elementor-button-text\">Consultation personnalis\u00e9e<\/span>\n\t\t\t\t\t<\/span>\n\t\t\t\t\t<\/a>\n\t\t\t\t<\/div>\n\t\t\t\t\t\t\t\t<\/div>\n\t\t\t\t<\/div>\n\t\t\t\t\t<\/div>\n\t\t\t\t<\/div>\n\t\t<div class=\"elementor-element elementor-element-68a371f3 twbb_section e-flex e-con-boxed e-con e-parent\" data-id=\"68a371f3\" data-element_type=\"container\">\n\t\t\t\t\t<div class=\"e-con-inner\">\n\t\t\t\t<div class=\"elementor-element elementor-element-5a72e7fb elementor-widget__width-initial elementor-widget-mobile__width-inherit elementor-widget-tablet__width-initial elementor-invisible elementor-widget elementor-widget-heading\" data-id=\"5a72e7fb\" data-element_type=\"widget\" data-settings=\"{&quot;_animation&quot;:&quot;fadeInUp&quot;}\" data-widget_type=\"heading.default\">\n\t\t\t\t<div class=\"elementor-widget-container\">\n\t\t\t\t\t<h2 class=\"elementor-heading-title elementor-size-default\">Tarif<\/h2>\t\t\t\t<\/div>\n\t\t\t\t<\/div>\n\t\t<div class=\"elementor-element elementor-element-b7e77bf e-con-full e-flex e-con e-child\" data-id=\"b7e77bf\" data-element_type=\"container\">\n\t\t<div class=\"elementor-element elementor-element-4f5af74b e-con-full e-flex e-con e-child\" data-id=\"4f5af74b\" data-element_type=\"container\">\n\t\t\t\t<div class=\"elementor-element elementor-element-6307f939 elementor-widget__width-initial elementor-widget-mobile__width-inherit elementor-widget-tablet__width-initial elementor-invisible elementor-widget elementor-widget-text-editor\" data-id=\"6307f939\" data-element_type=\"widget\" data-settings=\"{&quot;_animation&quot;:&quot;fadeInUp&quot;}\" data-widget_type=\"text-editor.default\">\n\t\t\t\t<div class=\"elementor-widget-container\">\n\t\t\t\t\t\t\t\t\t<p>\u00e0 partir de 4 000 euros<\/p><p><strong>Ce que le paquet comprend<\/strong><\/p><ul><li>Nous travaillons avec vous pendant un temps illimit\u00e9 pour pr\u00e9parer votre mariage sur WhatsApp et pendant environ 6 heures le jour m\u00eame.<\/li><li>Coiffure et maquillage de la mari\u00e9e avec le d\u00e9placement  du sp\u00e9cialiste \u00e0 l'h\u00f4tel (2-3 heures)<\/li><li>Bouquet de la mari\u00e9e et boutonni\u00e8re du mari\u00e9 (livraison \u00e0 l'h\u00f4tel)<\/li><li>Photographe professionnel - 3 heures (pr\u00e9paratifs de la mari\u00e9e, c\u00e9r\u00e9monie, seance photos de couple - 1 lieu + restaurant) et 100 photos trait\u00e9es pendant la semaine.<\/li><li>Voiture pour le transfert de l'h\u00f4tel au lieu de la c\u00e9r\u00e9monie et au restaurant (2 heures)<\/li><li>Ma\u00eetre de c\u00e9r\u00e9monie (15 minutes)<\/li><li>Violon (accompagnement en direct de la c\u00e9r\u00e9monie) - 15 minutes<\/li><li>Pr\u00e9sence du r\u00e9alisateur de bobines \u00e0 la c\u00e9r\u00e9monie et \u00e0 la s\u00e9ance photo (30 minutes) : il tourne et livre des bobines (courte vid\u00e9o finale) et des sources pour les articles pendant la semaine.<\/li><li>D\u00eener dans un grand restaurant parisien avec vue sur la Tour Eiffel<\/li><\/ul><p><strong>Services compl\u00e9mentaires<\/strong><\/p><p>Comme notre agence propose une gamme compl\u00e8te de services pour les mariages, nous pouvons modifier ce forfait comme vous le souhaitez ou l'enrichir d'options suppl\u00e9mentaires :<\/p><ul><li>D\u00e9jeuner ou d\u00eener avec des invit\u00e9s<\/li><li>Transport et h\u00e9bergement des invit\u00e9s<\/li><li>Programme de divertissement<\/li><li>Organisation d'un banquet complet pour un nombre illimit\u00e9 d'invit\u00e9s<\/li><\/ul>\t\t\t\t\t\t\t\t<\/div>\n\t\t\t\t<\/div>\n\t\t\t\t<div class=\"elementor-element elementor-element-e464f77 elementor-widget elementor-widget-button\" data-id=\"e464f77\" data-element_type=\"widget\" data-widget_type=\"button.default\">\n\t\t\t\t<div class=\"elementor-widget-container\">\n\t\t\t\t\t\t\t\t\t<div class=\"elementor-button-wrapper\">\n\t\t\t\t\t<a class=\"elementor-button elementor-button-link elementor-size-sm\" href=\"https:\/\/agencechance.com\/blog\/info\/godovschiny-svadeb\/\">\n\t\t\t\t\t\t<span class=\"elementor-button-content-wrapper\">\n\t\t\t\t\t\t\t\t\t<span class=\"elementor-button-text\">En savoir plus<\/span>\n\t\t\t\t\t<\/span>\n\t\t\t\t\t<\/a>\n\t\t\t\t<\/div>\n\t\t\t\t\t\t\t\t<\/div>\n\t\t\t\t<\/div>\n\t\t\t\t<\/div>\n\t\t\t\t<div class=\"elementor-element elementor-element-199427c7 elementor-widget__width-initial elementor-widget-mobile__width-inherit elementor-widget-tablet__width-initial elementor-widget elementor-widget-image\" data-id=\"199427c7\" data-element_type=\"widget\" data-widget_type=\"image.default\">\n\t\t\t\t<div class=\"elementor-widget-container\">\n\t\t\t\t\t\t\t\t\t\t\t\t\t\t\t<img decoding=\"async\" width=\"1467\" height=\"2200\" src=\"https:\/\/agencechance.com\/wp-content\/uploads\/2025\/10\/\u042e\u0431\u0438\u043b\u0435\u04392.jpg\" class=\"attachment-full size-full wp-image-2665\" alt=\"\u042e\u0431\u0438\u043b\u0435\u0439 \u0441\u0432\u0430\u0434\u044c\u0431\u044b \u043e\u0442 Agence Chance\" srcset=\"https:\/\/agencechance.com\/wp-content\/uploads\/2025\/10\/\u042e\u0431\u0438\u043b\u0435\u04392.jpg 1467w, https:\/\/agencechance.com\/wp-content\/uploads\/2025\/10\/\u042e\u0431\u0438\u043b\u0435\u04392-200x300.jpg 200w, https:\/\/agencechance.com\/wp-content\/uploads\/2025\/10\/\u042e\u0431\u0438\u043b\u0435\u04392-683x1024.jpg 683w, https:\/\/agencechance.com\/wp-content\/uploads\/2025\/10\/\u042e\u0431\u0438\u043b\u0435\u04392-768x1152.jpg 768w, https:\/\/agencechance.com\/wp-content\/uploads\/2025\/10\/\u042e\u0431\u0438\u043b\u0435\u04392-1024x1536.jpg 1024w, https:\/\/agencechance.com\/wp-content\/uploads\/2025\/10\/\u042e\u0431\u0438\u043b\u0435\u04392-1366x2048.jpg 1366w, https:\/\/agencechance.com\/wp-content\/uploads\/2025\/10\/\u042e\u0431\u0438\u043b\u0435\u04392-8x12.jpg 8w, https:\/\/agencechance.com\/wp-content\/uploads\/2025\/10\/\u042e\u0431\u0438\u043b\u0435\u04392-400x600.jpg 400w\" sizes=\"(max-width: 1467px) 100vw, 1467px\" title=\"\">\t\t\t\t\t\t\t\t\t\t\t\t\t\t\t<\/div>\n\t\t\t\t<\/div>\n\t\t\t\t<\/div>\n\t\t\t\t\t<\/div>\n\t\t\t\t<\/div>\n\t\t<div class=\"elementor-element elementor-element-3a8b8ce e-flex e-con-boxed e-con e-parent\" data-id=\"3a8b8ce\" data-element_type=\"container\">\n\t\t\t\t\t<div class=\"e-con-inner\">\n\t\t\t\t<div class=\"elementor-element elementor-element-07e26bb elementor-widget elementor-widget-button\" data-id=\"07e26bb\" data-element_type=\"widget\" data-widget_type=\"button.default\">\n\t\t\t\t<div class=\"elementor-widget-container\">\n\t\t\t\t\t\t\t\t\t<div class=\"elementor-button-wrapper\">\n\t\t\t\t\t<a class=\"elementor-button elementor-button-link elementor-size-sm\" href=\"https:\/\/agencechance.com\/fr\/services\/\">\n\t\t\t\t\t\t<span class=\"elementor-button-content-wrapper\">\n\t\t\t\t\t\t\t\t\t<span class=\"elementor-button-text\">Retour aux services<\/span>\n\t\t\t\t\t<\/span>\n\t\t\t\t\t<\/a>\n\t\t\t\t<\/div>\n\t\t\t\t\t\t\t\t<\/div>\n\t\t\t\t<\/div>\n\t\t\t\t\t<\/div>\n\t\t\t\t<\/div>\n\t\t\t\t<\/div>","protected":false},"excerpt":{"rendered":"<p>\u0423\u0441\u043b\u0443\u0433\u0438\u042e\u0431\u0438\u043b\u0435\u0439 \u0441\u0432\u0430\u0434\u044c\u0431\u044b \u042e\u0431\u0438\u043b\u0435\u0439 \u0441\u0432\u0430\u0434\u044c\u0431\u044b \u041e\u0434\u0438\u043d \u0433\u043e\u0434, \u043f\u044f\u0442\u044c \u0438\u043b\u0438 \u0434\u0432\u0430\u0434\u0446\u0430\u0442\u044c \u043f\u044f\u0442\u044c \u2014 \u043b\u044e\u0431\u043e\u0432\u044c \u0432\u0441\u0451 \u0442\u0430 \u0436\u0435. \u041f\u0430\u043a\u0435\u0442 \u0441\u043e\u0437\u0434\u0430\u043d \u0434\u043b\u044f \u0442\u0435\u0445, \u043a\u0442\u043e \u0445\u043e\u0447\u0435\u0442 \u0432\u043d\u043e\u0432\u044c \u043f\u0435\u0440\u0435\u0436\u0438\u0442\u044c \u0441\u0432\u043e\u0439 \u0413\u043b\u0430\u0432\u043d\u044b\u0439 \u0414\u0435\u043d\u044c \u0438 \u0441\u043a\u0430\u0437\u0430\u0442\u044c \u0434\u0440\u0443\u0433 \u0434\u0440\u0443\u0433\u0443 \u043e\u0441\u043e\u0437\u043d\u0430\u043d\u043d\u043e\u0435 \u201cOUI\u201d \u0432 \u0441\u0430\u043c\u043e\u043c \u0441\u0435\u0440\u0434\u0446\u0435 \u041f\u0430\u0440\u0438\u0436\u0430 \u041a\u0430\u043a \u044d\u0442\u043e \u0440\u0430\u0431\u043e\u0442\u0430\u0435\u0442 \u0414\u0435\u043d\u044c \u043d\u0430\u0447\u0438\u043d\u0430\u0435\u0442\u0441\u044f \u0432 \u0432\u0430\u0448\u0435\u043c \u043e\u0442\u0435\u043b\u0435. \u041a \u043d\u0435\u0432\u0435\u0441\u0442\u0435 \u043f\u0440\u0438\u0435\u0437\u0436\u0430\u0435\u0442 \u043d\u0430\u0448 \u0432\u0438\u0437\u0430\u0436\u0438\u0441\u0442 \u0438 \u043f\u0430\u0440\u0438\u043a\u043c\u0430\u0445\u0435\u0440, \u0447\u0442\u043e\u0431\u044b \u0441\u043e\u0437\u0434\u0430\u0442\u044c \u044d\u043b\u0435\u0433\u0430\u043d\u0442\u043d\u044b\u0439 \u043e\u0431\u0440\u0430\u0437, [&hellip;]<\/p>\n","protected":false},"author":4,"featured_media":0,"parent":0,"menu_order":0,"comment_status":"closed","ping_status":"closed","template":"","meta":{"footnotes":""},"class_list":["post-2310","page","type-page","status-publish","hentry"],"rttpg_featured_image_url":null,"rttpg_author":{"display_name":"tulumbasov.denis00@mail.ru","author_link":"https:\/\/agencechance.com\/fr\/blog\/author\/tulumbasov-denis00mail-ru\/"},"rttpg_comment":0,"rttpg_category":null,"rttpg_excerpt":"\u0423\u0441\u043b\u0443\u0433\u0438\u042e\u0431\u0438\u043b\u0435\u0439 \u0441\u0432\u0430\u0434\u044c\u0431\u044b \u042e\u0431\u0438\u043b\u0435\u0439 \u0441\u0432\u0430\u0434\u044c\u0431\u044b \u041e\u0434\u0438\u043d \u0433\u043e\u0434, \u043f\u044f\u0442\u044c \u0438\u043b\u0438 \u0434\u0432\u0430\u0434\u0446\u0430\u0442\u044c \u043f\u044f\u0442\u044c \u2014 \u043b\u044e\u0431\u043e\u0432\u044c \u0432\u0441\u0451 \u0442\u0430 \u0436\u0435. \u041f\u0430\u043a\u0435\u0442 \u0441\u043e\u0437\u0434\u0430\u043d \u0434\u043b\u044f \u0442\u0435\u0445, \u043a\u0442\u043e \u0445\u043e\u0447\u0435\u0442 \u0432\u043d\u043e\u0432\u044c \u043f\u0435\u0440\u0435\u0436\u0438\u0442\u044c \u0441\u0432\u043e\u0439 \u0413\u043b\u0430\u0432\u043d\u044b\u0439 \u0414\u0435\u043d\u044c \u0438 \u0441\u043a\u0430\u0437\u0430\u0442\u044c \u0434\u0440\u0443\u0433 \u0434\u0440\u0443\u0433\u0443 \u043e\u0441\u043e\u0437\u043d\u0430\u043d\u043d\u043e\u0435 \u201cOUI\u201d \u0432 \u0441\u0430\u043c\u043e\u043c \u0441\u0435\u0440\u0434\u0446\u0435 \u041f\u0430\u0440\u0438\u0436\u0430 \u041a\u0430\u043a \u044d\u0442\u043e \u0440\u0430\u0431\u043e\u0442\u0430\u0435\u0442 \u0414\u0435\u043d\u044c \u043d\u0430\u0447\u0438\u043d\u0430\u0435\u0442\u0441\u044f \u0432 \u0432\u0430\u0448\u0435\u043c \u043e\u0442\u0435\u043b\u0435. \u041a \u043d\u0435\u0432\u0435\u0441\u0442\u0435 \u043f\u0440\u0438\u0435\u0437\u0436\u0430\u0435\u0442 \u043d\u0430\u0448 \u0432\u0438\u0437\u0430\u0436\u0438\u0441\u0442 \u0438 \u043f\u0430\u0440\u0438\u043a\u043c\u0430\u0445\u0435\u0440, \u0447\u0442\u043e\u0431\u044b \u0441\u043e\u0437\u0434\u0430\u0442\u044c \u044d\u043b\u0435\u0433\u0430\u043d\u0442\u043d\u044b\u0439 \u043e\u0431\u0440\u0430\u0437,\u2026","_links":{"self":[{"href":"https:\/\/agencechance.com\/fr\/wp-json\/wp\/v2\/pages\/2310","targetHints":{"allow":["GET"]}}],"collection":[{"href":"https:\/\/agencechance.com\/fr\/wp-json\/wp\/v2\/pages"}],"about":[{"href":"https:\/\/agencechance.com\/fr\/wp-json\/wp\/v2\/types\/page"}],"author":[{"embeddable":true,"href":"https:\/\/agencechance.com\/fr\/wp-json\/wp\/v2\/users\/4"}],"replies":[{"embeddable":true,"href":"https:\/\/agencechance.com\/fr\/wp-json\/wp\/v2\/comments?post=2310"}],"version-history":[{"count":0,"href":"https:\/\/agencechance.com\/fr\/wp-json\/wp\/v2\/pages\/2310\/revisions"}],"wp:attachment":[{"href":"https:\/\/agencechance.com\/fr\/wp-json\/wp\/v2\/media?parent=2310"}],"curies":[{"name":"wp","href":"https:\/\/api.w.org\/{rel}","templated":true}]}}