{"id":2441,"date":"2025-10-17T18:05:49","date_gmt":"2025-10-17T18:05:49","guid":{"rendered":"https:\/\/agencechance.com\/?page_id=2441"},"modified":"2026-01-29T08:53:16","modified_gmt":"2026-01-29T08:53:16","slug":"weekend-paris","status":"publish","type":"page","link":"https:\/\/agencechance.com\/fr\/weekend-paris\/","title":{"rendered":"Week-end romantique"},"content":{"rendered":"<div data-elementor-type=\"wp-page\" data-elementor-id=\"2441\" class=\"elementor elementor-2441\">\n\t\t\t\t<div class=\"elementor-element elementor-element-225bdce7 e-flex e-con-boxed e-con e-parent\" data-id=\"225bdce7\" data-element_type=\"container\">\n\t\t\t\t\t<div class=\"e-con-inner\">\n\t\t\t\t<div class=\"elementor-element elementor-element-6991a2e9 elementor-widget elementor-widget-html\" data-id=\"6991a2e9\" data-element_type=\"widget\" data-widget_type=\"html.default\">\n\t\t\t\t<div class=\"elementor-widget-container\">\n\t\t\t\t\t<div class=\"bread\" style=\"display:flex;gap: 10px;font-size: 14px;font-weight: 500;font-family: 'Montserrat';\"><a href=\"https:\/\/agencechance.com\/fr\/services\/\" style=\"    font-family: 'Montserrat';\">Services<\/a><span class=\"breadcrumb-separator\" style=\"    width: 7px;\"><svg aria-hidden=\"true\" class=\"e-font-icon-svg e-fa-angle-right\" viewbox=\"0 0 256 512\" xmlns=\"http:\/\/www.w3.org\/2000\/svg\"><path d=\"M224.3 273l-136 136c-9.4 9.4-24.6 9.4-33.9 0l-22.6-22.6c-9.4-9.4-9.4-24.6 0-33.9l96.4-96.4-96.4-96.4c-9.4-9.4-9.4-24.6 0-33.9L54.3 103c9.4-9.4 24.6-9.4 33.9 0l136 136c9.5 9.4 9.5 24.6.1 34z\"><\/path><\/svg><\/span><span>Week-end romantique<\/span><\/div>\t\t\t\t<\/div>\n\t\t\t\t<\/div>\n\t\t\t\t\t<\/div>\n\t\t\t\t<\/div>\n\t\t<div class=\"elementor-element elementor-element-5a1eb084 twbb_section twbb_full_h e-flex e-con-boxed e-con e-parent\" data-id=\"5a1eb084\" data-element_type=\"container\">\n\t\t\t\t\t<div class=\"e-con-inner\">\n\t\t<div class=\"elementor-element elementor-element-45adfc45 e-con-full e-flex e-con e-child\" data-id=\"45adfc45\" data-element_type=\"container\">\n\t\t\t\t<div class=\"elementor-element elementor-element-7382e96f elementor-widget__width-initial elementor-widget-mobile__width-inherit elementor-widget-tablet__width-initial twbb-slider-inner-position-outside twbb-speed-linear-no elementor--h-position-center elementor-widget elementor-widget-twbb_slides\" data-id=\"7382e96f\" data-element_type=\"widget\" data-settings=\"{&quot;navigation&quot;:&quot;none&quot;,&quot;space_between&quot;:{&quot;unit&quot;:&quot;px&quot;,&quot;size&quot;:0,&quot;sizes&quot;:[]},&quot;slides_per_view&quot;:&quot;3&quot;,&quot;slides_per_view_mobile&quot;:1,&quot;speed_liner&quot;:&quot;no&quot;,&quot;transition&quot;:&quot;slide&quot;,&quot;transition_speed&quot;:500,&quot;space_between_tablet&quot;:{&quot;unit&quot;:&quot;px&quot;,&quot;size&quot;:10,&quot;sizes&quot;:[]},&quot;space_between_mobile&quot;:{&quot;unit&quot;:&quot;px&quot;,&quot;size&quot;:10,&quot;sizes&quot;:[]}}\" data-widget_type=\"twbb_slides.default\">\n\t\t\t\t<div class=\"elementor-widget-container\">\n\t\t\t\t\t\t\t<div class=\"elementor-swiper\">\n\t\t\t<div class=\"twbb_slides-wrapper elementor-main-swiper swiper\" dir=\"ltr\" data-animation=\"\">\n\t\t\t\t<div class=\"swiper-wrapper twbb_slides-widget\">\n                                        <div class=\"elementor-repeater-item-effz3gho swiper-slide\"><div class=\"swiper-slide-bg\"><\/div><div class=\"elementor-background-overlay\"><\/div><div class=\"swiper-slide-inner\" ><div class=\"swiper-slide-contents\"><\/div><\/div><\/div>\t\t\t\t<\/div>\n\t\t\t\t\t\t\t<\/div>\n\t\t<\/div>\n\t\t\t\t\t\t<\/div>\n\t\t\t\t<\/div>\n\t\t\t\t<div class=\"elementor-element elementor-element-c7fd73 elementor-absolute elementor-widget elementor-widget-image\" data-id=\"c7fd73\" data-element_type=\"widget\" data-settings=\"{&quot;_position&quot;:&quot;absolute&quot;}\" data-widget_type=\"image.default\">\n\t\t\t\t<div class=\"elementor-widget-container\">\n\t\t\t\t\t\t\t\t\t\t\t\t\t\t\t<img fetchpriority=\"high\" decoding=\"async\" width=\"300\" height=\"300\" src=\"https:\/\/agencechance.com\/wp-content\/uploads\/2025\/10\/Group-11-300x300.png\" class=\"attachment-medium size-medium wp-image-2264\" alt=\"\u041b\u043e\u0433\u043e\u0442\u0438\u043f Agence Chance\" srcset=\"https:\/\/agencechance.com\/wp-content\/uploads\/2025\/10\/Group-11-300x300.png 300w, https:\/\/agencechance.com\/wp-content\/uploads\/2025\/10\/Group-11-150x150.png 150w, https:\/\/agencechance.com\/wp-content\/uploads\/2025\/10\/Group-11-12x12.png 12w, https:\/\/agencechance.com\/wp-content\/uploads\/2025\/10\/Group-11.png 400w\" sizes=\"(max-width: 300px) 100vw, 300px\" title=\"\">\t\t\t\t\t\t\t\t\t\t\t\t\t\t\t<\/div>\n\t\t\t\t<\/div>\n\t\t\t\t<\/div>\n\t\t<div class=\"elementor-element elementor-element-7cf6696e e-flex e-con-boxed e-con e-child\" data-id=\"7cf6696e\" data-element_type=\"container\" data-settings=\"{&quot;position&quot;:&quot;absolute&quot;}\">\n\t\t\t\t\t<div class=\"e-con-inner\">\n\t\t\t\t<div class=\"elementor-element elementor-element-2ed84a04 elementor-widget__width-initial elementor-widget-mobile__width-inherit elementor-widget-tablet__width-initial elementor-invisible elementor-widget elementor-widget-heading\" data-id=\"2ed84a04\" data-element_type=\"widget\" data-settings=\"{&quot;_animation&quot;:&quot;fadeInUp&quot;}\" data-widget_type=\"heading.default\">\n\t\t\t\t<div class=\"elementor-widget-container\">\n\t\t\t\t\t<h1 class=\"elementor-heading-title elementor-size-default\">Week-end romantique \u00e0 Paris<\/h1>\t\t\t\t<\/div>\n\t\t\t\t<\/div>\n\t\t\t\t<div class=\"elementor-element elementor-element-37da51db elementor-widget__width-initial elementor-widget-mobile__width-inherit elementor-widget-tablet__width-initial elementor-invisible elementor-widget elementor-widget-text-editor\" data-id=\"37da51db\" data-element_type=\"widget\" data-settings=\"{&quot;_animation&quot;:&quot;fadeInUp&quot;}\" data-widget_type=\"text-editor.default\">\n\t\t\t\t<div class=\"elementor-widget-container\">\n\t\t\t\t\t\t\t\t\t<p>Parfait pour les couples qui sont ensemble depuis un certain temps et qui veulent ajouter un peu de magie et de piquant \u00e0 leur relation.<\/p>\t\t\t\t\t\t\t\t<\/div>\n\t\t\t\t<\/div>\n\t\t\t\t\t<\/div>\n\t\t\t\t<\/div>\n\t\t\t\t\t<\/div>\n\t\t\t\t<\/div>\n\t\t<div class=\"elementor-element elementor-element-be7dea7 twbb_section e-flex e-con-boxed e-con e-parent\" data-id=\"be7dea7\" data-element_type=\"container\">\n\t\t\t\t\t<div class=\"e-con-inner\">\n\t\t<div class=\"elementor-element elementor-element-23f5d26e e-con-full e-flex e-con e-child\" data-id=\"23f5d26e\" data-element_type=\"container\">\n\t\t\t\t<div class=\"elementor-element elementor-element-5ee20f74 elementor-widget__width-initial elementor-widget-mobile__width-inherit elementor-widget-tablet__width-initial elementor-invisible elementor-widget elementor-widget-heading\" data-id=\"5ee20f74\" data-element_type=\"widget\" data-settings=\"{&quot;_animation&quot;:&quot;fadeInUp&quot;}\" data-widget_type=\"heading.default\">\n\t\t\t\t<div class=\"elementor-widget-container\">\n\t\t\t\t\t<h2 class=\"elementor-heading-title elementor-size-default\">Comment cela fonctionne-t-il ?<\/h2>\t\t\t\t<\/div>\n\t\t\t\t<\/div>\n\t\t\t\t<div class=\"elementor-element elementor-element-31fa0697 elementor-widget__width-initial elementor-widget-mobile__width-inherit elementor-widget-tablet__width-initial elementor-invisible elementor-widget elementor-widget-text-editor\" data-id=\"31fa0697\" data-element_type=\"widget\" data-settings=\"{&quot;_animation&quot;:&quot;fadeInUp&quot;}\" data-widget_type=\"text-editor.default\">\n\t\t\t\t<div class=\"elementor-widget-container\">\n\t\t\t\t\t\t\t\t\t<p><strong>Dur\u00e9e :<\/strong> 3 jours \/ 2 nuits<\/p><p><strong>Jour 1.<\/strong><br \/>Vous arrivez \u00e0 Paris, o\u00f9 notre chauffeur vous accueille et vous conduit \u00e0 un h\u00f4tel confortable dans le quartier boh\u00e8me du 6e arrondissement \u2014 Saint-Germain-des-Pr\u00e9s. Ce quartier, v\u00e9ritable c\u0153ur de Paris, est r\u00e9put\u00e9 pour ses rues et caf\u00e9s o\u00f9 l'on croise souvent des acteurs de cin\u00e9ma c\u00e9l\u00e8bres et o\u00f9 il est possible d'\u00e9changer avec eux.<br \/>Le soir, vous d\u00eenerez dans l'authentique restaurant Procope, le point de d\u00e9part id\u00e9al de votre week-end parisien. C'est ici que Marat et Robespierre ont discut\u00e9 sur la D\u00e9claration des droits de l'homme en 1789. Un v\u00e9ritable chef-d'\u0153uvre gastronomique - le coq au vin - sera le point culminant de votre journ\u00e9e.<\/p><p><strong>Jour 2.<\/strong><br \/>Apr\u00e8s le petit-d\u00e9jeuner, notre sp\u00e9cialiste coiffure et maquillage se rendra \u00e0 votre h\u00f4tel pour vous pr\u00e9parer \u00e0 une promenade photo romantique sur le th\u00e8me du \u00ab Cin\u00e9ma fran\u00e7ais \u00bb. Vous vivrez une v\u00e9ritable love story et repartirez avec des clich\u00e9s magnifiques.<\/p><p>Le soir, place \u00e0 une nuit dans le style parisien ! Nous vous proposerons au choix :<\/p><ul><li>un d\u00eener et un spectacle de cabaret,<\/li><li>une soir\u00e9e dans une bo\u00eete de nuit chic,<\/li><li>ou (sur demande) une visite dans un club priv\u00e9 parisien pour adultes pour pimenter votre week-end.<\/li><\/ul><p><strong>Jour 3.<\/strong><br \/>Apr\u00e8s le petit-d\u00e9jeuner et le check-out, un transfert vous conduira \u00e0 l'a\u00e9roport.<\/p>\t\t\t\t\t\t\t\t<\/div>\n\t\t\t\t<\/div>\n\t\t\t\t<\/div>\n\t\t\t\t<div class=\"elementor-element elementor-element-2274352c elementor-widget__width-initial elementor-widget-mobile__width-inherit elementor-widget-tablet__width-initial elementor-widget elementor-widget-image\" data-id=\"2274352c\" data-element_type=\"widget\" data-widget_type=\"image.default\">\n\t\t\t\t<div class=\"elementor-widget-container\">\n\t\t\t\t\t\t\t\t\t\t\t\t\t\t\t<img decoding=\"async\" width=\"2200\" height=\"1467\" src=\"https:\/\/agencechance.com\/wp-content\/uploads\/2025\/10\/\u0420\u043e\u043c\u0430\u043d\u0442\u0438\u0447\u0435\u0441\u043a\u0438\u0439-\u0443\u0436\u0438\u043d-\u0432-\u041f\u0430\u0440\u0438\u0436\u0435-1.jpg\" class=\"attachment-full size-full wp-image-2659\" alt=\"\u0420\u043e\u043c\u0430\u043d\u0442\u0438\u0447\u0435\u0441\u043a\u0438\u0435 \u0432\u044b\u0445\u043e\u0434\u043d\u044b\u0435 \u0432 \u041f\u0430\u0440\u0438\u0436\u0435 \u043e\u0442 Agence Chance\" srcset=\"https:\/\/agencechance.com\/wp-content\/uploads\/2025\/10\/\u0420\u043e\u043c\u0430\u043d\u0442\u0438\u0447\u0435\u0441\u043a\u0438\u0439-\u0443\u0436\u0438\u043d-\u0432-\u041f\u0430\u0440\u0438\u0436\u0435-1.jpg 2200w, https:\/\/agencechance.com\/wp-content\/uploads\/2025\/10\/\u0420\u043e\u043c\u0430\u043d\u0442\u0438\u0447\u0435\u0441\u043a\u0438\u0439-\u0443\u0436\u0438\u043d-\u0432-\u041f\u0430\u0440\u0438\u0436\u0435-1-300x200.jpg 300w, https:\/\/agencechance.com\/wp-content\/uploads\/2025\/10\/\u0420\u043e\u043c\u0430\u043d\u0442\u0438\u0447\u0435\u0441\u043a\u0438\u0439-\u0443\u0436\u0438\u043d-\u0432-\u041f\u0430\u0440\u0438\u0436\u0435-1-1024x683.jpg 1024w, https:\/\/agencechance.com\/wp-content\/uploads\/2025\/10\/\u0420\u043e\u043c\u0430\u043d\u0442\u0438\u0447\u0435\u0441\u043a\u0438\u0439-\u0443\u0436\u0438\u043d-\u0432-\u041f\u0430\u0440\u0438\u0436\u0435-1-768x512.jpg 768w, https:\/\/agencechance.com\/wp-content\/uploads\/2025\/10\/\u0420\u043e\u043c\u0430\u043d\u0442\u0438\u0447\u0435\u0441\u043a\u0438\u0439-\u0443\u0436\u0438\u043d-\u0432-\u041f\u0430\u0440\u0438\u0436\u0435-1-1536x1024.jpg 1536w, https:\/\/agencechance.com\/wp-content\/uploads\/2025\/10\/\u0420\u043e\u043c\u0430\u043d\u0442\u0438\u0447\u0435\u0441\u043a\u0438\u0439-\u0443\u0436\u0438\u043d-\u0432-\u041f\u0430\u0440\u0438\u0436\u0435-1-2048x1366.jpg 2048w, https:\/\/agencechance.com\/wp-content\/uploads\/2025\/10\/\u0420\u043e\u043c\u0430\u043d\u0442\u0438\u0447\u0435\u0441\u043a\u0438\u0439-\u0443\u0436\u0438\u043d-\u0432-\u041f\u0430\u0440\u0438\u0436\u0435-1-18x12.jpg 18w, https:\/\/agencechance.com\/wp-content\/uploads\/2025\/10\/\u0420\u043e\u043c\u0430\u043d\u0442\u0438\u0447\u0435\u0441\u043a\u0438\u0439-\u0443\u0436\u0438\u043d-\u0432-\u041f\u0430\u0440\u0438\u0436\u0435-1-600x400.jpg 600w\" sizes=\"(max-width: 2200px) 100vw, 2200px\" title=\"\">\t\t\t\t\t\t\t\t\t\t\t\t\t\t\t<\/div>\n\t\t\t\t<\/div>\n\t\t\t\t<div class=\"elementor-element elementor-element-380611cc elementor-widget elementor-widget-button\" data-id=\"380611cc\" data-element_type=\"widget\" data-widget_type=\"button.default\">\n\t\t\t\t<div class=\"elementor-widget-container\">\n\t\t\t\t\t\t\t\t\t<div class=\"elementor-button-wrapper\">\n\t\t\t\t\t<a class=\"elementor-button elementor-button-link elementor-size-sm\" href=\"\/fr\/contacts\/\">\n\t\t\t\t\t\t<span class=\"elementor-button-content-wrapper\">\n\t\t\t\t\t\t\t\t\t<span class=\"elementor-button-text\">Consultation personnalis\u00e9e<\/span>\n\t\t\t\t\t<\/span>\n\t\t\t\t\t<\/a>\n\t\t\t\t<\/div>\n\t\t\t\t\t\t\t\t<\/div>\n\t\t\t\t<\/div>\n\t\t\t\t\t<\/div>\n\t\t\t\t<\/div>\n\t\t<div class=\"elementor-element elementor-element-2cca182d twbb_section e-flex e-con-boxed e-con e-parent\" data-id=\"2cca182d\" data-element_type=\"container\">\n\t\t\t\t\t<div class=\"e-con-inner\">\n\t\t\t\t<div class=\"elementor-element elementor-element-76e33408 elementor-widget__width-initial elementor-widget-mobile__width-inherit elementor-widget-tablet__width-initial elementor-invisible elementor-widget elementor-widget-heading\" data-id=\"76e33408\" data-element_type=\"widget\" data-settings=\"{&quot;_animation&quot;:&quot;fadeInUp&quot;}\" data-widget_type=\"heading.default\">\n\t\t\t\t<div class=\"elementor-widget-container\">\n\t\t\t\t\t<h2 class=\"elementor-heading-title elementor-size-default\">Tarif<\/h2>\t\t\t\t<\/div>\n\t\t\t\t<\/div>\n\t\t<div class=\"elementor-element elementor-element-31560b78 e-con-full e-flex e-con e-child\" data-id=\"31560b78\" data-element_type=\"container\">\n\t\t<div class=\"elementor-element elementor-element-25bed5e5 e-con-full e-flex e-con e-child\" data-id=\"25bed5e5\" data-element_type=\"container\">\n\t\t\t\t<div class=\"elementor-element elementor-element-525063fa elementor-widget__width-initial elementor-widget-mobile__width-inherit elementor-widget-tablet__width-initial elementor-invisible elementor-widget elementor-widget-text-editor\" data-id=\"525063fa\" data-element_type=\"widget\" data-settings=\"{&quot;_animation&quot;:&quot;fadeInUp&quot;}\" data-widget_type=\"text-editor.default\">\n\t\t\t\t<div class=\"elementor-widget-container\">\n\t\t\t\t\t\t\t\t\t<p>\u00e0 partir de 3000\u20ac pour 2 personnes<\/p><p><strong>Ce que le package comprend :<\/strong><\/p><ul><li>Programmation et suivi illimit\u00e9s via WhatsApp<\/li><li>Transfert : a\u00e9roport \u2013 h\u00f4tel \u2013 a\u00e9roport<\/li><li>2 nuits en chambre double dans un boutique h\u00f4tel 3-4* \u00e0 Paris, 6\u00e8me arrondissement Saint Germain des Pr\u00e9s, avec petit d\u00e9jeuner<\/li><li>D\u00eener pour deux au restaurant Procope le premier jour (ou \u00e9quivalent)<\/li><li>D\u00eener et spectacle le soir 2<\/li><li>Coiffure et maquillage de la mari\u00e9e avec le d\u00e9placement  du sp\u00e9cialiste \u00e0 l'h\u00f4tel (2-3 heures)<\/li><li>Photographe professionnel - 2 heures de Love Story et 50 photos trait\u00e9es pendant la semaine<\/li><\/ul><p><strong>Les frais suppl\u00e9mentaires sont les suivants\u00a0<\/strong><\/p><ul><li>D\u00e9jeuner du jour 2 (\u00e0 votre charge)<\/li><li>Spicy Club + 100 euros par personne (total 200 euros)<\/li><\/ul><p>\u00a0<\/p>\t\t\t\t\t\t\t\t<\/div>\n\t\t\t\t<\/div>\n\t\t\t\t<\/div>\n\t\t\t\t<div class=\"elementor-element elementor-element-6aa6c23a elementor-widget__width-initial elementor-widget-mobile__width-inherit elementor-widget-tablet__width-initial elementor-widget elementor-widget-image\" data-id=\"6aa6c23a\" data-element_type=\"widget\" data-widget_type=\"image.default\">\n\t\t\t\t<div class=\"elementor-widget-container\">\n\t\t\t\t\t\t\t\t\t\t\t\t\t\t\t<img decoding=\"async\" width=\"2200\" height=\"1467\" src=\"https:\/\/agencechance.com\/wp-content\/uploads\/2025\/10\/IMG_7757.jpg\" class=\"attachment-full size-full wp-image-2660\" alt=\"\u0420\u043e\u043c\u0430\u043d\u0442\u0438\u0447\u0435\u0441\u043a\u0438\u0435 \u0432\u044b\u0445\u043e\u0434\u043d\u044b\u0435 \u0432 \u041f\u0430\u0440\u0438\u0436\u0435 \u043e\u0442 Agence Chance\" srcset=\"https:\/\/agencechance.com\/wp-content\/uploads\/2025\/10\/IMG_7757.jpg 2200w, https:\/\/agencechance.com\/wp-content\/uploads\/2025\/10\/IMG_7757-300x200.jpg 300w, https:\/\/agencechance.com\/wp-content\/uploads\/2025\/10\/IMG_7757-1024x683.jpg 1024w, https:\/\/agencechance.com\/wp-content\/uploads\/2025\/10\/IMG_7757-768x512.jpg 768w, https:\/\/agencechance.com\/wp-content\/uploads\/2025\/10\/IMG_7757-1536x1024.jpg 1536w, https:\/\/agencechance.com\/wp-content\/uploads\/2025\/10\/IMG_7757-2048x1366.jpg 2048w, https:\/\/agencechance.com\/wp-content\/uploads\/2025\/10\/IMG_7757-18x12.jpg 18w, https:\/\/agencechance.com\/wp-content\/uploads\/2025\/10\/IMG_7757-600x400.jpg 600w\" sizes=\"(max-width: 2200px) 100vw, 2200px\" title=\"\">\t\t\t\t\t\t\t\t\t\t\t\t\t\t\t<\/div>\n\t\t\t\t<\/div>\n\t\t\t\t<\/div>\n\t\t\t\t\t<\/div>\n\t\t\t\t<\/div>\n\t\t<div class=\"elementor-element elementor-element-500ea7c7 e-flex e-con-boxed e-con e-parent\" data-id=\"500ea7c7\" data-element_type=\"container\">\n\t\t\t\t\t<div class=\"e-con-inner\">\n\t\t\t\t<div class=\"elementor-element elementor-element-3adfb574 elementor-widget elementor-widget-button\" data-id=\"3adfb574\" data-element_type=\"widget\" data-widget_type=\"button.default\">\n\t\t\t\t<div class=\"elementor-widget-container\">\n\t\t\t\t\t\t\t\t\t<div class=\"elementor-button-wrapper\">\n\t\t\t\t\t<a class=\"elementor-button elementor-button-link elementor-size-sm\" href=\"https:\/\/agencechance.com\/fr\/services\/\">\n\t\t\t\t\t\t<span class=\"elementor-button-content-wrapper\">\n\t\t\t\t\t\t\t\t\t<span class=\"elementor-button-text\">Retour aux services<\/span>\n\t\t\t\t\t<\/span>\n\t\t\t\t\t<\/a>\n\t\t\t\t<\/div>\n\t\t\t\t\t\t\t\t<\/div>\n\t\t\t\t<\/div>\n\t\t\t\t\t<\/div>\n\t\t\t\t<\/div>\n\t\t\t\t<\/div>","protected":false},"excerpt":{"rendered":"<p>\u0423\u0441\u043b\u0443\u0433\u0438\u0420\u043e\u043c\u0430\u043d\u0442\u0438\u0447\u0435\u0441\u043a\u0438\u0439 \u0443\u0438\u043a\u0435\u043d\u0434 \u0432 \u041f\u0430\u0440\u0438\u0436\u0435 \u0420\u043e\u043c\u0430\u043d\u0442\u0438\u0447\u0435\u0441\u043a\u0438\u0435 \u0432\u044b\u0445\u043e\u0434\u043d\u044b\u0435 \u0432 \u041f\u0430\u0440\u0438\u0436\u0435 \u0418\u0434\u0435\u0430\u043b\u044c\u043d\u044b\u0439 \u0432\u0430\u0440\u0438\u0430\u043d\u0442 \u0434\u043b\u044f \u043f\u0430\u0440, \u043a\u043e\u0442\u043e\u0440\u044b\u0435 \u0443\u0436\u0435 \u0434\u0430\u0432\u043d\u043e \u0432\u043c\u0435\u0441\u0442\u0435, \u0438 \u0445\u043e\u0442\u044f\u0442 \u0434\u043e\u0431\u0430\u0432\u0438\u0442\u044c \u0432 \u0441\u0432\u043e\u0438 \u043e\u0442\u043d\u043e\u0448\u0435\u043d\u0438\u044f \u043d\u0435\u043c\u043d\u043e\u0433\u043e \u0432\u043e\u043b\u0448\u0435\u0431\u0441\u0442\u0432\u0430 \u0438 \u043f\u0435\u0440\u0447\u0438\u043d\u043a\u0438. \u041a\u0430\u043a \u044d\u0442\u043e \u0440\u0430\u0431\u043e\u0442\u0430\u0435\u0442 \u041f\u0440\u043e\u0434\u043e\u043b\u0436\u0438\u0442\u0435\u043b\u044c\u043d\u043e\u0441\u0442\u044c: 3 \u0434\u043d\u044f \/ 2 \u043d\u043e\u0447\u0438 \u0414\u0435\u043d\u044c 1.\u0412\u044b \u043f\u0440\u0438\u043b\u0435\u0442\u0430\u0435\u0442\u0435 \u0432 \u041f\u0430\u0440\u0438\u0436, \u0433\u0434\u0435 \u0432\u0430\u0441 \u0432\u0441\u0442\u0440\u0435\u0447\u0430\u0435\u0442 \u043d\u0430\u0448 \u0432\u043e\u0434\u0438\u0442\u0435\u043b\u044c \u0438 \u043e\u0442\u0432\u043e\u0437\u0438\u0442 \u0432 \u0443\u044e\u0442\u043d\u044b\u0439 \u043e\u0442\u0435\u043b\u044c \u0432 \u0431\u043e\u0433\u0435\u043c\u043d\u043e\u043c 6 \u043e\u043a\u0440\u0443\u0433\u0435 \u2014 [&hellip;]<\/p>\n","protected":false},"author":4,"featured_media":0,"parent":0,"menu_order":0,"comment_status":"closed","ping_status":"closed","template":"","meta":{"footnotes":""},"class_list":["post-2441","page","type-page","status-publish","hentry"],"rttpg_featured_image_url":null,"rttpg_author":{"display_name":"tulumbasov.denis00@mail.ru","author_link":"https:\/\/agencechance.com\/fr\/blog\/author\/tulumbasov-denis00mail-ru\/"},"rttpg_comment":0,"rttpg_category":null,"rttpg_excerpt":"\u0423\u0441\u043b\u0443\u0433\u0438\u0420\u043e\u043c\u0430\u043d\u0442\u0438\u0447\u0435\u0441\u043a\u0438\u0439 \u0443\u0438\u043a\u0435\u043d\u0434 \u0432 \u041f\u0430\u0440\u0438\u0436\u0435 \u0420\u043e\u043c\u0430\u043d\u0442\u0438\u0447\u0435\u0441\u043a\u0438\u0435 \u0432\u044b\u0445\u043e\u0434\u043d\u044b\u0435 \u0432 \u041f\u0430\u0440\u0438\u0436\u0435 \u0418\u0434\u0435\u0430\u043b\u044c\u043d\u044b\u0439 \u0432\u0430\u0440\u0438\u0430\u043d\u0442 \u0434\u043b\u044f \u043f\u0430\u0440, \u043a\u043e\u0442\u043e\u0440\u044b\u0435 \u0443\u0436\u0435 \u0434\u0430\u0432\u043d\u043e \u0432\u043c\u0435\u0441\u0442\u0435, \u0438 \u0445\u043e\u0442\u044f\u0442 \u0434\u043e\u0431\u0430\u0432\u0438\u0442\u044c \u0432 \u0441\u0432\u043e\u0438 \u043e\u0442\u043d\u043e\u0448\u0435\u043d\u0438\u044f \u043d\u0435\u043c\u043d\u043e\u0433\u043e \u0432\u043e\u043b\u0448\u0435\u0431\u0441\u0442\u0432\u0430 \u0438 \u043f\u0435\u0440\u0447\u0438\u043d\u043a\u0438. \u041a\u0430\u043a \u044d\u0442\u043e \u0440\u0430\u0431\u043e\u0442\u0430\u0435\u0442 \u041f\u0440\u043e\u0434\u043e\u043b\u0436\u0438\u0442\u0435\u043b\u044c\u043d\u043e\u0441\u0442\u044c: 3 \u0434\u043d\u044f \/ 2 \u043d\u043e\u0447\u0438 \u0414\u0435\u043d\u044c 1.\u0412\u044b \u043f\u0440\u0438\u043b\u0435\u0442\u0430\u0435\u0442\u0435 \u0432 \u041f\u0430\u0440\u0438\u0436, \u0433\u0434\u0435 \u0432\u0430\u0441 \u0432\u0441\u0442\u0440\u0435\u0447\u0430\u0435\u0442 \u043d\u0430\u0448 \u0432\u043e\u0434\u0438\u0442\u0435\u043b\u044c \u0438 \u043e\u0442\u0432\u043e\u0437\u0438\u0442 \u0432 \u0443\u044e\u0442\u043d\u044b\u0439 \u043e\u0442\u0435\u043b\u044c \u0432 \u0431\u043e\u0433\u0435\u043c\u043d\u043e\u043c 6 \u043e\u043a\u0440\u0443\u0433\u0435 \u2014\u2026","_links":{"self":[{"href":"https:\/\/agencechance.com\/fr\/wp-json\/wp\/v2\/pages\/2441","targetHints":{"allow":["GET"]}}],"collection":[{"href":"https:\/\/agencechance.com\/fr\/wp-json\/wp\/v2\/pages"}],"about":[{"href":"https:\/\/agencechance.com\/fr\/wp-json\/wp\/v2\/types\/page"}],"author":[{"embeddable":true,"href":"https:\/\/agencechance.com\/fr\/wp-json\/wp\/v2\/users\/4"}],"replies":[{"embeddable":true,"href":"https:\/\/agencechance.com\/fr\/wp-json\/wp\/v2\/comments?post=2441"}],"version-history":[{"count":0,"href":"https:\/\/agencechance.com\/fr\/wp-json\/wp\/v2\/pages\/2441\/revisions"}],"wp:attachment":[{"href":"https:\/\/agencechance.com\/fr\/wp-json\/wp\/v2\/media?parent=2441"}],"curies":[{"name":"wp","href":"https:\/\/api.w.org\/{rel}","templated":true}]}}