{"id":2444,"date":"2025-10-17T18:19:11","date_gmt":"2025-10-17T18:19:11","guid":{"rendered":"https:\/\/agencechance.com\/?page_id=2444"},"modified":"2026-01-28T11:21:45","modified_gmt":"2026-01-28T11:21:45","slug":"portfolio","status":"publish","type":"page","link":"https:\/\/agencechance.com\/fr\/portfolio\/","title":{"rendered":"Portfolio"},"content":{"rendered":"<div data-elementor-type=\"wp-page\" data-elementor-id=\"2444\" class=\"elementor elementor-2444\">\n\t\t\t\t<div class=\"elementor-element elementor-element-5f7f3228 twbb_section twbb_full_h e-flex e-con-boxed e-con e-parent\" data-id=\"5f7f3228\" data-element_type=\"container\">\n\t\t\t\t\t<div class=\"e-con-inner\">\n\t\t<div class=\"elementor-element elementor-element-76f425e9 e-con-full e-flex e-con e-child\" data-id=\"76f425e9\" data-element_type=\"container\">\n\t\t\t\t<div class=\"elementor-element elementor-element-65adbc79 elementor-widget__width-initial elementor-widget-mobile__width-inherit elementor-widget-tablet__width-initial twbb-slider-inner-position-outside twbb-speed-linear-no elementor--h-position-center elementor-widget elementor-widget-twbb_slides\" data-id=\"65adbc79\" data-element_type=\"widget\" data-settings=\"{&quot;navigation&quot;:&quot;none&quot;,&quot;space_between&quot;:{&quot;unit&quot;:&quot;px&quot;,&quot;size&quot;:0,&quot;sizes&quot;:[]},&quot;slides_per_view&quot;:&quot;3&quot;,&quot;slides_per_view_mobile&quot;:1,&quot;speed_liner&quot;:&quot;no&quot;,&quot;transition&quot;:&quot;slide&quot;,&quot;transition_speed&quot;:500,&quot;space_between_tablet&quot;:{&quot;unit&quot;:&quot;px&quot;,&quot;size&quot;:10,&quot;sizes&quot;:[]},&quot;space_between_mobile&quot;:{&quot;unit&quot;:&quot;px&quot;,&quot;size&quot;:10,&quot;sizes&quot;:[]}}\" data-widget_type=\"twbb_slides.default\">\n\t\t\t\t<div class=\"elementor-widget-container\">\n\t\t\t\t\t\t\t<div class=\"elementor-swiper\">\n\t\t\t<div class=\"twbb_slides-wrapper elementor-main-swiper swiper\" dir=\"ltr\" data-animation=\"\">\n\t\t\t\t<div class=\"swiper-wrapper twbb_slides-widget\">\n                                        <div class=\"elementor-repeater-item-effz3gho swiper-slide\"><div class=\"swiper-slide-bg\"><\/div><div class=\"elementor-background-overlay\"><\/div><div class=\"swiper-slide-inner\" ><div class=\"swiper-slide-contents\"><\/div><\/div><\/div>\t\t\t\t<\/div>\n\t\t\t\t\t\t\t<\/div>\n\t\t<\/div>\n\t\t\t\t\t\t<\/div>\n\t\t\t\t<\/div>\n\t\t\t\t<\/div>\n\t\t<div class=\"elementor-element elementor-element-725d7a31 e-flex e-con-boxed e-con e-child\" data-id=\"725d7a31\" data-element_type=\"container\" data-settings=\"{&quot;position&quot;:&quot;absolute&quot;}\">\n\t\t\t\t\t<div class=\"e-con-inner\">\n\t\t\t\t<div class=\"elementor-element elementor-element-33e1a1af elementor-widget__width-initial elementor-widget-mobile__width-inherit elementor-widget-tablet__width-initial elementor-invisible elementor-widget elementor-widget-heading\" data-id=\"33e1a1af\" data-element_type=\"widget\" data-settings=\"{&quot;_animation&quot;:&quot;fadeInUp&quot;}\" data-widget_type=\"heading.default\">\n\t\t\t\t<div class=\"elementor-widget-container\">\n\t\t\t\t\t<h1 class=\"elementor-heading-title elementor-size-default\">Les mariages d'Agence Chance<\/h1>\t\t\t\t<\/div>\n\t\t\t\t<\/div>\n\t\t\t\t<div class=\"elementor-element elementor-element-28eba399 elementor-widget__width-initial elementor-widget-mobile__width-inherit elementor-widget-tablet__width-initial elementor-invisible elementor-widget elementor-widget-text-editor\" data-id=\"28eba399\" data-element_type=\"widget\" data-settings=\"{&quot;_animation&quot;:&quot;fadeInUp&quot;}\" data-widget_type=\"text-editor.default\">\n\t\t\t\t<div class=\"elementor-widget-container\">\n\t\t\t\t\t\t\t\t\t<p>Voici quelques photos de nos clients<\/p>\t\t\t\t\t\t\t\t<\/div>\n\t\t\t\t<\/div>\n\t\t\t\t\t<\/div>\n\t\t\t\t<\/div>\n\t\t\t\t\t<\/div>\n\t\t\t\t<\/div>\n\t\t<div class=\"elementor-element elementor-element-5bd68720 twbb_section e-flex e-con-boxed e-con e-parent\" data-id=\"5bd68720\" data-element_type=\"container\">\n\t\t\t\t\t<div class=\"e-con-inner\">\n\t\t<div class=\"elementor-element elementor-element-0141b5a e-con-full e-flex e-con e-child\" data-id=\"0141b5a\" data-element_type=\"container\">\n\t\t<div class=\"elementor-element elementor-element-f135c8c e-con-full e-flex e-con e-child\" data-id=\"f135c8c\" data-element_type=\"container\">\n\t\t\t\t<div class=\"elementor-element elementor-element-93a88ac elementor-invisible elementor-widget elementor-widget-heading\" data-id=\"93a88ac\" data-element_type=\"widget\" data-settings=\"{&quot;_animation&quot;:&quot;fadeInUp&quot;}\" data-widget_type=\"heading.default\">\n\t\t\t\t<div class=\"elementor-widget-container\">\n\t\t\t\t\t<h3 class=\"elementor-heading-title elementor-size-default\">Maria et Andr\u00e9<\/h3>\t\t\t\t<\/div>\n\t\t\t\t<\/div>\n\t\t\t\t<div class=\"elementor-element elementor-element-512bbc6 elementor-invisible elementor-widget elementor-widget-text-editor\" data-id=\"512bbc6\" data-element_type=\"widget\" data-settings=\"{&quot;_animation&quot;:&quot;fadeInUp&quot;}\" data-widget_type=\"text-editor.default\">\n\t\t\t\t<div class=\"elementor-widget-container\">\n\t\t\t\t\t\t\t\t\t<p data-start=\"393\" data-end=\"616\">Ce projet d\u2019image illustre l\u2019approche d\u2019Agence Chance dans l\u2019organisation de mariages cl\u00e9 en main dans un ch\u00e2teau en France : une structure de la journ\u00e9e soigneusement pens\u00e9e, le respect des traditions de mariage fran\u00e7aises et russophone, ainsi que le confort des invit\u00e9s internationaux.<\/p><p data-start=\"618\" data-end=\"901\">Le projet refl\u00e8te la philosophie de l\u2019agence \u2014 une \u00e9l\u00e9gance sans ostentation, une coordination pr\u00e9cise et un accompagnement multilingue (FR \/ RU \/ EN). Ce format permet de visualiser l\u2019organisation d\u2019un mariage international en France avec un sc\u00e9nario personnalis\u00e9 et une attention particuli\u00e8re port\u00e9e aux d\u00e9tails.<\/p>\t\t\t\t\t\t\t\t<\/div>\n\t\t\t\t<\/div>\n\t\t\t\t<div class=\"elementor-element elementor-element-09859d9 elementor-align-left elementor-mobile-align-center elementor-widget elementor-widget-button\" data-id=\"09859d9\" data-element_type=\"widget\" data-widget_type=\"button.default\">\n\t\t\t\t<div class=\"elementor-widget-container\">\n\t\t\t\t\t\t\t\t\t<div class=\"elementor-button-wrapper\">\n\t\t\t\t\t<a class=\"elementor-button elementor-button-link elementor-size-sm\" href=\"\/fr\/maria-and-andre\/\">\n\t\t\t\t\t\t<span class=\"elementor-button-content-wrapper\">\n\t\t\t\t\t\t\t\t\t<span class=\"elementor-button-text\">Voir plus<\/span>\n\t\t\t\t\t<\/span>\n\t\t\t\t\t<\/a>\n\t\t\t\t<\/div>\n\t\t\t\t\t\t\t\t<\/div>\n\t\t\t\t<\/div>\n\t\t\t\t<\/div>\n\t\t\t\t<div class=\"elementor-element elementor-element-6605527 elementor-widget__width-initial elementor-widget-mobile__width-inherit elementor-widget-tablet__width-initial elementor-widget elementor-widget-image\" data-id=\"6605527\" data-element_type=\"widget\" data-widget_type=\"image.default\">\n\t\t\t\t<div class=\"elementor-widget-container\">\n\t\t\t\t\t\t\t\t\t\t\t\t\t\t\t<img fetchpriority=\"high\" decoding=\"async\" width=\"2556\" height=\"1704\" src=\"https:\/\/agencechance.com\/wp-content\/uploads\/2026\/01\/photo-output-5.jpeg\" class=\"attachment-full size-full wp-image-5049\" alt=\"\u0421\u0432\u0430\u0434\u044c\u0431\u0430 \u041c\u0430\u0440\u0438\u0438 \u0438 \u0410\u043d\u0434\u0440\u044d. Agence Chance\" srcset=\"https:\/\/agencechance.com\/wp-content\/uploads\/2026\/01\/photo-output-5.jpeg 2556w, https:\/\/agencechance.com\/wp-content\/uploads\/2026\/01\/photo-output-5-300x200.jpeg 300w, https:\/\/agencechance.com\/wp-content\/uploads\/2026\/01\/photo-output-5-1024x683.jpeg 1024w, https:\/\/agencechance.com\/wp-content\/uploads\/2026\/01\/photo-output-5-768x512.jpeg 768w, https:\/\/agencechance.com\/wp-content\/uploads\/2026\/01\/photo-output-5-1536x1024.jpeg 1536w, https:\/\/agencechance.com\/wp-content\/uploads\/2026\/01\/photo-output-5-2048x1365.jpeg 2048w, https:\/\/agencechance.com\/wp-content\/uploads\/2026\/01\/photo-output-5-18x12.jpeg 18w, https:\/\/agencechance.com\/wp-content\/uploads\/2026\/01\/photo-output-5-600x400.jpeg 600w\" sizes=\"(max-width: 2556px) 100vw, 2556px\" title=\"\">\t\t\t\t\t\t\t\t\t\t\t\t\t\t\t<\/div>\n\t\t\t\t<\/div>\n\t\t\t\t<\/div>\n\t\t<div class=\"elementor-element elementor-element-7081ca26 e-con-full e-flex e-con e-child\" data-id=\"7081ca26\" data-element_type=\"container\">\n\t\t\t\t<div class=\"elementor-element elementor-element-27dde43 elementor-widget__width-initial elementor-widget-mobile__width-inherit elementor-widget-tablet__width-initial elementor-widget elementor-widget-image\" data-id=\"27dde43\" data-element_type=\"widget\" data-widget_type=\"image.default\">\n\t\t\t\t<div class=\"elementor-widget-container\">\n\t\t\t\t\t\t\t\t\t\t\t\t\t\t\t<img decoding=\"async\" width=\"2560\" height=\"1707\" src=\"https:\/\/agencechance.com\/wp-content\/uploads\/2026\/01\/photo-output-6-scaled.jpeg\" class=\"attachment-full size-full wp-image-5050\" alt=\"\u041f\u043e\u0440\u0442\u0444\u043e\u043b\u0438\u043e Agence Chance. \u0416\u0430\u0441\u043c\u0438\u043d \u0438 \u0420\u0430\u043c\u0438\u043b\u044c\" srcset=\"https:\/\/agencechance.com\/wp-content\/uploads\/2026\/01\/photo-output-6-scaled.jpeg 2560w, https:\/\/agencechance.com\/wp-content\/uploads\/2026\/01\/photo-output-6-300x200.jpeg 300w, https:\/\/agencechance.com\/wp-content\/uploads\/2026\/01\/photo-output-6-1024x683.jpeg 1024w, https:\/\/agencechance.com\/wp-content\/uploads\/2026\/01\/photo-output-6-768x512.jpeg 768w, https:\/\/agencechance.com\/wp-content\/uploads\/2026\/01\/photo-output-6-1536x1024.jpeg 1536w, https:\/\/agencechance.com\/wp-content\/uploads\/2026\/01\/photo-output-6-2048x1365.jpeg 2048w, https:\/\/agencechance.com\/wp-content\/uploads\/2026\/01\/photo-output-6-18x12.jpeg 18w, https:\/\/agencechance.com\/wp-content\/uploads\/2026\/01\/photo-output-6-600x400.jpeg 600w\" sizes=\"(max-width: 2560px) 100vw, 2560px\" title=\"\">\t\t\t\t\t\t\t\t\t\t\t\t\t\t\t<\/div>\n\t\t\t\t<\/div>\n\t\t<div class=\"elementor-element elementor-element-564268c6 e-con-full e-flex e-con e-child\" data-id=\"564268c6\" data-element_type=\"container\">\n\t\t\t\t<div class=\"elementor-element elementor-element-bf671f4 elementor-invisible elementor-widget elementor-widget-heading\" data-id=\"bf671f4\" data-element_type=\"widget\" data-settings=\"{&quot;_animation&quot;:&quot;fadeInUp&quot;}\" data-widget_type=\"heading.default\">\n\t\t\t\t<div class=\"elementor-widget-container\">\n\t\t\t\t\t<h3 class=\"elementor-heading-title elementor-size-default\"> Jasmine et Ramil<\/h3>\t\t\t\t<\/div>\n\t\t\t\t<\/div>\n\t\t\t\t<div class=\"elementor-element elementor-element-912b3d2 elementor-invisible elementor-widget elementor-widget-text-editor\" data-id=\"912b3d2\" data-element_type=\"widget\" data-settings=\"{&quot;_animation&quot;:&quot;fadeInUp&quot;}\" data-widget_type=\"text-editor.default\">\n\t\t\t\t<div class=\"elementor-widget-container\">\n\t\t\t\t\t\t\t\t\t<p>Jasmine et Ramil r\u00eavaient de <strong>mariage \u00e0 th\u00e8me \u00e0 Paris<\/strong> - dans une atmosph\u00e8re de luxe et d'art <strong>des ann\u00e9es folles<\/strong>.<br \/>Nous en avons cr\u00e9\u00e9 pour eux un v\u00e9ritable <strong>Voyage dans le temps - de 2025 \u00e0 1925.<\/strong>La journ\u00e9e se d\u00e9roule en deux temps : un salon artistique dans l'esprit du Paris des Ann\u00e9es Folles et un d\u00eener dans un restaurant gastronomique.<\/p>\t\t\t\t\t\t\t\t<\/div>\n\t\t\t\t<\/div>\n\t\t\t\t<div class=\"elementor-element elementor-element-8337c9e elementor-align-left elementor-mobile-align-center elementor-widget elementor-widget-button\" data-id=\"8337c9e\" data-element_type=\"widget\" data-widget_type=\"button.default\">\n\t\t\t\t<div class=\"elementor-widget-container\">\n\t\t\t\t\t\t\t\t\t<div class=\"elementor-button-wrapper\">\n\t\t\t\t\t<a class=\"elementor-button elementor-button-link elementor-size-sm\" href=\"\/fr\/jasmine-ramil\/\">\n\t\t\t\t\t\t<span class=\"elementor-button-content-wrapper\">\n\t\t\t\t\t\t\t\t\t<span class=\"elementor-button-text\">Voir plus<\/span>\n\t\t\t\t\t<\/span>\n\t\t\t\t\t<\/a>\n\t\t\t\t<\/div>\n\t\t\t\t\t\t\t\t<\/div>\n\t\t\t\t<\/div>\n\t\t\t\t<\/div>\n\t\t\t\t<\/div>\n\t\t<div class=\"elementor-element elementor-element-5bcf7ff1 e-con-full e-flex e-con e-child\" data-id=\"5bcf7ff1\" data-element_type=\"container\">\n\t\t<div class=\"elementor-element elementor-element-c04516e e-con-full e-flex e-con e-child\" data-id=\"c04516e\" data-element_type=\"container\">\n\t\t\t\t<div class=\"elementor-element elementor-element-751546b5 elementor-invisible elementor-widget elementor-widget-heading\" data-id=\"751546b5\" data-element_type=\"widget\" data-settings=\"{&quot;_animation&quot;:&quot;fadeInUp&quot;}\" data-widget_type=\"heading.default\">\n\t\t\t\t<div class=\"elementor-widget-container\">\n\t\t\t\t\t<h3 class=\"elementor-heading-title elementor-size-default\"> Veronika et Mohammed<\/h3>\t\t\t\t<\/div>\n\t\t\t\t<\/div>\n\t\t\t\t<div class=\"elementor-element elementor-element-2c3a20de elementor-invisible elementor-widget elementor-widget-text-editor\" data-id=\"2c3a20de\" data-element_type=\"widget\" data-settings=\"{&quot;_animation&quot;:&quot;fadeInUp&quot;}\" data-widget_type=\"text-editor.default\">\n\t\t\t\t<div class=\"elementor-widget-container\">\n\t\t\t\t\t\t\t\t\t<p>Veronica et Mohammed sont \u00e9tudiants, et le principal d\u00e9fi de leur mariage \u00e9tait d'en faire un \u00e9v\u00e9nement <strong>\u00e9conomique, mais spectaculaire et m\u00e9morable<\/strong>.<br \/>Nous avons mis l'accent sur <strong>la composante visuelle<\/strong> - photos et vid\u00e9os, choix d'un <strong>Ch\u00e2teau pour la s\u00e9ance photo<\/strong>.<br \/>Pour le banquet, nous avons trouv\u00e9 une salle avec <strong>la formule compl\u00e8te \"cl\u00e9 en main\"<\/strong> - nourriture, d\u00e9cor, animation.<br \/>Chaque d\u00e9tail a \u00e9t\u00e9 pens\u00e9 pour garder <strong>une atmosph\u00e8re de f\u00eate et de style<\/strong>, tout en respectant le budget.<\/p>\t\t\t\t\t\t\t\t<\/div>\n\t\t\t\t<\/div>\n\t\t\t\t<div class=\"elementor-element elementor-element-3c4712c1 elementor-align-left elementor-mobile-align-center elementor-widget elementor-widget-button\" data-id=\"3c4712c1\" data-element_type=\"widget\" data-widget_type=\"button.default\">\n\t\t\t\t<div class=\"elementor-widget-container\">\n\t\t\t\t\t\t\t\t\t<div class=\"elementor-button-wrapper\">\n\t\t\t\t\t<a class=\"elementor-button elementor-button-link elementor-size-sm\" href=\"\/fr\/veronica-mohamed\/\">\n\t\t\t\t\t\t<span class=\"elementor-button-content-wrapper\">\n\t\t\t\t\t\t\t\t\t<span class=\"elementor-button-text\">Voir plus<\/span>\n\t\t\t\t\t<\/span>\n\t\t\t\t\t<\/a>\n\t\t\t\t<\/div>\n\t\t\t\t\t\t\t\t<\/div>\n\t\t\t\t<\/div>\n\t\t\t\t<\/div>\n\t\t\t\t<div class=\"elementor-element elementor-element-4ec1f256 elementor-widget__width-initial elementor-widget-mobile__width-inherit elementor-widget-tablet__width-initial elementor-widget elementor-widget-image\" data-id=\"4ec1f256\" data-element_type=\"widget\" data-widget_type=\"image.default\">\n\t\t\t\t<div class=\"elementor-widget-container\">\n\t\t\t\t\t\t\t\t\t\t\t\t\t\t\t<img decoding=\"async\" width=\"1200\" height=\"800\" src=\"https:\/\/agencechance.com\/wp-content\/uploads\/2025\/10\/Fichier_003.png\" class=\"attachment-full size-full wp-image-2517\" alt=\"\u041f\u043e\u0440\u0442\u0444\u043e\u043b\u0438\u043e Agence Chance\" srcset=\"https:\/\/agencechance.com\/wp-content\/uploads\/2025\/10\/Fichier_003.png 1200w, https:\/\/agencechance.com\/wp-content\/uploads\/2025\/10\/Fichier_003-300x200.png 300w, https:\/\/agencechance.com\/wp-content\/uploads\/2025\/10\/Fichier_003-1024x683.png 1024w, https:\/\/agencechance.com\/wp-content\/uploads\/2025\/10\/Fichier_003-768x512.png 768w, https:\/\/agencechance.com\/wp-content\/uploads\/2025\/10\/Fichier_003-18x12.png 18w, https:\/\/agencechance.com\/wp-content\/uploads\/2025\/10\/Fichier_003-600x400.png 600w\" sizes=\"(max-width: 1200px) 100vw, 1200px\" title=\"\">\t\t\t\t\t\t\t\t\t\t\t\t\t\t\t<\/div>\n\t\t\t\t<\/div>\n\t\t\t\t<\/div>\n\t\t\t\t<div class=\"elementor-element elementor-element-3eebe7c9 elementor-widget__width-initial elementor-widget-mobile__width-inherit elementor-widget-tablet__width-initial elementor-invisible elementor-widget elementor-widget-heading\" data-id=\"3eebe7c9\" data-element_type=\"widget\" data-settings=\"{&quot;_animation&quot;:&quot;fadeInUp&quot;}\" data-widget_type=\"heading.default\">\n\t\t\t\t<div class=\"elementor-widget-container\">\n\t\t\t\t\t<h2 class=\"elementor-heading-title elementor-size-default\"><a href=\"https:\/\/www.instagram.com\/agence.chance\/\" target=\"_blank\" rel=\"noopener\">Voir d'autres portfolios sur notre Instagram<\/a><\/h2>\t\t\t\t<\/div>\n\t\t\t\t<\/div>\n\t\t\t\t\t<\/div>\n\t\t\t\t<\/div>\n\t\t\t\t<\/div>","protected":false},"excerpt":{"rendered":"<p>\u0421\u0432\u0430\u0434\u044c\u0431\u044b Agence Chance \u0417\u0434\u0435\u0441\u044c \u043f\u0440\u0435\u0434\u0441\u0442\u0430\u0432\u043b\u0435\u043d\u044b \u043d\u0435\u043a\u043e\u0442\u043e\u0440\u044b\u0435 \u0441\u043d\u0438\u043c\u043a\u0438 \u043d\u0430\u0448\u0438\u0445 \u043a\u043b\u0438\u0435\u043d\u0442\u043e\u0432 \u041c\u0430\u0440\u0438\u044f \u0438 \u0410\u043d\u0434\u0440\u044d \u042d\u0442\u043e\u0442 \u0438\u043c\u0438\u0434\u0436\u0435\u0432\u044b\u0439 \u043f\u0440\u043e\u0435\u043a\u0442 \u0434\u0435\u043c\u043e\u043d\u0441\u0442\u0440\u0438\u0440\u0443\u0435\u0442 \u043f\u043e\u0434\u0445\u043e\u0434 Agence Chance \u043a \u043e\u0440\u0433\u0430\u043d\u0438\u0437\u0430\u0446\u0438\u0438 \u0441\u0432\u0430\u0434\u0435\u0431 \u043f\u043e\u0434 \u043a\u043b\u044e\u0447 \u0432 \u0448\u0430\u0442\u043e \u0432\u043e \u0424\u0440\u0430\u043d\u0446\u0438\u0438: \u043f\u0440\u043e\u0434\u0443\u043c\u0430\u043d\u043d\u0443\u044e \u0441\u0442\u0440\u0443\u043a\u0442\u0443\u0440\u0443 \u0434\u043d\u044f, \u0443\u0432\u0430\u0436\u0435\u043d\u0438\u0435 \u043a\u00a0 \u0444\u0440\u0430\u043d\u0446\u0443\u0437\u0441\u043a\u0438\u043c \u0438 \u0440\u0443\u0441\u0441\u043a\u043e\u044f\u0437\u044b\u0447\u043d\u044b\u043c \u0441\u0432\u0430\u0434\u0435\u0431\u043d\u044b\u043c \u0442\u0440\u0430\u0434\u0438\u0446\u0438\u044f\u043c, \u0430 \u0442\u0430\u043a\u0436\u0435 \u043a\u043e\u043c\u0444\u043e\u0440\u0442 \u0433\u043e\u0441\u0442\u0435\u0439 \u0438\u0437 \u0440\u0430\u0437\u043d\u044b\u0445 \u0441\u0442\u0440\u0430\u043d. \u041f\u0440\u043e\u0435\u043a\u0442 \u043e\u0442\u0440\u0430\u0436\u0430\u0435\u0442 \u0444\u0438\u043b\u043e\u0441\u043e\u0444\u0438\u044e \u0430\u0433\u0435\u043d\u0442\u0441\u0442\u0432\u0430 \u2014 \u044d\u043b\u0435\u0433\u0430\u043d\u0442\u043d\u043e\u0441\u0442\u044c \u0431\u0435\u0437 \u043f\u043e\u043a\u0430\u0437\u043d\u043e\u0439 \u0440\u043e\u0441\u043a\u043e\u0448\u0438, \u0447\u0451\u0442\u043a\u0443\u044e [&hellip;]<\/p>\n","protected":false},"author":4,"featured_media":0,"parent":0,"menu_order":0,"comment_status":"closed","ping_status":"closed","template":"","meta":{"footnotes":""},"class_list":["post-2444","page","type-page","status-publish","hentry"],"rttpg_featured_image_url":null,"rttpg_author":{"display_name":"tulumbasov.denis00@mail.ru","author_link":"https:\/\/agencechance.com\/fr\/blog\/author\/tulumbasov-denis00mail-ru\/"},"rttpg_comment":0,"rttpg_category":null,"rttpg_excerpt":"\u0421\u0432\u0430\u0434\u044c\u0431\u044b Agence Chance \u0417\u0434\u0435\u0441\u044c \u043f\u0440\u0435\u0434\u0441\u0442\u0430\u0432\u043b\u0435\u043d\u044b \u043d\u0435\u043a\u043e\u0442\u043e\u0440\u044b\u0435 \u0441\u043d\u0438\u043c\u043a\u0438 \u043d\u0430\u0448\u0438\u0445 \u043a\u043b\u0438\u0435\u043d\u0442\u043e\u0432 \u041c\u0430\u0440\u0438\u044f \u0438 \u0410\u043d\u0434\u0440\u044d \u042d\u0442\u043e\u0442 \u0438\u043c\u0438\u0434\u0436\u0435\u0432\u044b\u0439 \u043f\u0440\u043e\u0435\u043a\u0442 \u0434\u0435\u043c\u043e\u043d\u0441\u0442\u0440\u0438\u0440\u0443\u0435\u0442 \u043f\u043e\u0434\u0445\u043e\u0434 Agence Chance \u043a \u043e\u0440\u0433\u0430\u043d\u0438\u0437\u0430\u0446\u0438\u0438 \u0441\u0432\u0430\u0434\u0435\u0431 \u043f\u043e\u0434 \u043a\u043b\u044e\u0447 \u0432 \u0448\u0430\u0442\u043e \u0432\u043e \u0424\u0440\u0430\u043d\u0446\u0438\u0438: \u043f\u0440\u043e\u0434\u0443\u043c\u0430\u043d\u043d\u0443\u044e \u0441\u0442\u0440\u0443\u043a\u0442\u0443\u0440\u0443 \u0434\u043d\u044f, \u0443\u0432\u0430\u0436\u0435\u043d\u0438\u0435 \u043a\u00a0 \u0444\u0440\u0430\u043d\u0446\u0443\u0437\u0441\u043a\u0438\u043c \u0438 \u0440\u0443\u0441\u0441\u043a\u043e\u044f\u0437\u044b\u0447\u043d\u044b\u043c \u0441\u0432\u0430\u0434\u0435\u0431\u043d\u044b\u043c \u0442\u0440\u0430\u0434\u0438\u0446\u0438\u044f\u043c, \u0430 \u0442\u0430\u043a\u0436\u0435 \u043a\u043e\u043c\u0444\u043e\u0440\u0442 \u0433\u043e\u0441\u0442\u0435\u0439 \u0438\u0437 \u0440\u0430\u0437\u043d\u044b\u0445 \u0441\u0442\u0440\u0430\u043d. \u041f\u0440\u043e\u0435\u043a\u0442 \u043e\u0442\u0440\u0430\u0436\u0430\u0435\u0442 \u0444\u0438\u043b\u043e\u0441\u043e\u0444\u0438\u044e \u0430\u0433\u0435\u043d\u0442\u0441\u0442\u0432\u0430 \u2014 \u044d\u043b\u0435\u0433\u0430\u043d\u0442\u043d\u043e\u0441\u0442\u044c \u0431\u0435\u0437 \u043f\u043e\u043a\u0430\u0437\u043d\u043e\u0439 \u0440\u043e\u0441\u043a\u043e\u0448\u0438, \u0447\u0451\u0442\u043a\u0443\u044e\u2026","_links":{"self":[{"href":"https:\/\/agencechance.com\/fr\/wp-json\/wp\/v2\/pages\/2444","targetHints":{"allow":["GET"]}}],"collection":[{"href":"https:\/\/agencechance.com\/fr\/wp-json\/wp\/v2\/pages"}],"about":[{"href":"https:\/\/agencechance.com\/fr\/wp-json\/wp\/v2\/types\/page"}],"author":[{"embeddable":true,"href":"https:\/\/agencechance.com\/fr\/wp-json\/wp\/v2\/users\/4"}],"replies":[{"embeddable":true,"href":"https:\/\/agencechance.com\/fr\/wp-json\/wp\/v2\/comments?post=2444"}],"version-history":[{"count":0,"href":"https:\/\/agencechance.com\/fr\/wp-json\/wp\/v2\/pages\/2444\/revisions"}],"wp:attachment":[{"href":"https:\/\/agencechance.com\/fr\/wp-json\/wp\/v2\/media?parent=2444"}],"curies":[{"name":"wp","href":"https:\/\/api.w.org\/{rel}","templated":true}]}}